{"id":986,"date":"2017-11-27T09:39:33","date_gmt":"2017-11-27T09:39:33","guid":{"rendered":"http:\/\/ae.polj.uns.ac.rs\/?page_id=986"},"modified":"2026-03-05T10:25:28","modified_gmt":"2026-03-05T10:25:28","slug":"desavanja","status":"publish","type":"page","link":"http:\/\/ae.polj.uns.ac.rs\/index.php\/desavanja\/","title":{"rendered":"Novosti"},"content":{"rendered":"<h5><a href=\"http:\/\/polj.uns.ac.rs\/sr\/node\/4524\">KONKURS ZA PRIMENLJIVE STUDENTSKE PROJEKTE &#8220;AGROSTART 2026&#8221;<\/a><\/h5>\n<h5><a href=\"http:\/\/ae.polj.uns.ac.rs\/wp-content\/uploads\/2025\/11\/Pozivnica-za-skup-2025.pdf\">Pozivnica za NAU\u010cNO-STRU\u010cNI SKUP UNIVERZITET I PRIVREDA 2025<\/a><\/h5>\n<h5><a href=\"http:\/\/ae.polj.uns.ac.rs\/wp-content\/uploads\/2024\/12\/\u0423\u041d\u0418\u0412\u0415\u0420\u0417\u0418\u0422\u0415\u0422-\u0418-\u041f\u0420\u0418\u0412\u0420\u0415\u0414\u0410.pdf\">Okrugli sto UNIVERZITET I PRIVREDA 2024<\/a><\/h5>\n<h5><a href=\"http:\/\/ae.polj.uns.ac.rs\/wp-content\/uploads\/2024\/12\/procena-polj.z-pravo-sluzbenosti.pdf\">Odr\u017ean skup pod nazivom Procena poljoprivrednog zemlji\u0161ta na kojem je ustanovljeno pravo slu\u017ebenosti<\/a><\/h5>\n<h5><a href=\"http:\/\/ae.polj.uns.ac.rs\/wp-content\/uploads\/2024\/11\/Edukativni-seminar-Analiza-FADN-podataka-u-funkciji-unapredenja-ekonomskih-aktivnosti-PG.pdf\">Edukativni seminar &#8211; Analiza FADN podataka u funkciji unapre\u0111enja ekonomskih aktivnosti PG<\/a><\/h5>\n<h5><a href=\"http:\/\/ae.polj.uns.ac.rs\/wp-content\/uploads\/2024\/11\/Osetljivost-prinosne-vrednosti-poljoprivrednog-zemljista.pdf\">Odr\u017ean skup pod nazivom Osetljivost prinosne vrednosti poljoprivrednog zemlji\u0161ta<\/a><\/h5>\n<h5><a href=\"http:\/\/ae.polj.uns.ac.rs\/wp-content\/uploads\/2024\/11\/\u041d\u0410\u0426\u0418\u041e\u041d\u0410\u041b\u041d\u0418-\u0421\u0422\u0410\u041d\u0414\u0410\u0420\u0414\u0418-\u0417\u0410-\u041f\u0420\u041e\u0426\u0415\u041d\u0423-\u041d\u0415\u041f\u041e\u041a\u0420\u0415\u0422\u041d\u041e\u0421\u0422\u0418.pdf\">Odr\u017eana radionica pod nazivom Nacionalni strandardi za procenu nepokretnosti<\/a><\/h5>\n<h5><a href=\"http:\/\/ae.polj.uns.ac.rs\/wp-content\/uploads\/2017\/11\/Odr\u017ean-intervju-za-zapo\u0161ljavanje-na-Departmanu-AE-Agro-Solutions-Group.pdf\">Odr\u017ean intervju za zapo\u0161ljavanje na Departmanu AE &#8211; Agro Solutions Group<\/a><\/h5>\n<h5><a href=\"http:\/\/ae.polj.uns.ac.rs\/wp-content\/uploads\/2017\/11\/Konkurs-za-zapo\u0161ljavanje-Agro-Solutions-Group-DOO.pdf\">Konkurs za zapo\u0161ljavanje Agro Solutions Group DOO<\/a><\/h5>\n<h5><a href=\"http:\/\/ae.polj.uns.ac.rs\/wp-content\/uploads\/2017\/11\/Edukativni-seminar-Zna\u010daj-analize-profitabilnosti-PG.pdf\">Edukativni seminar &#8211; Zna\u010daj analize profitabilnosti PG<\/a><\/h5>\n<h5><a href=\"http:\/\/ae.polj.uns.ac.rs\/wp-content\/uploads\/2017\/11\/Poziv-na-Okrugli-sto-Departmana-AE-petak-24.-novembar-2023..pdf\">Poziv na Okrugli sto Departmana AE &#8211; petak 24. novembar 2023.<\/a><\/h5>\n<h5><a href=\"http:\/\/ae.polj.uns.ac.rs\/wp-content\/uploads\/2018\/01\/Konkurs-za-zapo\u0161ljavanje-RWA.pdf\">Konkurs za zapo\u0161ljavanje RWA<\/a><\/h5>\n<h5><a href=\"http:\/\/ae.polj.uns.ac.rs\/wp-content\/uploads\/2017\/11\/Konkurs-za-zapo\u0161ljavanje-3Bank.pdf\">Konkurs za zapo\u0161ljavanje 3Bank<\/a><\/h5>\n<h5><a href=\"http:\/\/ae.polj.uns.ac.rs\/wp-content\/uploads\/2017\/11\/Konkurs-za-zaposljavanje-NLB-Komercijalna-Banka.pdf\">Konkurs za zaposljavanje NLB Komercijalna Banka<\/a><\/h5>\n<h5><a href=\"http:\/\/ae.polj.uns.ac.rs\/wp-content\/uploads\/2017\/11\/Obave\u0161tenje-razgovor-za-posao-ProCredit-Banka.pdf\">Obave\u0161tenje razgovor za posao ProCredit Banka<\/a><\/h5>\n<h5><a href=\"http:\/\/ae.polj.uns.ac.rs\/wp-content\/uploads\/2017\/11\/Konkurs-za-zaposljavanje-ProCredit-Banka.pdf\">Konkurs za zaposljavanje ProCredit Banka<\/a><\/h5>\n<h5><a href=\"http:\/\/ae.polj.uns.ac.rs\/wp-content\/uploads\/2017\/11\/Obave\u0161tenje-razgovori-za-posao-sa-AgroSolutions-Group.pdf\">Obave\u0161tenje- razgovori za posao sa AgroSolutions Group<\/a><\/h5>\n<h5><a href=\"http:\/\/ae.polj.uns.ac.rs\/wp-content\/uploads\/2017\/11\/Konkurs-za-zapo\u0161ljavanje-Agro-Solutions-Doo.pdf\">Konkurs za zapo\u0161ljavanje Agro Solutions Doo<\/a><\/h5>\n<h5><a href=\"http:\/\/ae.polj.uns.ac.rs\/wp-content\/uploads\/2017\/11\/Edukativni-seminar-Obra\u010dun-i-analiza-ekonomskih-rezultata-poslovanja.pdf\">Edukativni seminar &#8211; Obra\u010dun i analiza ekonomskih rezultata\u00a0<\/a><\/h5>\n<h5><a href=\"http:\/\/ae.polj.uns.ac.rs\/wp-content\/uploads\/2017\/11\/Poziv-na-proslavu-jubileja-Departmana-AE.pdf\">Poziv na proslavu jubileja Departmana AE 2022<\/a><\/h5>\n<h5><a href=\"http:\/\/ae.polj.uns.ac.rs\/wp-content\/uploads\/2017\/11\/KONKURS-ZA-ZAPO\u0160LJAVANJE-ELIXIR-AGRAR.pdf\">KONKURS ZA ZAPO\u0160LJAVANJE &#8211; ELIXIR AGRAR<\/a><\/h5>\n<h5><a href=\"http:\/\/ae.polj.uns.ac.rs\/wp-content\/uploads\/2017\/11\/KONKURS-ZA-ZAPO\u0160LJAVANJE-ULJARICE-BA\u010cKA.pdf\">KONKURS ZA ZAPO\u0160LJAVANJE &#8211; ULJARICE BA\u010cKA<\/a><\/h5>\n<h5><a href=\"http:\/\/ae.polj.uns.ac.rs\/wp-content\/uploads\/2017\/11\/Poziv-na-predavanje-prof.-dr-Tihane-Sudari\u0107.pdf\">Poziv na predavanje prof. dr Tihane Sudari\u0107<\/a><\/h5>\n<h5><a href=\"http:\/\/ae.polj.uns.ac.rs\/wp-content\/uploads\/2017\/09\/Konkurs-za-zapo\u0161ljavanje-studenata-Poljoprivrednog-fakulteta.pdf\">KONKURS ZA ZAPO\u0160LJAVANJE &#8211; OPPORTUNITY BANK<\/a><\/h5>\n<h5><a href=\"http:\/\/polj.uns.ac.rs\/sites\/default\/files\/upload\/MOS_Dopis.pdf\">KONKURS FONDA ZA MLADE TALENTE REPUBLIKE SRBIJE<\/a><\/h5>\n<h5><a href=\"http:\/\/ae.polj.uns.ac.rs\/wp-content\/uploads\/2017\/11\/Edukativni-seminar-RA\u010cUNOVODSTVO-1.pdf\">Edukativni seminar &#8211; RA\u010cUNOVODSTVO<\/a><\/h5>\n<h5><a href=\"http:\/\/ae.polj.uns.ac.rs\/wp-content\/uploads\/2017\/11\/Agro-Business-Competition.pdf\">Agro Business Competition<\/a><\/h5>\n<h5><a href=\"http:\/\/ae.polj.uns.ac.rs\/index.php\/poziv-na-okrugli-sto-departmana-ae-petak-6-decembar-2019\/\">Poziv na Okrugli sto Departmana AE &#8211; petak 6. decembar 2019.<\/a><\/h5>\n<h5><a href=\"http:\/\/www.fon.bg.ac.rs\/downloads\/2019\/10\/SAP-ACADEMY-conditions.pdf\">SAP obuka &#8211; poziv studentima za u\u010de\u0161\u0107e<\/a><\/h5>\n<h5><a href=\"http:\/\/ae.polj.uns.ac.rs\/wp-content\/uploads\/2017\/11\/Poziv-F.pdf\">\u041f\u043e\u0437\u0438\u0432\u00a0\u0437\u0430\u00a0\u0443\u0447\u0435\u0448\u045b\u0435\u00a0\u043d\u0430\u00a0\u0440\u0430\u0434\u0438\u043e\u043d\u0438\u0446\u0438\u00a0 \u201e\u0418\u0422\u00a0\u0441\u0438\u0433\u0443\u0440\u043d\u043e\u0441\u0442\u00a0\u0437\u0430\u00a0\u043c\u043b\u0430\u0434\u0435\u201c\u00a0 <\/a><\/h5>\n<h5><a href=\"http:\/\/ae.polj.uns.ac.rs\/wp-content\/uploads\/2017\/09\/BoS_PR-Poster.pdf\">BEST OF SOUTH-EAST SCHOLARSHIP &#8211; CALL OPEN FOR ACADEMIC YEAR 2020\/2021<\/a><\/h5>\n<h5><a href=\"http:\/\/ae.polj.uns.ac.rs\/wp-content\/uploads\/2017\/11\/Internacionalno-studentsko-takmi\u010denje-1.pdf\">Internacionalno studentsko takmi\u010denje<\/a><\/h5>\n<h5><\/h5>\n","protected":false},"excerpt":{"rendered":"<p>KONKURS ZA PRIMENLJIVE STUDENTSKE PROJEKTE &#8220;AGROSTART 2026&#8221; Pozivnica za NAU\u010cNO-STRU\u010cNI SKUP UNIVERZITET I PRIVREDA 2025 Okrugli sto UNIVERZITET I PRIVREDA 2024 Odr\u017ean skup pod nazivom Procena poljoprivrednog zemlji\u0161ta na kojem je ustanovljeno pravo slu\u017ebenosti Edukativni seminar &#8211; Analiza FADN podataka u funkciji unapre\u0111enja ekonomskih aktivnosti PG Odr\u017ean skup pod nazivom Osetljivost prinosne vrednosti poljoprivrednog zemlji\u0161ta Odr\u017eana radionica pod nazivom Nacionalni strandardi za procenu nepokretnosti Odr\u017ean intervju za zapo\u0161ljavanje na Departmanu AE &#8211; Agro Solutions Group Konkurs za zapo\u0161ljavanje Agro Solutions&hellip;<\/p>\n","protected":false},"author":1,"featured_media":0,"parent":0,"menu_order":0,"comment_status":"closed","ping_status":"closed","template":"","meta":{"footnotes":""},"class_list":["post-986","page","type-page","status-publish","hentry"],"_links":{"self":[{"href":"http:\/\/ae.polj.uns.ac.rs\/index.php\/wp-json\/wp\/v2\/pages\/986","targetHints":{"allow":["GET"]}}],"collection":[{"href":"http:\/\/ae.polj.uns.ac.rs\/index.php\/wp-json\/wp\/v2\/pages"}],"about":[{"href":"http:\/\/ae.polj.uns.ac.rs\/index.php\/wp-json\/wp\/v2\/types\/page"}],"author":[{"embeddable":true,"href":"http:\/\/ae.polj.uns.ac.rs\/index.php\/wp-json\/wp\/v2\/users\/1"}],"replies":[{"embeddable":true,"href":"http:\/\/ae.polj.uns.ac.rs\/index.php\/wp-json\/wp\/v2\/comments?post=986"}],"version-history":[{"count":99,"href":"http:\/\/ae.polj.uns.ac.rs\/index.php\/wp-json\/wp\/v2\/pages\/986\/revisions"}],"predecessor-version":[{"id":13076,"href":"http:\/\/ae.polj.uns.ac.rs\/index.php\/wp-json\/wp\/v2\/pages\/986\/revisions\/13076"}],"wp:attachment":[{"href":"http:\/\/ae.polj.uns.ac.rs\/index.php\/wp-json\/wp\/v2\/media?parent=986"}],"curies":[{"name":"wp","href":"https:\/\/api.w.org\/{rel}","templated":true}]}}