{"id":906,"date":"2017-11-23T15:37:45","date_gmt":"2017-11-23T15:37:45","guid":{"rendered":"http:\/\/ae.polj.uns.ac.rs\/?page_id=906"},"modified":"2018-10-12T11:56:21","modified_gmt":"2018-10-12T11:56:21","slug":"savremeni-trendovi-na-trzistu-vina","status":"publish","type":"page","link":"http:\/\/ae.polj.uns.ac.rs\/index.php\/savremeni-trendovi-na-trzistu-vina\/","title":{"rendered":"Savremeni trendovi na tr\u017ei\u0161tu vina"},"content":{"rendered":"<h3><span style=\"color: #333399;\">Prezentacije sa skupa Savremeni trendovi na tr\u017ei\u0161tu vina<\/span><\/h3>\n<p><a href=\"http:\/\/ae.polj.uns.ac.rs\/wp-content\/uploads\/2017\/11\/Savremeni-trendovi-na-me\u0111unarodnom-tr\u017ei\u0161tu-vina.pdf\">Savremeni trendovi na me\u0111unarodnom tr\u017ei\u0161tu vina<\/a><\/p>\n<p><a href=\"http:\/\/ae.polj.uns.ac.rs\/wp-content\/uploads\/2017\/11\/Tr\u017ei\u0161te-vina-i-mogu\u0107nosti-pove\u0107anja-izvoza-iz-Republike-Srbije.pdf\">Tr\u017ei\u0161te vina i mogu\u0107nosti pove\u0107anja izvoza iz Republike Srbije<\/a><\/p>\n<p><a href=\"http:\/\/ae.polj.uns.ac.rs\/wp-content\/uploads\/2017\/11\/Zna\u010daj-povezivanja-proizvodnje-vina-i-vinskog-turizma.pdf\">Zna\u010daj povezivanja proizvodnje vina i vinskog turizma<\/a><\/p>\n<p><a href=\"http:\/\/ae.polj.uns.ac.rs\/wp-content\/uploads\/2017\/11\/Tr\u017ei\u0161te-vina-u-Republici-Makedoniji-stanje-i-tendencije.pdf\">Tr\u017ei\u0161te vina u Republici Makedoniji &#8211; Stanje i tendencije<\/a><\/p>\n<p><a href=\"http:\/\/ae.polj.uns.ac.rs\/wp-content\/uploads\/2017\/11\/Tr\u017ei\u0161te-vina-i-mogu\u0107nosti-pove\u0107anja-izvoza-iz-Republike-Srbije.pdf\">Tr\u017ei\u0161te vina i mogu\u0107nosti pove\u0107anja izvoza iz Republike Srbije<\/a><\/p>\n<p><a href=\"http:\/\/ae.polj.uns.ac.rs\/wp-content\/uploads\/2017\/11\/Preferencije-potro\u0161a\u010da-u-potro\u0161nji-i-kupovini-vina-u-AP-Vojvodini.pdf\">Preferencije potro\u0161a\u010da u potro\u0161nji i kupovini vina u AP Vojvodini<\/a><\/p>\n<p><a href=\"http:\/\/ae.polj.uns.ac.rs\/wp-content\/uploads\/2017\/11\/Savremeni-trendovi-na-tr\u017ei\u0161tu-vina.pdf\">Savremeni trendovi na tr\u017ei\u0161tu vina monografija<\/a><\/p>\n<h4><a href=\"http:\/\/ae.polj.uns.ac.rs\/index.php\/galerija-slika-savremeni-trendovi-na-trzistu-vina\/\">Galerija slika sa skupa Savremeni trendovi na tr\u017ei\u0161tu vina<\/a><\/h4>\n<p>&nbsp;<\/p>\n<p><img loading=\"lazy\" decoding=\"async\" class=\"aligncenter size-medium wp-image-937\" src=\"http:\/\/ae.polj.uns.ac.rs\/wp-content\/uploads\/2017\/11\/IMG_7922-300x200.jpg\" alt=\"\" width=\"300\" height=\"200\" srcset=\"http:\/\/ae.polj.uns.ac.rs\/wp-content\/uploads\/2017\/11\/IMG_7922-300x200.jpg 300w, http:\/\/ae.polj.uns.ac.rs\/wp-content\/uploads\/2017\/11\/IMG_7922-768x512.jpg 768w, http:\/\/ae.polj.uns.ac.rs\/wp-content\/uploads\/2017\/11\/IMG_7922-1024x683.jpg 1024w, http:\/\/ae.polj.uns.ac.rs\/wp-content\/uploads\/2017\/11\/IMG_7922-600x400.jpg 600w\" sizes=\"auto, (max-width: 300px) 100vw, 300px\" \/><\/p>\n<p>&nbsp;<\/p>\n","protected":false},"excerpt":{"rendered":"<p>Prezentacije sa skupa Savremeni trendovi na tr\u017ei\u0161tu vina Savremeni trendovi na me\u0111unarodnom tr\u017ei\u0161tu vina Tr\u017ei\u0161te vina i mogu\u0107nosti pove\u0107anja izvoza iz Republike Srbije Zna\u010daj povezivanja proizvodnje vina i vinskog turizma Tr\u017ei\u0161te vina u Republici Makedoniji &#8211; Stanje i tendencije Tr\u017ei\u0161te vina i mogu\u0107nosti pove\u0107anja izvoza iz Republike Srbije Preferencije potro\u0161a\u010da u potro\u0161nji i kupovini vina u AP Vojvodini Savremeni trendovi na tr\u017ei\u0161tu vina monografija Galerija slika sa skupa Savremeni trendovi na tr\u017ei\u0161tu vina &nbsp; &nbsp;<\/p>\n","protected":false},"author":1,"featured_media":0,"parent":0,"menu_order":0,"comment_status":"closed","ping_status":"closed","template":"","meta":{"footnotes":""},"class_list":["post-906","page","type-page","status-publish","hentry"],"_links":{"self":[{"href":"http:\/\/ae.polj.uns.ac.rs\/index.php\/wp-json\/wp\/v2\/pages\/906","targetHints":{"allow":["GET"]}}],"collection":[{"href":"http:\/\/ae.polj.uns.ac.rs\/index.php\/wp-json\/wp\/v2\/pages"}],"about":[{"href":"http:\/\/ae.polj.uns.ac.rs\/index.php\/wp-json\/wp\/v2\/types\/page"}],"author":[{"embeddable":true,"href":"http:\/\/ae.polj.uns.ac.rs\/index.php\/wp-json\/wp\/v2\/users\/1"}],"replies":[{"embeddable":true,"href":"http:\/\/ae.polj.uns.ac.rs\/index.php\/wp-json\/wp\/v2\/comments?post=906"}],"version-history":[{"count":10,"href":"http:\/\/ae.polj.uns.ac.rs\/index.php\/wp-json\/wp\/v2\/pages\/906\/revisions"}],"predecessor-version":[{"id":1682,"href":"http:\/\/ae.polj.uns.ac.rs\/index.php\/wp-json\/wp\/v2\/pages\/906\/revisions\/1682"}],"wp:attachment":[{"href":"http:\/\/ae.polj.uns.ac.rs\/index.php\/wp-json\/wp\/v2\/media?parent=906"}],"curies":[{"name":"wp","href":"https:\/\/api.w.org\/{rel}","templated":true}]}}