{"id":851,"date":"2017-11-20T10:05:13","date_gmt":"2017-11-20T10:05:13","guid":{"rendered":"http:\/\/ae.polj.uns.ac.rs\/?page_id=851"},"modified":"2026-02-20T17:17:52","modified_gmt":"2026-02-20T17:17:52","slug":"rezultati-msc-danica-glavas-trbic","status":"publish","type":"page","link":"http:\/\/ae.polj.uns.ac.rs\/index.php\/rezultati-msc-danica-glavas-trbic\/","title":{"rendered":"Rezultati dr Danica Glava\u0161 &#8211; Trbi\u0107"},"content":{"rendered":"\n<p><a href=\"http:\/\/ae.polj.uns.ac.rs\/wp-content\/uploads\/2026\/02\/REZULTATI-ISPITA-ODRZANOG-20022026-1.pdf\">REZULTATI-ISPITA-ODRZANOG-20022026<\/a><\/p>\n\n\n\n<p><a href=\"http:\/\/ae.polj.uns.ac.rs\/wp-content\/uploads\/2026\/02\/Osnove-ekonomije-sa-agrarnom-politikom-PT-i-UV-2025-2026-konacne-ocene.pdf\">Osnove ekonomije sa agrarnom politikom &#8211; PT i UV 2025 2026 kona\u010dne ocene<\/a><\/p>\n\n\n\n\n\n<p><a href=\"http:\/\/ae.polj.uns.ac.rs\/wp-content\/uploads\/2026\/02\/Osnove-ekonomije-sa-agrarnom-politikom-Vocarstvo-vinogradarstvo-hortikultura-2025-2026-konacne-ocene.pdf\">Osnove ekonomije sa agrarnom politikom &#8211; Vo\u0107arstvo, vinogradarstvo, hortikultura 2025 2026 kona\u010dne ocene<\/a><\/p>\n\n\n\n<p><a href=\"http:\/\/ae.polj.uns.ac.rs\/wp-content\/uploads\/2026\/02\/Osnove-ekonomije-sa-agrarnom-politikom-Ratarstvo-i-Povrtarstvo-2025-2026-konacne-ocene.pdf\">Osnove ekonomije sa agrarnom politikom &#8211; Ratarstvo i Povrtarstvo 2025 2026 kona\u010dne ocene<\/a><\/p>\n\n\n\n<p><a href=\"http:\/\/ae.polj.uns.ac.rs\/wp-content\/uploads\/2026\/02\/Osnove-ekonomije-sa-agrarnom-politikom-Animalna-proizvodnja-2025-2026-konacne-ocene.pdf\">Osnove ekonomije sa agrarnom politikom &#8211; Animalna proizvodnja 2025 2026 kona\u010dne ocene<\/a><\/p>\n\n\n\n<p><a href=\"http:\/\/ae.polj.uns.ac.rs\/wp-content\/uploads\/2026\/02\/Osnove-ekonomije-sa-agrarnom-politikom-Fitomedicina-2025-2026-konacne-ocene-1.pdf\">Osnove ekonomije sa agrarnom politikom &#8211; Fitomedicina 2025 2026 kona\u010dne ocene<\/a><\/p>\n\n\n\n<p><a href=\"http:\/\/ae.polj.uns.ac.rs\/wp-content\/uploads\/2026\/02\/Mikroekonomija-2025-2026-rezultati-finalno.pdf\">Mikroekonomija 2025 2026 rezultati finalno<\/a><\/p>\n\n\n\n<p><a href=\"http:\/\/ae.polj.uns.ac.rs\/wp-content\/uploads\/2026\/02\/Trziste-agroindustrijskih-proizvoda-AE-2025_2026-konacne-ocene-SAJT.pdf\">Tr\u017ei\u0161te agroindustrijskih proizvoda &#8211; smer Agroekonomija 2025_2026 kona\u010dne ocene <\/a><\/p>\n\n\n\n<p><a href=\"http:\/\/ae.polj.uns.ac.rs\/wp-content\/uploads\/2026\/02\/Trziste-i-makreting-VVH-2025-2026-konacne-ocene.pdf\">Tr\u017ei\u0161te i makreting &#8211; smer VVH 2025 2026 kona\u010dne ocene<\/a><\/p>\n\n\n\n<p><\/p>\n\n\n\n<p><a href=\"http:\/\/ae.polj.uns.ac.rs\/wp-content\/uploads\/2026\/02\/Ekonomika-i-menadzment-u-veterinarskoj-medicini-skolska-2025-2026-KONACNE-OCENE.pdf\">Ekonomika i menad\u017ement u veterinarskoj medicini, \u0161kolska 2025 2026, KONA\u010cNE OCENE<\/a><\/p>\n\n\n\n<p><\/p>\n\n\n\n<p><a href=\"http:\/\/ae.polj.uns.ac.rs\/wp-content\/uploads\/2026\/01\/Osnove-ekonomije-sa-agrarnom-politikom-Test-2-rezultati-PT-i-UV-2025-2026.pdf\">Osnove ekonomije sa agrarnom politikom &#8211; Test 2 rezultati &#8211; PT i UV 2025 2026<\/a><\/p>\n\n\n\n<p><a href=\"http:\/\/ae.polj.uns.ac.rs\/wp-content\/uploads\/2026\/01\/Osnove-ekonomije-sa-agrarnom-politikom-Test-2-rezultati-Fitomedicina-2025-2026-1.pdf\">Osnove ekonomije sa agrarnom politikom &#8211; Test 2 rezultati &#8211; Fitomedicina 2025 2026<\/a><\/p>\n\n\n\n<p><a href=\"http:\/\/ae.polj.uns.ac.rs\/wp-content\/uploads\/2026\/01\/Osnove-ekonomije-sa-agrarnom-politikom-Test-2-rezultati-VVH-2025-2026.pdf\">Osnove ekonomije sa agrarnom politikom &#8211; Test 2 rezultati &#8211; VVH 2025 2026<\/a><\/p>\n\n\n\n<p><a href=\"http:\/\/ae.polj.uns.ac.rs\/wp-content\/uploads\/2026\/01\/Osnove-ekonomije-sa-agrarnom-politikom-Test-2-rezultati-Ratarstvo-i-povrtarstvo-2025-2026.pdf\">Osnove ekonomije sa agrarnom politikom &#8211; Test 2 rezultati &#8211; Ratarstvo i povrtarstvo 2025 2026<\/a><\/p>\n\n\n\n<p><a href=\"http:\/\/ae.polj.uns.ac.rs\/wp-content\/uploads\/2026\/01\/Osnove-ekonomije-sa-agrarnom-politikom-Test-2-rezultati-Animalna-proizvodnja-2025-2026-6.pdf\">Osnove ekonomije sa agrarnom politikom &#8211; Test 2 rezultati &#8211; Animalna proizvodnja 2025 2026<\/a><\/p>\n\n\n<p><a href=\"http:\/\/ae.polj.uns.ac.rs\/wp-content\/uploads\/2024\/12\/Test-2-rezultati-Fitomedicina-2024-2025.pdf\">Osnove ekonomije sa agrarnom politikom Test 2 rezultati Fitomedicina 2024 2025<\/a><\/p>\n<p><a href=\"http:\/\/ae.polj.uns.ac.rs\/wp-content\/uploads\/2024\/12\/PT-I-UV-Ocene-2024-2025-rezultati-drugi-test.pdf\">Osnove ekonomije sa agrarnom politikom Test 2 rezultati PT I UV Ocene 2024 2025<\/a><\/p>\n<p><a href=\"http:\/\/ae.polj.uns.ac.rs\/wp-content\/uploads\/2024\/11\/Test-2-rezultati-Animalna-proizvodnja-2024-2025.pdf\">Osnove ekonomije sa agrarnom politikom Test 2 rezultati &#8211; Animalna proizvodnja 2024 2025<\/a><\/p>\n<p><a href=\"http:\/\/ae.polj.uns.ac.rs\/wp-content\/uploads\/2024\/11\/Test-2-rezultati-Ratarstvo-i-Povrtarstvo-2024-2025.pdf\">Osnove ekonomije sa agrarnom politikom Test 2 rezultati &#8211; Ratarstvo i Povrtarstvo 2024 2025<\/a><\/p>\n<p><a href=\"http:\/\/ae.polj.uns.ac.rs\/wp-content\/uploads\/2024\/11\/Test-2-rezultati-VVH-2024-2025.pdf\">Osnove ekonomije sa agrarnom politikom Test 2 rezultati &#8211; VVH 2024 2025<\/a><\/p>\n<p><a href=\"http:\/\/ae.polj.uns.ac.rs\/wp-content\/uploads\/2024\/11\/Test-2-rezultati-Organska-poljoprivreda-2024-2025-1.pdf\">Osnove ekonomije sa agrarnom politikom Test 2 rezultati &#8211; Organska poljoprivreda 2024 2025<\/a><\/p>\n<p><a href=\"http:\/\/ae.polj.uns.ac.rs\/wp-content\/uploads\/2017\/11\/MAKROEKONOMIJA-2023-2024-kona\u010dne-ocene-1.pdf\">MAKROEKONOMIJA 2023 2024 kona\u010dne ocene<\/a><\/p>\n<p><a href=\"http:\/\/ae.polj.uns.ac.rs\/wp-content\/uploads\/2017\/08\/Obave\u0161tenje-UPIS-OCENA.pdf\">Obave\u0161tenje UPIS OCENA<\/a><\/p>\n<p><a href=\"http:\/\/ae.polj.uns.ac.rs\/wp-content\/uploads\/2018\/10\/OCENE-DELA-ISPITA-AGRARNA-POLITIKA_JANUARSKI-ROK-1.pdf\">OCENE DELA ISPITA AGRARNA POLITIKA_JANUARSKI ROK<\/a><\/p>\n<p><a href=\"http:\/\/ae.polj.uns.ac.rs\/wp-content\/uploads\/2018\/10\/UPIS-OCENA-januar-2024.pdf\">UPIS OCENA januar 2024<\/a><\/p>\n<p><a href=\"http:\/\/ae.polj.uns.ac.rs\/wp-content\/uploads\/2017\/11\/Osnove-ekonomije-sa-agrarnom-politikom-Fitomedicina-\u0161kolska-2023-2024-kona\u010dne-ocene-3.pdf\">Osnove ekonomije sa agrarnom politikom &#8211; Fitomedicina, \u0161kolska 2023 2024, kona\u010dne ocene<\/a><\/p>\n<p><a href=\"http:\/\/ae.polj.uns.ac.rs\/wp-content\/uploads\/2017\/11\/MIKROEKONOMIJA-\u0161kolska-2023-2024-kona\u010dne-ocene.pdf\">MIKROEKONOMIJA, \u0161kolska 2023 2024, kona\u010dne ocene<\/a><\/p>\n<p><a href=\"http:\/\/ae.polj.uns.ac.rs\/wp-content\/uploads\/2017\/11\/Osnove-ekonomije-sa-agrarnom-politikom-Organska-poljoprivreda-\u0161kolska-2023-2024-kona\u010dne-ocene.pdf\">Osnove ekonomije sa agrarnom politikom &#8211; Organska poljoprivreda, \u0161kolska 2023 2024, kona\u010dne ocene<\/a><\/p>\n<p><a href=\"http:\/\/ae.polj.uns.ac.rs\/wp-content\/uploads\/2018\/10\/Osnove-ekonomije-sa-agrarnom-politikom-Vo\u0107arstvo-vinogradarstvo-i-hortikultura-\u0161kolska-2023-2024-kona\u010dne-ocene.pdf\">Osnove ekonomije sa agrarnom politikom &#8211; Vo\u0107arstvo, vinogradarstvo i hortikultura, \u0161kolska 2023 2024, kona\u010dne ocene<\/a><\/p>\n<p><a href=\"http:\/\/ae.polj.uns.ac.rs\/wp-content\/uploads\/2017\/11\/Osnove-ekonomije-sa-agrarnom-politikom-Animalna-proizvodnja-\u0161kolska-2023-2024-kona\u010dne-ocene.pdf\">Osnove ekonomije sa agrarnom politikom &#8211; Animalna proizvodnja, \u0161kolska 2023 2024, kona\u010dne ocene<\/a><\/p>\n<p><a href=\"http:\/\/ae.polj.uns.ac.rs\/wp-content\/uploads\/2017\/11\/Osnove-ekonomije-sa-agrarnom-politikom-Ratarstvo-i-povrtarstvo-\u0161kolska-2023-2024-kona\u010dne-ocene.pdf\">Osnove ekonomije sa agrarnom politikom &#8211; Ratarstvo i povrtarstvo, \u0161kolska 2023 2024, kona\u010dne ocene<\/a><\/p>\n<p><a href=\"http:\/\/ae.polj.uns.ac.rs\/wp-content\/uploads\/2017\/11\/Osnove-ekonomije-sa-agrarnom-politikom-Ure\u0111enje-voda-2023-2024-kona\u010dne-ocene.pdf\">Osnove ekonomije sa agrarnom politikom &#8211; Ure\u0111enje voda 2023 2024, kona\u010dne ocene<\/a><\/p>\n<p><a href=\"http:\/\/ae.polj.uns.ac.rs\/wp-content\/uploads\/2017\/11\/Osnove-ekonomije-sa-agrarnom-politikom-Poljoprivredna-tehnika-2023-2024-kona\u010dne-ocene.pdf\">Osnove ekonomije sa agrarnom politikom &#8211; Poljoprivredna tehnika 2023 2024, kona\u010dne ocene<\/a><\/p>\n<p><a href=\"http:\/\/ae.polj.uns.ac.rs\/wp-content\/uploads\/2017\/11\/Ekonomika-i-menad\u017ement-u-veterinarskoj-medicini-\u0161kolska-2023-2024-KONA\u010cNE-OCENE-1.pdf\">Ekonomika i menad\u017ement u veterinarskoj medicini, \u0161kolska 2023 2024, KONA\u010cNE OCENE<\/a><\/p>\n<p><a href=\"http:\/\/ae.polj.uns.ac.rs\/wp-content\/uploads\/2017\/11\/Rezultati-drugog-testa-Fitomedicina-2023-2024.pdf\">Rezultati drugog testa &#8211; Fitomedicina 2023 2024<\/a><\/p>\n<p><a href=\"http:\/\/ae.polj.uns.ac.rs\/wp-content\/uploads\/2017\/11\/Rezultati-drugog-testa-Ratarstvo-i-povrtarstvo-2023-2024.pdf\">Rezultati drugog testa &#8211; Ratarstvo i povrtarstvo 2023 2024<\/a><\/p>\n<p><a href=\"http:\/\/ae.polj.uns.ac.rs\/wp-content\/uploads\/2017\/11\/Rezultati-drugog-testa-Poljoprivredna-tehnika-2023-2024-1.pdf\">Rezultati drugog testa &#8211; Poljoprivredna tehnika 2023 2024<\/a><\/p>\n<p><a href=\"http:\/\/ae.polj.uns.ac.rs\/wp-content\/uploads\/2017\/11\/Rezultati-drugog-testa-Ure\u0111enje-voda-2023-2024-1.pdf\">Rezultati drugog testa &#8211; Ure\u0111enje voda 2023 2024<\/a><\/p>\n<p><a href=\"http:\/\/ae.polj.uns.ac.rs\/wp-content\/uploads\/2017\/11\/Rezultati-drugog-testa-Vo\u0107arstvo-vinogradarstvo-i-hortikultura-2023-2024-1.pdf\">Rezultati drugog testa &#8211; Vo\u0107arstvo, vinogradarstvo i hortikultura 2023 2024<\/a><\/p>\n<p><a href=\"http:\/\/ae.polj.uns.ac.rs\/wp-content\/uploads\/2017\/11\/Rezultati-drugog-testa-Organska-poljoprivreda-2023-2024-1.pdf\">Rezultati drugog testa &#8211; Organska poljoprivreda 2023 2024<\/a><\/p>\n<p><a href=\"http:\/\/ae.polj.uns.ac.rs\/wp-content\/uploads\/2017\/11\/Rezultati-drugog-testa-Animalna-proizvodnja-2023-2024-1.pdf\">Rezultati drugog testa &#8211; Animalna proizvodnja 2023 2024<\/a><\/p>\n<p><a href=\"http:\/\/ae.polj.uns.ac.rs\/wp-content\/uploads\/2017\/11\/Rezultati-Makroekonomiju-Grupa-01-FINAL-sajt.pdf\">Rezultati Makroekonomiju 2022\/2023 Grupa 01 finalno<\/a><\/p>\n<p><a href=\"http:\/\/ae.polj.uns.ac.rs\/wp-content\/uploads\/2017\/11\/REZULTATI-ISPITA-ODR\u017dANOG-06.02.2023.pdf\">REZULTATI ISPITA ODR\u017dANOG 06.02.2023<\/a><\/p>\n<p><a href=\"http:\/\/ae.polj.uns.ac.rs\/wp-content\/uploads\/2017\/11\/\u0420\u0415\u0417\u0423\u041b\u0422\u0410\u0422\u0418-\u0418\u0421\u041f\u0418\u0422\u0410-\u041e\u0414\u0420\u0416\u0410\u041d\u041e\u0413-23.01.2023.pdf\">\u0420\u0415\u0417\u0423\u041b\u0422\u0410\u0422\u0418 \u0418\u0421\u041f\u0418\u0422\u0410 \u041e\u0414\u0420\u0416\u0410\u041d\u041e\u0413 23.01.2023<\/a><\/p>\n<p><a href=\"http:\/\/ae.polj.uns.ac.rs\/wp-content\/uploads\/2017\/11\/Mikroekonomije-REZULTATI-2022-2023-18.01.2023-1.pdf\">Mikroekonomije REZULTATI 2022 2023 18.01.2023<\/a><\/p>\n<p><a href=\"http:\/\/ae.polj.uns.ac.rs\/wp-content\/uploads\/2017\/11\/Fitomedicina-2022-2023-ocene-18.01.2023.pdf\">Fitomedicina (FM1, FM2, FM3 grupe) 2022 2023 ocene 18.01.2023<\/a><\/p>\n<p><a href=\"http:\/\/ae.polj.uns.ac.rs\/wp-content\/uploads\/2017\/11\/Animalna-proizvodnja-2022-2023-ocene-18.01.2023.pdf\">Animalna proizvodnja (AP1 grupa) 2022 2023 ocene 18.01.2023<\/a><\/p>\n<p><a href=\"http:\/\/ae.polj.uns.ac.rs\/wp-content\/uploads\/2017\/11\/Poljoprivredna-tehnika-2022-2023-ocene-18.01.2023.pdf\">Poljoprivredna tehnika i IT 2022 2023 ocene 18.01.2023<\/a><\/p>\n<p><a href=\"http:\/\/ae.polj.uns.ac.rs\/wp-content\/uploads\/2017\/11\/Ure\u0111enje-voda-2022-2023-ocene-18.01.2023-1.pdf\">Ure\u0111enje, kori\u0161\u0107enje i za\u0161tita voda 2022 2023 ocene 18.01.2023<\/a><\/p>\n<p><a href=\"http:\/\/ae.polj.uns.ac.rs\/wp-content\/uploads\/2017\/11\/Fitomedicina-2022-2023-ocene-Osnove-ekonomije-sa-agrarnom-politikom.pdf\">Fitomedicina 2022 2023 ocene Osnove ekonomije sa agrarnom politikom<\/a><\/p>\n<p><a href=\"http:\/\/ae.polj.uns.ac.rs\/wp-content\/uploads\/2017\/11\/Poljoprivredna-tehnika-2022-2023-ocene-Osnove-ekonomije-sa-agrarnom-politikom.pdf\">Poljoprivredna tehnika 2022 2023 ocene Osnove ekonomije sa agrarnom politikom<\/a><\/p>\n<p><a href=\"http:\/\/ae.polj.uns.ac.rs\/wp-content\/uploads\/2017\/11\/Ure\u0111enje-voda-2022-2023-ocene-Osnove-ekonomije-sa-agrarnom-politikom.pdf\">Ure\u0111enje voda 2022 2023 ocene Osnove ekonomije sa agrarnom politikom<\/a><\/p>\n<p><a href=\"http:\/\/ae.polj.uns.ac.rs\/wp-content\/uploads\/2017\/11\/Animalna-proizvodnja-2022-2023-ocene-Osnove-ekonomije-sa-agrarnom-politikom.pdf\">Animalna proizvodnja 2022 2023 ocene Osnove ekonomije sa agrarnom politikom<\/a><\/p>\n<p><a href=\"http:\/\/ae.polj.uns.ac.rs\/wp-content\/uploads\/2017\/11\/Mikroekonomije-REZULTATI-PARCIJALNOG-POLAGANJA-ISPITA-2022-2023.pdf\">Mikroekonomije REZULTATI PARCIJALNOG POLAGANJA ISPITA 2022 2023<\/a><\/p>\n<p><a href=\"http:\/\/ae.polj.uns.ac.rs\/wp-content\/uploads\/2017\/11\/Mikroekonomije-REZULTATI-2022-2023.pdf\">Mikroekonomije REZULTATI 2022 2023<\/a><\/p>\n<p><a href=\"http:\/\/ae.polj.uns.ac.rs\/wp-content\/uploads\/2017\/11\/REZULTATI-ISPITA-ODR\u017dANOG-08.09.2022.pdf\">REZULTATI ISPITA ODR\u017dANOG 08.09.2022<\/a><\/p>\n<p><a href=\"http:\/\/ae.polj.uns.ac.rs\/wp-content\/uploads\/2017\/11\/AVGUSTOVSKI-ISPITNI-ROK-2022-rezultati-Osnove-ekonomije.pdf\">AVGUSTOVSKI ISPITNI ROK 2022 rezultati Osnove ekonomije<\/a><\/p>\n<p><a href=\"http:\/\/ae.polj.uns.ac.rs\/wp-content\/uploads\/2017\/11\/REZULTATI-Osnove-ekonomije-sa-agrarnom-politikom-14.07.2022.pdf\">REZULTATI I UPIS OCENA Osnove ekonomije sa agrarnom politikom 14.07.2022<\/a><\/p>\n<p><a href=\"http:\/\/ae.polj.uns.ac.rs\/wp-content\/uploads\/2017\/11\/REZULTATI-ISPITA-ODR\u017dANOG-06.07.2022.pdf\">REZULTATI ISPITA ODR\u017dANOG 06.07.2022<\/a><\/p>\n<p><a href=\"http:\/\/ae.polj.uns.ac.rs\/wp-content\/uploads\/2017\/08\/Upis-ocena-jun-2022.pdf\">Upis ocena jun 2022<\/a><\/p>\n<p><a href=\"http:\/\/ae.polj.uns.ac.rs\/wp-content\/uploads\/2017\/11\/REZULTATI-ISPITA-ODR\u017dANOG-10.06.2022.pdf\">REZULTATI ISPITA ODR\u017dANOG 10.06.2022<\/a><\/p>\n<p><a href=\"http:\/\/ae.polj.uns.ac.rs\/wp-content\/uploads\/2017\/11\/REZULTATI-ISPITA-ODR\u017dANOG-19052022.pdf\">REZULTATI ISPITA ODR\u017dANOG 19.05.2022<\/a><\/p>\n<p><a href=\"http:\/\/ae.polj.uns.ac.rs\/wp-content\/uploads\/2017\/11\/REZULTATI-ISPITA-ODR\u017dANOG-07042022-1.pdf\">REZULTATI ISPITA ODR\u017dANOG 07.04.2022.<\/a><\/p>\n<p><a href=\"http:\/\/ae.polj.uns.ac.rs\/wp-content\/uploads\/2017\/11\/REZULTATI-ISPITA-ODR\u017dANOG-15032022.pdf\">REZULTATI ISPITA ODR\u017dANOG 15.03.2022.<\/a><\/p>\n<p><a href=\"http:\/\/ae.polj.uns.ac.rs\/index.php\/principi-ekonomije\/\">Principi ekonomije<\/a><\/p>\n<p><a href=\"http:\/\/ae.polj.uns.ac.rs\/index.php\/mikroekonomija\/\">Mikroekonomija<\/a><\/p>\n<p><a href=\"http:\/\/ae.polj.uns.ac.rs\/index.php\/markoekonomija\/\">Makroekonomija<\/a><\/p>\n<p><a href=\"http:\/\/ae.polj.uns.ac.rs\/index.php\/privredni-sistem-i-ekonomska-politika\/\">Privredni sistem i ekonomska politika<\/a><\/p>\n<p><a href=\"http:\/\/ae.polj.uns.ac.rs\/index.php\/ekonomika-poljoprivrede\/\">Ekonomika poljoprivrede<\/a><\/p>\n<p><a href=\"http:\/\/ae.polj.uns.ac.rs\/index.php\/regulative-u-poljoprivredi-eu\/\">Regulative u poljoprivredi EU <\/a><\/p>\n\n\n<p><\/p>\n","protected":false},"excerpt":{"rendered":"<p>REZULTATI-ISPITA-ODRZANOG-20022026 Osnove ekonomije sa agrarnom politikom &#8211; PT i UV 2025 2026 kona\u010dne ocene Osnove ekonomije sa agrarnom politikom &#8211; Vo\u0107arstvo, vinogradarstvo, hortikultura 2025 2026 kona\u010dne ocene Osnove ekonomije sa agrarnom politikom &#8211; Ratarstvo i Povrtarstvo 2025 2026 kona\u010dne ocene Osnove ekonomije sa agrarnom politikom &#8211; Animalna proizvodnja 2025 2026 kona\u010dne ocene Osnove ekonomije sa agrarnom politikom &#8211; Fitomedicina 2025 2026 kona\u010dne ocene Mikroekonomija 2025 2026 rezultati finalno Tr\u017ei\u0161te agroindustrijskih proizvoda &#8211; smer Agroekonomija 2025_2026 kona\u010dne ocene Tr\u017ei\u0161te i makreting&hellip;<\/p>\n","protected":false},"author":1,"featured_media":0,"parent":0,"menu_order":0,"comment_status":"closed","ping_status":"closed","template":"","meta":{"footnotes":""},"class_list":["post-851","page","type-page","status-publish","hentry"],"_links":{"self":[{"href":"http:\/\/ae.polj.uns.ac.rs\/index.php\/wp-json\/wp\/v2\/pages\/851","targetHints":{"allow":["GET"]}}],"collection":[{"href":"http:\/\/ae.polj.uns.ac.rs\/index.php\/wp-json\/wp\/v2\/pages"}],"about":[{"href":"http:\/\/ae.polj.uns.ac.rs\/index.php\/wp-json\/wp\/v2\/types\/page"}],"author":[{"embeddable":true,"href":"http:\/\/ae.polj.uns.ac.rs\/index.php\/wp-json\/wp\/v2\/users\/1"}],"replies":[{"embeddable":true,"href":"http:\/\/ae.polj.uns.ac.rs\/index.php\/wp-json\/wp\/v2\/comments?post=851"}],"version-history":[{"count":187,"href":"http:\/\/ae.polj.uns.ac.rs\/index.php\/wp-json\/wp\/v2\/pages\/851\/revisions"}],"predecessor-version":[{"id":13040,"href":"http:\/\/ae.polj.uns.ac.rs\/index.php\/wp-json\/wp\/v2\/pages\/851\/revisions\/13040"}],"wp:attachment":[{"href":"http:\/\/ae.polj.uns.ac.rs\/index.php\/wp-json\/wp\/v2\/media?parent=851"}],"curies":[{"name":"wp","href":"https:\/\/api.w.org\/{rel}","templated":true}]}}