{"id":70,"date":"2017-03-17T07:35:58","date_gmt":"2017-03-17T07:35:58","guid":{"rendered":"http:\/\/ae.polj.uns.ac.rs\/?page_id=70"},"modified":"2018-10-29T11:35:59","modified_gmt":"2018-10-29T11:35:59","slug":"kontakt","status":"publish","type":"page","link":"http:\/\/ae.polj.uns.ac.rs\/index.php\/kontakt\/","title":{"rendered":"Kontakt"},"content":{"rendered":"<p>Poslovni\u00a0sekretar Departmana za ekonomiku poljoprivrede i sociologiju sela:<\/p>\n<p style=\"padding-left: 30px;\"><strong>Mirjana Ljubi\u010di\u0107 Mi\u0107i\u0107<\/strong><\/p>\n<p style=\"padding-left: 30px;\">Tel: 021\/485-3233<br \/>\nE-mail:\u00a0departmanae(at)polj.uns.ac.rs<\/p>\n","protected":false},"excerpt":{"rendered":"<p>Poslovni\u00a0sekretar Departmana za ekonomiku poljoprivrede i sociologiju sela: Mirjana Ljubi\u010di\u0107 Mi\u0107i\u0107 Tel: 021\/485-3233 E-mail:\u00a0departmanae(at)polj.uns.ac.rs<\/p>\n","protected":false},"author":1,"featured_media":0,"parent":0,"menu_order":0,"comment_status":"closed","ping_status":"closed","template":"","meta":{"footnotes":""},"class_list":["post-70","page","type-page","status-publish","hentry"],"_links":{"self":[{"href":"http:\/\/ae.polj.uns.ac.rs\/index.php\/wp-json\/wp\/v2\/pages\/70","targetHints":{"allow":["GET"]}}],"collection":[{"href":"http:\/\/ae.polj.uns.ac.rs\/index.php\/wp-json\/wp\/v2\/pages"}],"about":[{"href":"http:\/\/ae.polj.uns.ac.rs\/index.php\/wp-json\/wp\/v2\/types\/page"}],"author":[{"embeddable":true,"href":"http:\/\/ae.polj.uns.ac.rs\/index.php\/wp-json\/wp\/v2\/users\/1"}],"replies":[{"embeddable":true,"href":"http:\/\/ae.polj.uns.ac.rs\/index.php\/wp-json\/wp\/v2\/comments?post=70"}],"version-history":[{"count":12,"href":"http:\/\/ae.polj.uns.ac.rs\/index.php\/wp-json\/wp\/v2\/pages\/70\/revisions"}],"predecessor-version":[{"id":1910,"href":"http:\/\/ae.polj.uns.ac.rs\/index.php\/wp-json\/wp\/v2\/pages\/70\/revisions\/1910"}],"wp:attachment":[{"href":"http:\/\/ae.polj.uns.ac.rs\/index.php\/wp-json\/wp\/v2\/media?parent=70"}],"curies":[{"name":"wp","href":"https:\/\/api.w.org\/{rel}","templated":true}]}}