{"id":62,"date":"2017-03-17T07:35:23","date_gmt":"2017-03-17T07:35:23","guid":{"rendered":"http:\/\/ae.polj.uns.ac.rs\/?page_id=62"},"modified":"2018-10-12T11:01:17","modified_gmt":"2018-10-12T11:01:17","slug":"casopis","status":"publish","type":"page","link":"http:\/\/ae.polj.uns.ac.rs\/index.php\/casopis\/","title":{"rendered":"\u010casopis"},"content":{"rendered":"<h4 style=\"text-align: center;\"><a href=\"http:\/\/www.agroekonomika.rs\/\">\u010cASOPIS AGROEKONOMIKA<\/a><\/h4>\n<p>Nau\u010dni\u00a0\u010dasopis\u00a0<em><strong>AGROEKONOMIKA<\/strong><\/em>\u00a0izdaje Departman za ekonomiku poljoprivrede i sociologiju sela, Poljoprivrednog fakulteta u Novom Sadu.<\/p>\n<p>\u010casopis objavljuje originalne nau\u010dne radove, pregledne \u010dlanke, stru\u00ad\u010dne radove, prethodna saop\u0161tenja, prikaze knjiga i dokumente. Radovi koji se kategorizuju kao nau\u010dni moraju da imaju jednu pozitivnu recenziju. Autor je anoniman za recenzenta, a re\u00adce\u00adnzent je anoniman za autora rada. Recenzent vrednuje rad i mo\u017ee da napi\u0161e pozitivnu rece\u00adnzi\u00adju, da predlo\u017ei doradu ili da napi\u0161e negativnu recenziju rada. Rukopis koji je predlo\u017een za iz\u00advesne izmene, ure\u0111iva\u010dki odbor prosle\u0111uje autoru, uz tekst recenzije. Negativno ocenjen rad vra\u0107a se autoru, uz tekst anonimne recenzije.<\/p>\n<p>Autori se pozivaju da prila\u017eu svoje radove. Objavljivanje radova se ne napla\u0107uje, niti se ispla\u0107uje honorar autoru.<\/p>\n<p>Glavni i odgovorni urednik je prof. dr Vlahovi\u0107 Branislav koji sa ure\u0111iva\u010dkim odborom sprovodi ure\u0111iva\u010dku politiku.<\/p>\n<p><strong>Link za sajt \u010dasopisa: <\/strong><a href=\"http:\/\/www.agroekonomika.rs\"><strong>www.agroekonomika.rs<\/strong><\/a><\/p>\n","protected":false},"excerpt":{"rendered":"<p>\u010cASOPIS AGROEKONOMIKA Nau\u010dni\u00a0\u010dasopis\u00a0AGROEKONOMIKA\u00a0izdaje Departman za ekonomiku poljoprivrede i sociologiju sela, Poljoprivrednog fakulteta u Novom Sadu. \u010casopis objavljuje originalne nau\u010dne radove, pregledne \u010dlanke, stru\u00ad\u010dne radove, prethodna saop\u0161tenja, prikaze knjiga i dokumente. Radovi koji se kategorizuju kao nau\u010dni moraju da imaju jednu pozitivnu recenziju. Autor je anoniman za recenzenta, a re\u00adce\u00adnzent je anoniman za autora rada. Recenzent vrednuje rad i mo\u017ee da napi\u0161e pozitivnu rece\u00adnzi\u00adju, da predlo\u017ei doradu ili da napi\u0161e negativnu recenziju rada. Rukopis koji je predlo\u017een za iz\u00advesne izmene, ure\u0111iva\u010dki&hellip;<\/p>\n","protected":false},"author":1,"featured_media":0,"parent":0,"menu_order":0,"comment_status":"closed","ping_status":"closed","template":"","meta":{"footnotes":""},"class_list":["post-62","page","type-page","status-publish","hentry"],"_links":{"self":[{"href":"http:\/\/ae.polj.uns.ac.rs\/index.php\/wp-json\/wp\/v2\/pages\/62","targetHints":{"allow":["GET"]}}],"collection":[{"href":"http:\/\/ae.polj.uns.ac.rs\/index.php\/wp-json\/wp\/v2\/pages"}],"about":[{"href":"http:\/\/ae.polj.uns.ac.rs\/index.php\/wp-json\/wp\/v2\/types\/page"}],"author":[{"embeddable":true,"href":"http:\/\/ae.polj.uns.ac.rs\/index.php\/wp-json\/wp\/v2\/users\/1"}],"replies":[{"embeddable":true,"href":"http:\/\/ae.polj.uns.ac.rs\/index.php\/wp-json\/wp\/v2\/comments?post=62"}],"version-history":[{"count":4,"href":"http:\/\/ae.polj.uns.ac.rs\/index.php\/wp-json\/wp\/v2\/pages\/62\/revisions"}],"predecessor-version":[{"id":1673,"href":"http:\/\/ae.polj.uns.ac.rs\/index.php\/wp-json\/wp\/v2\/pages\/62\/revisions\/1673"}],"wp:attachment":[{"href":"http:\/\/ae.polj.uns.ac.rs\/index.php\/wp-json\/wp\/v2\/media?parent=62"}],"curies":[{"name":"wp","href":"https:\/\/api.w.org\/{rel}","templated":true}]}}