{"id":60,"date":"2017-03-17T07:35:11","date_gmt":"2017-03-17T07:35:11","guid":{"rendered":"http:\/\/ae.polj.uns.ac.rs\/?page_id=60"},"modified":"2026-02-12T10:51:27","modified_gmt":"2026-02-12T10:51:27","slug":"za-buduce-studente","status":"publish","type":"page","link":"http:\/\/ae.polj.uns.ac.rs\/index.php\/za-buduce-studente\/","title":{"rendered":"UPIS 2026\/2027"},"content":{"rendered":"<p class=\"x_MsoNormal\" style=\"text-align: left;\" align=\"center\"><b>Prvi konkursni rok &#8211; preliminarni datumi<\/b><\/p>\n<ul type=\"disc\">\n<li class=\"x_MsoNormal\">Prijavljivanje kandidata BI\u0106E NAKNADNO ODRE\u0110ENO;<\/li>\n<li class=\"x_MsoNormal\">Polaganje prijemnog ispita BI\u0106E NAKNADNO ODRE\u0110ENO;<\/li>\n<li class=\"x_MsoNormal\">Objavljivanje preliminarne rang liste BI\u0106E NAKNADNO ODRE\u0110ENO;<\/li>\n<li class=\"x_MsoNormal\">Objavljivanje kona\u010dne rang liste za upis BI\u0106E NAKNADNO ODRE\u0110ENO;<\/li>\n<li class=\"x_MsoNormal\">Upis kandidata BI\u0106E NAKNADNO ODRE\u0110ENO.<\/li>\n<\/ul>\n<p class=\"x_MsoNormal\"><i><strong>VA\u017dNO:<\/strong> Za sve detaljne informacije o potrebnoj dokumentaciji i ostalim kriterijumima po\u010detkom juna meseca 2026. godine bi\u0107e objavljen tekst konkursa.<\/i><\/p>\n<h5><strong><a href=\"http:\/\/polj.uns.ac.rs\/sr\/upis\">SVE INFORMACIJE KOJE SE ODNOSE NA UPIS, PRIJEMNI ISPIT I BESPLATNU PRIPREMNU NASTAVU 2026\/2027.<\/a><\/strong><\/h5>\n<p><strong><a href=\"https:\/\/classroom.google.com\/c\/Nzc4ODM3MjMxNzQw?cjc=gty5zgcr\">Pripremna nastava za prijemni ispit iz predmeta Ekonomika preduze\u0107a 2026.<\/a><\/strong><\/p>\n<h5><a href=\"http:\/\/polj.uns.ac.rs\/sr\/node\/4213\">VODI\u010c ZA BRUCO\u0160E<\/a><\/h5>\n<h5>AKREDITOVANI NASTAVNI PLAN STUDIJSKOG PROGRAMA\u00a0<a href=\"http:\/\/ae.polj.uns.ac.rs\/wp-content\/uploads\/2017\/03\/Agroekonomija.pdf\">Agroekonomija<\/a><\/h5>\n<h5><strong><a href=\"https:\/\/www.youtube.com\/watch?v=09LRPAIzzGw&amp;t=7s\">PROMO VIDEO POLJOPRIVREDNOG FAKULTETA 2025<\/a><\/strong><\/h5>\n<h3><a href=\"http:\/\/ae.polj.uns.ac.rs\/wp-content\/uploads\/2017\/03\/FLAJER.pdf\"><strong>Za\u0161to studirati Agroekonomiju<\/strong>?<\/a><\/h3>\n<p><img loading=\"lazy\" decoding=\"async\" class=\"alignnone wp-image-423 alignright\" src=\"http:\/\/ae.polj.uns.ac.rs\/wp-content\/uploads\/2017\/03\/AE-plakat-214x300.png\" alt=\"\" width=\"279\" height=\"391\" srcset=\"http:\/\/ae.polj.uns.ac.rs\/wp-content\/uploads\/2017\/03\/AE-plakat-214x300.png 214w, http:\/\/ae.polj.uns.ac.rs\/wp-content\/uploads\/2017\/03\/AE-plakat-768x1078.png 768w, http:\/\/ae.polj.uns.ac.rs\/wp-content\/uploads\/2017\/03\/AE-plakat-729x1024.png 729w\" sizes=\"auto, (max-width: 279px) 100vw, 279px\" \/><\/p>\n<p>Postoji mnogo razloga koji idu u prilog Va\u0161oj odluci da studirate na na\u0161em Departmanu, posebno u Republici Srbiji kao agrarnoj zemlji i Vojvodini koja predstavlja region sa visoko produktivnom poljoprivredom i integrisanom ekonomijom.<\/p>\n<p><b>AGROEKONOMIJA<\/b>\u00a0je disciplina koja uspe\u0161no povezuje ekonomiju i sve potencijale poljoprivrede u sferi agrobiznisa, finansija, trgovine, poljoprivredno-prehrambenim proizvo- dima, marketinga, usluga, logistike&#8230;<\/p>\n<p>Poljoprivreda i prehrambena industrija u Srbiji imaju zna\u010dajne neiskori\u0161\u0107ene potencijale u ovom sektoru koji \u0107e tek da se razvijaju i delatnost <b>agroekonomista<\/b> upravo pru\u017ea zna\u010dajne mogu\u0107nosti za razvoj karijere mladih ljudi i zapo\u0161ljavanje diplomiranih studenata.<\/p>\n<p><em><strong>Kako izgleda na\u0161 portfolio jo\u0161 od <\/strong><strong>1977.<\/strong><strong> godine?<\/strong><\/em><\/p>\n<ul>\n<li>Osnovne akademske studije: oko 1200 diplomiranih Agroekonomista<\/li>\n<li>Master akademske studije: oko 91 Mastera iz Agroekonomije; 6 iz Poljoprivrednog savetodavstva<\/li>\n<li>Magistarske studije: oko 133 magistara iz oblasti Agroekonomije<\/li>\n<li>Doktorske studije: oko 80 odbranjenih disertacija iz oblasti Agroekonomije<\/li>\n<\/ul>\n<p><em><strong>Za\u0161to je Departman za ekonomiku poljoprivrede i sociologiju sela dobar izbor?<\/strong><\/em><\/p>\n<p>Moderni programi i kvalitetan nastavni kadar:<\/p>\n<ul>\n<li>11 redovnih profesora<\/li>\n<li>4 vanredna profesora<\/li>\n<li>6 docenata<\/li>\n<li>7 asistenata<\/li>\n<li>2 predava\u010da engleskog jezika i<\/li>\n<li>2 saradnika u nau\u010dnim zvanjima<\/li>\n<\/ul>\n<p>Nau\u010dne oblasti u kojima istra\u017eujemo i obrazujemo studente:<\/p>\n<ul>\n<li>Menad\u017ement i organizacija u poljoprivredi<\/li>\n<li>Ra\u010dunovodstvo i ekonomika poljoprivrednih gazdinstava<\/li>\n<li>Ekonomija<\/li>\n<li>Tr\u017ei\u0161te i marketing poljoprivredno-prehrambenih proizvoda<\/li>\n<li>Informatika i\u00a0informacioni sistemi<\/li>\n<li>Sociologija<\/li>\n<li>Kvanitativne metode u agroekonomiji<\/li>\n<li>Privredno pravo<\/li>\n<\/ul>\n<p>Dobrodo\u0161li u AE svet!<\/p>\n<p>Upoznajte va\u0161e budu\u0107e <a href=\"http:\/\/ae.polj.uns.ac.rs\/index.php\/osoblje\/\">nastavnike<\/a>.<\/p>\n<p><a href=\"http:\/\/ae.polj.uns.ac.rs\/wp-content\/uploads\/2017\/03\/untitled-67.jpg\"><img loading=\"lazy\" decoding=\"async\" class=\"alignleft size-medium wp-image-9640\" src=\"http:\/\/ae.polj.uns.ac.rs\/wp-content\/uploads\/2017\/03\/untitled-67-300x200.jpg\" alt=\"\" width=\"300\" height=\"200\" srcset=\"http:\/\/ae.polj.uns.ac.rs\/wp-content\/uploads\/2017\/03\/untitled-67-300x200.jpg 300w, http:\/\/ae.polj.uns.ac.rs\/wp-content\/uploads\/2017\/03\/untitled-67-768x512.jpg 768w, http:\/\/ae.polj.uns.ac.rs\/wp-content\/uploads\/2017\/03\/untitled-67-1024x683.jpg 1024w, http:\/\/ae.polj.uns.ac.rs\/wp-content\/uploads\/2017\/03\/untitled-67-600x400.jpg 600w\" sizes=\"auto, (max-width: 300px) 100vw, 300px\" \/><\/a><\/p>\n<h3 style=\"text-align: center;\"><em><strong>Pove\u017eite se sa nama putem dru\u0161tvenih mre\u017ea i budite u toku!\u00a0<\/strong><\/em><\/h3>\n<p><a href=\"https:\/\/www.facebook.com\/Departman-za-ekonomiku-poljoprivrede-i-sociologiju-sela-221795684679934\/\"><img loading=\"lazy\" decoding=\"async\" class=\"wp-image-880 alignright\" src=\"http:\/\/ae.polj.uns.ac.rs\/wp-content\/uploads\/2017\/03\/facebook-300x159.jpg\" width=\"102\" height=\"54\" srcset=\"http:\/\/ae.polj.uns.ac.rs\/wp-content\/uploads\/2017\/03\/facebook-300x159.jpg 300w, http:\/\/ae.polj.uns.ac.rs\/wp-content\/uploads\/2017\/03\/facebook.jpg 640w\" sizes=\"auto, (max-width: 102px) 100vw, 102px\" \/><\/a><a href=\"https:\/\/www.instagram.com\/agroekonomija.ns\/\"><img loading=\"lazy\" decoding=\"async\" class=\"alignright wp-image-4216 size-full\" src=\"http:\/\/ae.polj.uns.ac.rs\/wp-content\/uploads\/2017\/03\/-1-e1584550147778.jpg\" width=\"50\" height=\"50\" \/><\/a><\/p>\n","protected":false},"excerpt":{"rendered":"<p>Prvi konkursni rok &#8211; preliminarni datumi Prijavljivanje kandidata BI\u0106E NAKNADNO ODRE\u0110ENO; Polaganje prijemnog ispita BI\u0106E NAKNADNO ODRE\u0110ENO; Objavljivanje preliminarne rang liste BI\u0106E NAKNADNO ODRE\u0110ENO; Objavljivanje kona\u010dne rang liste za upis BI\u0106E NAKNADNO ODRE\u0110ENO; Upis kandidata BI\u0106E NAKNADNO ODRE\u0110ENO. VA\u017dNO: Za sve detaljne informacije o potrebnoj dokumentaciji i ostalim kriterijumima po\u010detkom juna meseca 2026. godine bi\u0107e objavljen tekst konkursa. SVE INFORMACIJE KOJE SE ODNOSE NA UPIS, PRIJEMNI ISPIT I BESPLATNU PRIPREMNU NASTAVU 2026\/2027. Pripremna nastava za prijemni ispit iz predmeta Ekonomika&hellip;<\/p>\n","protected":false},"author":1,"featured_media":0,"parent":0,"menu_order":0,"comment_status":"closed","ping_status":"closed","template":"","meta":{"footnotes":""},"class_list":["post-60","page","type-page","status-publish","hentry"],"_links":{"self":[{"href":"http:\/\/ae.polj.uns.ac.rs\/index.php\/wp-json\/wp\/v2\/pages\/60","targetHints":{"allow":["GET"]}}],"collection":[{"href":"http:\/\/ae.polj.uns.ac.rs\/index.php\/wp-json\/wp\/v2\/pages"}],"about":[{"href":"http:\/\/ae.polj.uns.ac.rs\/index.php\/wp-json\/wp\/v2\/types\/page"}],"author":[{"embeddable":true,"href":"http:\/\/ae.polj.uns.ac.rs\/index.php\/wp-json\/wp\/v2\/users\/1"}],"replies":[{"embeddable":true,"href":"http:\/\/ae.polj.uns.ac.rs\/index.php\/wp-json\/wp\/v2\/comments?post=60"}],"version-history":[{"count":91,"href":"http:\/\/ae.polj.uns.ac.rs\/index.php\/wp-json\/wp\/v2\/pages\/60\/revisions"}],"predecessor-version":[{"id":12872,"href":"http:\/\/ae.polj.uns.ac.rs\/index.php\/wp-json\/wp\/v2\/pages\/60\/revisions\/12872"}],"wp:attachment":[{"href":"http:\/\/ae.polj.uns.ac.rs\/index.php\/wp-json\/wp\/v2\/media?parent=60"}],"curies":[{"name":"wp","href":"https:\/\/api.w.org\/{rel}","templated":true}]}}