{"id":5162,"date":"2020-06-01T08:46:00","date_gmt":"2020-06-01T08:46:00","guid":{"rendered":"http:\/\/ae.polj.uns.ac.rs\/?page_id=5162"},"modified":"2025-07-01T11:22:11","modified_gmt":"2025-07-01T11:22:11","slug":"organizaciona-ekonomska-praksa","status":"publish","type":"page","link":"http:\/\/ae.polj.uns.ac.rs\/index.php\/organizaciona-ekonomska-praksa\/","title":{"rendered":"Organizaciona-ekonomska praksa"},"content":{"rendered":"<p><a href=\"http:\/\/ae.polj.uns.ac.rs\/wp-content\/uploads\/2025\/07\/1-Smernice-za-obavljanje-prakticne-nastave-2024_25.pdf\">1 Smernice za obavljanje prakti\u010dne nastave 2024_25<\/a><\/p>\n<p><a href=\"http:\/\/ae.polj.uns.ac.rs\/wp-content\/uploads\/2025\/07\/2-Formulari-za-strucnu-praksu-3_2024_25-IV-godina-AE.docx\">2 Formulari za stru\u010dnu praksu 3_2024_25 IV godina AE<\/a><\/p>\n<p><a href=\"http:\/\/ae.polj.uns.ac.rs\/wp-content\/uploads\/2020\/06\/Foto-izve\u0161taj-sa-prakse-1.docx\">Foto izve\u0161taj sa prakse<\/a><\/p>\n","protected":false},"excerpt":{"rendered":"<p>1 Smernice za obavljanje prakti\u010dne nastave 2024_25 2 Formulari za stru\u010dnu praksu 3_2024_25 IV godina AE Foto izve\u0161taj sa prakse<\/p>\n","protected":false},"author":3,"featured_media":0,"parent":0,"menu_order":0,"comment_status":"closed","ping_status":"closed","template":"","meta":{"footnotes":""},"class_list":["post-5162","page","type-page","status-publish","hentry"],"_links":{"self":[{"href":"http:\/\/ae.polj.uns.ac.rs\/index.php\/wp-json\/wp\/v2\/pages\/5162","targetHints":{"allow":["GET"]}}],"collection":[{"href":"http:\/\/ae.polj.uns.ac.rs\/index.php\/wp-json\/wp\/v2\/pages"}],"about":[{"href":"http:\/\/ae.polj.uns.ac.rs\/index.php\/wp-json\/wp\/v2\/types\/page"}],"author":[{"embeddable":true,"href":"http:\/\/ae.polj.uns.ac.rs\/index.php\/wp-json\/wp\/v2\/users\/3"}],"replies":[{"embeddable":true,"href":"http:\/\/ae.polj.uns.ac.rs\/index.php\/wp-json\/wp\/v2\/comments?post=5162"}],"version-history":[{"count":11,"href":"http:\/\/ae.polj.uns.ac.rs\/index.php\/wp-json\/wp\/v2\/pages\/5162\/revisions"}],"predecessor-version":[{"id":12083,"href":"http:\/\/ae.polj.uns.ac.rs\/index.php\/wp-json\/wp\/v2\/pages\/5162\/revisions\/12083"}],"wp:attachment":[{"href":"http:\/\/ae.polj.uns.ac.rs\/index.php\/wp-json\/wp\/v2\/media?parent=5162"}],"curies":[{"name":"wp","href":"https:\/\/api.w.org\/{rel}","templated":true}]}}