{"id":50,"date":"2017-03-17T07:34:16","date_gmt":"2017-03-17T07:34:16","guid":{"rendered":"http:\/\/ae.polj.uns.ac.rs\/?page_id=50"},"modified":"2026-03-18T09:25:04","modified_gmt":"2026-03-18T09:25:04","slug":"osoblje","status":"publish","type":"page","link":"http:\/\/ae.polj.uns.ac.rs\/index.php\/osoblje\/","title":{"rendered":"Osoblje"},"content":{"rendered":"\n<figure class=\"wp-block-table\"><table class=\"has-fixed-layout\"><tbody><tr><td><strong>IME I PREZIME<\/strong><\/td><td><strong>U\u017dA NAU\u010cNA OBLAST<\/strong><\/td><td><strong>TELEFON<\/strong><\/td><td><strong>E-MAIL ADRESA<\/strong><\/td><td><strong>BIOGRAFIJA<\/strong><\/td><\/tr><tr><td colspan=\"5\"><strong>REDOVNI PROFESORI<\/strong><\/td><\/tr><tr><td>dr JANKO VESELINOVI\u0106<br><br><a href=\"http:\/\/ae.polj.uns.ac.rs\/wp-content\/uploads\/2017\/03\/Janko-Veselinovi%C4%87-e1677494456244.jpg\"><\/a><\/td><td>Privredno pravo<\/td><td>021\/485-3378<\/td><td>janko.veselinovic(at)polj.uns.ac.rs<\/td><td><a href=\"http:\/\/ae.polj.uns.ac.rs\/wp-content\/uploads\/2017\/03\/Janko-Veselinovi%C4%87.pdf\">Janko Veselinovi\u0107<\/a><\/td><\/tr><tr><td>dr NATA\u0160A VUKELI\u0106 <a href=\"http:\/\/ae.polj.uns.ac.rs\/wp-content\/uploads\/2017\/03\/Nata%C5%A1a-Vukeli%C4%87-e1677495016378.jpg\"><\/a><\/td><td>Menad\u017ement i organizacija u poljoprivredi<\/td><td>021\/485-3392<\/td><td>natasa.vukelic(at)polj.uns.ac.rs<\/td><td><a href=\"http:\/\/ae.polj.uns.ac.rs\/wp-content\/uploads\/2017\/03\/Natasa-Vukeli%C4%87.pdf\">Natasa Vukeli\u0107<\/a><\/td><\/tr><tr><td>dr VELJKO VUKOJE <a href=\"http:\/\/ae.polj.uns.ac.rs\/wp-content\/uploads\/2017\/03\/Veljko-Vukoje-1.jpg\"><\/a><\/td><td>Ra\u010dunovodstvo i ekonomika poljoprivrednih gazdinstava<\/td><td>021\/485-3397<\/td><td>veljko.vukoje(at)polj.uns.ac.rs<\/td><td><a href=\"http:\/\/ae.polj.uns.ac.rs\/wp-content\/uploads\/2017\/03\/Veljko-Vukoje-1.pdf\">Veljko Vukoje<\/a><\/td><\/tr><tr><td>dr KATARINA \u0110URI\u0106 <a href=\"http:\/\/ae.polj.uns.ac.rs\/wp-content\/uploads\/2017\/03\/Katarina-%C4%90uri%C4%87-e1677494576287.jpg\"><\/a><\/td><td>Agrarna ekonomija i ruralni razvoj<\/td><td>021\/485-3232<\/td><td>katarina.djuric(at)polj.uns.ac.rs<\/td><td><a href=\"http:\/\/ae.polj.uns.ac.rs\/wp-content\/uploads\/2017\/03\/Katarina-%C4%90uri%C4%87.pdf\">Katarina \u0110uri\u0107<\/a><\/td><\/tr><tr><td>dr VLADISLAV ZEKI\u0106 <a href=\"http:\/\/ae.polj.uns.ac.rs\/wp-content\/uploads\/2017\/03\/Vladislav-Zeki%C4%87-e1677494598994.jpg\"><\/a><\/td><td>Ra\u010dunovodstvo i ekonomika poljoprivrednih gazdinstava<\/td><td>021\/485-3510<\/td><td>vladislav.zekic(at)polj.uns.ac.rs<\/td><td><a href=\"http:\/\/ae.polj.uns.ac.rs\/wp-content\/uploads\/2017\/03\/Vladislav-Zeki%C4%87-1.pdf\">Vladislav Zeki\u0107<\/a><\/td><\/tr><tr><td>dr TIHOMIR ZORANOVI\u0106 <a href=\"http:\/\/ae.polj.uns.ac.rs\/wp-content\/uploads\/2017\/03\/Tihomir-Zoranovi%C4%87-1.png\"><\/a><\/td><td>Informatika i informacioni sistemi<\/td><td>021\/485-3231<\/td><td>tihomir.zoranovic(at)polj.uns.ac.rs<\/td><td><a href=\"http:\/\/ae.polj.uns.ac.rs\/wp-content\/uploads\/2017\/03\/Tihomir-Zoranovi%C4%87.pdf\">Tihomir Zoranovi\u0107<\/a><\/td><\/tr><tr><td>dr DEJAN JANKOVI\u0106 <a href=\"http:\/\/ae.polj.uns.ac.rs\/wp-content\/uploads\/2017\/03\/Dejan-Jankovi%C4%87-e1677494652391.jpg\"><\/a><\/td><td>Sociologija<\/td><td>021\/485-3381<\/td><td>dejan.jankovic(at)polj.uns.ac.rs<\/td><td><a href=\"http:\/\/ae.polj.uns.ac.rs\/wp-content\/uploads\/2017\/03\/Dejan-Jankovi%C4%87.pdf\">Dejan Jankovi\u0107<\/a><\/td><\/tr><tr><td>dr MIRJANA LUKA\u010c-BULATOVI\u0106 <a href=\"http:\/\/ae.polj.uns.ac.rs\/wp-content\/uploads\/2017\/03\/Mirjana-Luka%C4%8D-Bulatovi%C4%87-e1677494791552.png\"><\/a><\/td><td>Menad\u017ement i organizacija u poljoprivredi<\/td><td>021\/485-3331<\/td><td>mirjana.lukac(at)polj.uns.ac.rs<\/td><td><a href=\"http:\/\/ae.polj.uns.ac.rs\/wp-content\/uploads\/2017\/03\/Mirjana-Luka%C4%8D-Bulatovi%C4%87.pdf\">Mirjana Luka\u010d-Bulatovi\u0107<\/a><\/td><\/tr><tr><td>dr TODOR MARKOVI\u0106 <a href=\"http:\/\/ae.polj.uns.ac.rs\/wp-content\/uploads\/2017\/03\/Todor-markovi%C4%87-e1677494821426.jpg\"><\/a><\/td><td>Ra\u010dunovodstvo i ekonomika poljoprivrednih gazdinstava<\/td><td>021\/485-3419<\/td><td>todor.markovic(at)polj.uns.ac.rs<\/td><td><a href=\"http:\/\/ae.polj.uns.ac.rs\/wp-content\/uploads\/2017\/03\/Todor-Markovi%C4%87.pdf\">Todor Markovi\u0107<\/a><\/td><\/tr><tr><td>dr DRAGAN MILI\u0106 <a href=\"http:\/\/ae.polj.uns.ac.rs\/wp-content\/uploads\/2017\/03\/Dragan-Mili%C4%87-e1677495048618.jpg\"><\/a><\/td><td>Ra\u010dunovodstvo i ekonomika poljoprivrednih gazdinstava<\/td><td>021\/485-3274<\/td><td>dragan.milic(at)polj.uns.ac.rs<\/td><td><a href=\"http:\/\/ae.polj.uns.ac.rs\/wp-content\/uploads\/2017\/03\/Dragan-Mili%C4%87-1.pdf\">Dragan Mili\u0107<\/a><\/td><\/tr><tr><td>dr BEBA MUTAVD\u017dI\u0106 <a href=\"http:\/\/ae.polj.uns.ac.rs\/wp-content\/uploads\/2017\/03\/Beba-Mutavd%C5%BEi%C4%87-e1677495067212.jpg\"><\/a><\/td><td>Kvantitativne metode u agroekonomiji<\/td><td>021\/485-3382<\/td><td>beba.mutavdzic(at)polj.uns.ac.rs<\/td><td><a href=\"http:\/\/ae.polj.uns.ac.rs\/wp-content\/uploads\/2017\/03\/Beba-Mutavd%C5%BEi%C4%87-1.pdf\">Beba Mutavd\u017ei\u0107<\/a><\/td><\/tr><tr><td>dr VESNA&nbsp;RODI\u0106 <a href=\"http:\/\/ae.polj.uns.ac.rs\/wp-content\/uploads\/2017\/03\/Vesna-Rodi%C4%87-e1677494949430.jpg\"><\/a><\/td><td>Menad\u017ement i organizacija u poljoprivredi<\/td><td>021\/485-3313<\/td><td>vesna.rodic(at)polj.uns.ac.rs<\/td><td><a href=\"http:\/\/ae.polj.uns.ac.rs\/wp-content\/uploads\/2017\/03\/Vesna-Rodi%C4%87-1.pdf\">Vesna Rodi\u0107<\/a><\/td><\/tr><tr><td>dr NEDELJKO TICA <a href=\"http:\/\/ae.polj.uns.ac.rs\/wp-content\/uploads\/2017\/03\/Nedeljko-Tica-e1677494971665.jpg\"><\/a><\/td><td>Ra\u010dunovodstvo i ekonomika poljoprivrednih gazdinstava<\/td><td>021\/485-3384<\/td><td>nedeljko.tica(at)polj.uns.ac.rs<\/td><td><a href=\"http:\/\/ae.polj.uns.ac.rs\/wp-content\/uploads\/2017\/03\/Nedeljko-Tica-1.pdf\">Nedeljko Tica<\/a><\/td><\/tr><tr><td colspan=\"5\"><strong>VANREDNI PROFESORI<\/strong><\/td><\/tr><tr><td>dr BOJANA KOMAROMI <a href=\"http:\/\/ae.polj.uns.ac.rs\/wp-content\/uploads\/2017\/03\/Bojana-Komaromi-e1677495118199.jpg\"><\/a><\/td><td>Engleski jezik<\/td><td>021\/485-3506<\/td><td>bojana.komaromi(at)polj.uns.ac.rs<\/td><td><a href=\"http:\/\/ae.polj.uns.ac.rs\/wp-content\/uploads\/2017\/03\/Bojana-Komaromi.pdf\">Bojana Komaromi<\/a><\/td><\/tr><tr><td>dr MARINA NOVAKOV <a href=\"http:\/\/ae.polj.uns.ac.rs\/wp-content\/uploads\/2017\/03\/Marina-Novakov-e1677495137509.jpg\"><\/a><\/td><td>Sociologija<\/td><td>021\/485-3328<\/td><td>marina.novakov(at)polj.uns.ac.rs<\/td><td><a href=\"http:\/\/ae.polj.uns.ac.rs\/wp-content\/uploads\/2017\/03\/Marina-Novakov-1.pdf\">Marina Novakov<\/a><\/td><\/tr><tr><td>dr MARICA PETROVI\u0106 <a href=\"http:\/\/ae.polj.uns.ac.rs\/wp-content\/uploads\/2017\/03\/Marica-Petrovi%C4%87-e1677495155909.jpg\"><\/a><\/td><td>Sociologija<\/td><td>021\/485-3270<\/td><td>marica.petrovic(at)polj.uns.ac.rs<\/td><td><a href=\"http:\/\/ae.polj.uns.ac.rs\/wp-content\/uploads\/2017\/03\/Marica-Petrovi%C4%87.pdf\">Marica Petrovi\u0107<\/a><\/td><\/tr><tr><td>dr MIRELA TOMA\u0160-SIMIN <a href=\"http:\/\/ae.polj.uns.ac.rs\/wp-content\/uploads\/2017\/03\/Mirela-Toma%C5%A1-Simin-1.jpg\"><\/a><a href=\"http:\/\/ae.polj.uns.ac.rs\/wp-content\/uploads\/2017\/03\/Mirela-Toma%C5%A1-Simin-e1677495193594.jpg\"><br><\/a><\/td><td>Agrarna ekonomija i ruralni razvoj<\/td><td>021\/485-3514<\/td><td>mirela.tomas(at)polj.uns.ac.rs<\/td><td><a href=\"http:\/\/ae.polj.uns.ac.rs\/wp-content\/uploads\/2017\/03\/Mirela-Toma%C5%A1-Simin.pdf\">Mirela Toma\u0161-Simin<\/a><\/td><\/tr><tr><td colspan=\"5\"><strong>DOCENTI<\/strong><\/td><\/tr><tr><td>dr DANICA GLAVA\u0160-TRBI\u0106 <a href=\"http:\/\/ae.polj.uns.ac.rs\/wp-content\/uploads\/2017\/03\/Danica-GT-e1677495086676.jpg\"><\/a><\/td><td>Agrarna ekonomija i ruralni razvoj<\/td><td>021\/485-3508<\/td><td>danicagt(at)polj.uns.ac.rs<\/td><td><a href=\"http:\/\/ae.polj.uns.ac.rs\/wp-content\/uploads\/2017\/03\/Danica-Glava%C5%A1-Trbi%C4%87-1.pdf\">Danica Glava\u0161-Trbi\u0107<\/a><\/td><\/tr><tr><td>dr&nbsp;JELENA DESPOTOVI\u0106 <a href=\"http:\/\/ae.polj.uns.ac.rs\/wp-content\/uploads\/2017\/03\/Jelena-Despotovi%C4%87-e1677495103620.jpg\"><\/a><\/td><td>Menad\u017ement i organizacija u poljoprivredi<\/td><td>021\/485-3331<\/td><td>jelena.despotovic(at)polj.uns.ac.rs<\/td><td><a href=\"http:\/\/ae.polj.uns.ac.rs\/wp-content\/uploads\/2017\/03\/Jelena-Despotovi%C4%87-1.pdf\">Jelena Despotovi\u0107<\/a><\/td><\/tr><tr><td>dr ALEKSANDAR MILJATOVI\u0106 <a href=\"http:\/\/ae.polj.uns.ac.rs\/wp-content\/uploads\/2017\/03\/Aleksandar-Miljatovi%C4%87-e1677495255290.jpg\"><\/a><\/td><td>Ra\u010dunovodstvo i ekonomika poljoprivrednih gazdinstava<\/td><td>021\/485-3239<\/td><td>aleksandar.miljatovic(at)polj.uns.ac.rs<\/td><td><a href=\"http:\/\/ae.polj.uns.ac.rs\/wp-content\/uploads\/2017\/03\/Aleksandar-Miljatovi%C4%87.pdf\">Aleksandar Miljatovi\u0107<\/a><\/td><\/tr><tr><td>dr TIHOMIR NOVAKOVI\u0106 <a href=\"http:\/\/ae.polj.uns.ac.rs\/wp-content\/uploads\/2017\/03\/Tihomir-Novakovi%C4%87-e1677495276934.jpg\"><\/a><\/td><td>Kvantitativne metode u agroekonomiji<\/td><td>021\/485-3307<\/td><td>tihomir.novakovic(at)polj.uns.ac.rs<\/td><td><a href=\"http:\/\/ae.polj.uns.ac.rs\/wp-content\/uploads\/2017\/03\/Tihomir-Novakovi%C4%87-2.pdf\">Tihomir Novakovi\u0107<\/a><\/td><\/tr><tr><td>dr DRAGANA NOVAKOVI\u0106 <a href=\"http:\/\/ae.polj.uns.ac.rs\/wp-content\/uploads\/2017\/03\/Dragana-Teki%C4%87-e1677495339286.jpg\"><\/a><\/td><td>Kvantitativne metode u agroekonomiji<\/td><td>&nbsp;021\/485-3380<\/td><td>dragana.tekic(at)polj.uns.ac.rs<\/td><td><a href=\"http:\/\/ae.polj.uns.ac.rs\/wp-content\/uploads\/2026\/03\/Biografija-Dragana-Novakovic.pdf\">Dragana Novakovi\u0107<\/a><\/td><\/tr><tr><td>dr VUK RADOJEVI\u0106 <a href=\"http:\/\/ae.polj.uns.ac.rs\/wp-content\/uploads\/2017\/03\/Vuk-Radojevi%C4%87-e1677495176915.jpg\"><\/a><\/td><td>Tr\u017ei\u0161te i marketing poljoprivredno-prehrambenih proizvoda<\/td><td>021\/485-3420<\/td><td>vuk.radojevic(at)polj.uns.ac.rs<\/td><td><a href=\"http:\/\/ae.polj.uns.ac.rs\/wp-content\/uploads\/2017\/03\/Vuk-Radojevi%C4%87.pdf\">Vuk Radojevi\u0107<\/a><\/td><\/tr><tr><td colspan=\"5\"><strong>PREDAVA\u010cI<\/strong><\/td><\/tr><tr><td>mr ALEKSANDAR JAGROVI\u0106 <a href=\"http:\/\/ae.polj.uns.ac.rs\/wp-content\/uploads\/2017\/03\/Aleksandar-Jagrovi%C4%87-e1677495213504.jpg\"><\/a><\/td><td>Engleski jezik<\/td><td>021\/485-3506<\/td><td>aleksandar.jagrovic(at)polj.uns.ac.rs<\/td><td><a href=\"http:\/\/ae.polj.uns.ac.rs\/wp-content\/uploads\/2017\/03\/Aleksandar-Jagrovi%C4%87-1.pdf\">Aleksandar Jagrovi\u0107<\/a><\/td><\/tr><tr><td>dr IGOR CVIJANOVI\u0106 <a href=\"http:\/\/ae.polj.uns.ac.rs\/wp-content\/uploads\/2017\/03\/Igor-Cvijanovi%C4%87-e1677495233517.jpg\"><\/a><\/td><td>Engleski jezik<\/td><td>021\/485-3506<\/td><td>igor.cvijanovic(at)polj.uns.ac.rs<\/td><td><a href=\"http:\/\/ae.polj.uns.ac.rs\/wp-content\/uploads\/2017\/03\/Igor-Cvijanovi%C4%87-1.pdf\">Igor Cvijanovi\u0107<\/a><\/td><\/tr><tr><td colspan=\"5\"><strong>ASISTENTI<\/strong><\/td><\/tr><tr><td>mast. aekon. MILANA POPOV <a href=\"http:\/\/ae.polj.uns.ac.rs\/wp-content\/uploads\/2017\/03\/Milana-Maricki-1.gif\"><\/a><\/td><td>Ra\u010dunovodstvo i ekonomika poljoprivrednih gazdinstava<\/td><td>&nbsp;<\/td><td>milana.popov(at)polj.edu.rs<\/td><td><a href=\"http:\/\/ae.polj.uns.ac.rs\/wp-content\/uploads\/2017\/03\/Milana-Maricki%C4%87.pdf\">Milana Maricki\u0107<\/a><\/td><\/tr><tr><td>mast. ekon. VANJA RATKOV <a href=\"http:\/\/ae.polj.uns.ac.rs\/wp-content\/uploads\/2017\/03\/Vanja-Ratkov-e1677495318683.jpg\"><\/a><\/td><td>Informatika i informacioni sistemi<\/td><td>&nbsp;<\/td><td>vanja.ratkov(at)polj.uns.ac.rs<\/td><td><a href=\"http:\/\/ae.polj.uns.ac.rs\/wp-content\/uploads\/2017\/03\/Vanja-Ratkov.pdf\">Vanja Ratkov<\/a><\/td><\/tr><tr><td>mast. aekon. VELJKO \u0160ARAC <a href=\"http:\/\/ae.polj.uns.ac.rs\/wp-content\/uploads\/2017\/03\/Veljko-%C5%A0arac-e1677495382395.jpg\"><\/a><\/td><td>Menad\u017ement i organizacija u poljoprivredi<\/td><td>&nbsp;<\/td><td>veljko.sarac(at)polj.uns.ac.rs<\/td><td>&nbsp;<a href=\"http:\/\/ae.polj.uns.ac.rs\/wp-content\/uploads\/2017\/03\/Veljko-%C5%A0arac-1.pdf\">Veljko \u0160arac<\/a><\/td><\/tr><tr><td colspan=\"4\"><strong>ISTRA\u017dIVA\u010cI<\/strong><\/td><td>&nbsp;<\/td><\/tr><tr><td>mast. aekon. Bogdan Joci\u0107<\/td><td>&nbsp;<\/td><td>&nbsp;<\/td><td>bogdan.jocic@polj.uns.ac.rs<\/td><td>&nbsp;<\/td><\/tr><\/tbody><\/table><\/figure>\n","protected":false},"excerpt":{"rendered":"<p>IME I PREZIME U\u017dA NAU\u010cNA OBLAST TELEFON E-MAIL ADRESA BIOGRAFIJA REDOVNI PROFESORI dr JANKO VESELINOVI\u0106 Privredno pravo 021\/485-3378 janko.veselinovic(at)polj.uns.ac.rs Janko Veselinovi\u0107 dr NATA\u0160A VUKELI\u0106 Menad\u017ement i organizacija u poljoprivredi 021\/485-3392 natasa.vukelic(at)polj.uns.ac.rs Natasa Vukeli\u0107 dr VELJKO VUKOJE Ra\u010dunovodstvo i ekonomika poljoprivrednih gazdinstava 021\/485-3397 veljko.vukoje(at)polj.uns.ac.rs Veljko Vukoje dr KATARINA \u0110URI\u0106 Agrarna ekonomija i ruralni razvoj 021\/485-3232 katarina.djuric(at)polj.uns.ac.rs Katarina \u0110uri\u0107 dr VLADISLAV ZEKI\u0106 Ra\u010dunovodstvo i ekonomika poljoprivrednih gazdinstava 021\/485-3510 vladislav.zekic(at)polj.uns.ac.rs Vladislav Zeki\u0107 dr TIHOMIR ZORANOVI\u0106 Informatika i informacioni sistemi 021\/485-3231 tihomir.zoranovic(at)polj.uns.ac.rs Tihomir Zoranovi\u0107&hellip;<\/p>\n","protected":false},"author":1,"featured_media":0,"parent":0,"menu_order":0,"comment_status":"closed","ping_status":"closed","template":"","meta":{"footnotes":""},"class_list":["post-50","page","type-page","status-publish","hentry"],"_links":{"self":[{"href":"http:\/\/ae.polj.uns.ac.rs\/index.php\/wp-json\/wp\/v2\/pages\/50","targetHints":{"allow":["GET"]}}],"collection":[{"href":"http:\/\/ae.polj.uns.ac.rs\/index.php\/wp-json\/wp\/v2\/pages"}],"about":[{"href":"http:\/\/ae.polj.uns.ac.rs\/index.php\/wp-json\/wp\/v2\/types\/page"}],"author":[{"embeddable":true,"href":"http:\/\/ae.polj.uns.ac.rs\/index.php\/wp-json\/wp\/v2\/users\/1"}],"replies":[{"embeddable":true,"href":"http:\/\/ae.polj.uns.ac.rs\/index.php\/wp-json\/wp\/v2\/comments?post=50"}],"version-history":[{"count":147,"href":"http:\/\/ae.polj.uns.ac.rs\/index.php\/wp-json\/wp\/v2\/pages\/50\/revisions"}],"predecessor-version":[{"id":13148,"href":"http:\/\/ae.polj.uns.ac.rs\/index.php\/wp-json\/wp\/v2\/pages\/50\/revisions\/13148"}],"wp:attachment":[{"href":"http:\/\/ae.polj.uns.ac.rs\/index.php\/wp-json\/wp\/v2\/media?parent=50"}],"curies":[{"name":"wp","href":"https:\/\/api.w.org\/{rel}","templated":true}]}}