{"id":48,"date":"2017-03-17T07:34:09","date_gmt":"2017-03-17T07:34:09","guid":{"rendered":"http:\/\/ae.polj.uns.ac.rs\/?page_id=48"},"modified":"2025-11-12T13:08:07","modified_gmt":"2025-11-12T13:08:07","slug":"o-nama","status":"publish","type":"page","link":"http:\/\/ae.polj.uns.ac.rs\/index.php\/o-nama\/","title":{"rendered":"O nama"},"content":{"rendered":"<table width=\"799\">\n<tbody>\n<tr>\n<td>\n<h4><em>Katedra za ekonomiku poljoprivrede na Poljoprivrednom fakultetu u Novom Sadu osnovana je 1957. godine. Katedra deluje u okviru Instituta, odnosno, od 2004. godine, Departmana za ekonomiku poljoprivrede i sociologiju sela.<\/em><\/h4>\n<\/td>\n<\/tr>\n<\/tbody>\n<\/table>\n<p>Institut za ekonomiku poljoprivrede osnovan je 1971. godine na Poljoprivrednom fakultetu u Novom Sadu, a 1977. godine osnovan je i samostalni nau\u010dni Institut za sociolo\u0161ka istra\u017eivanja sela. Sada\u0161nji Departman (do 2004. godine pod nazivom Institut) je nastao 1983. godine integracijom dva pomenuta instituta: Instituta za ekonomiku poljoprivrede i Instituta za sociolo\u0161ka istra\u017eivanja sela.<\/p>\n<p>Osnivanjem i uspe\u0161nim radom Katedre i Instituta sazrevalo je mi\u0161ljenje o potrebi agroekonomske struke sa posebnim obrazovnim profilom na Poljoprivrednom fakultetu u Novom Sadu. Tako je 1977. godine osnovan <em>Agroekonomski smer<\/em>, kao jedan od studijskih programa Poljoprivrednog fakulteta u Novom Sadu, koji obrazuje stru\u010dnjake u polju dru\u0161tveno-humanisti\u010dkih nauka, odnosno oblasti ekonomskih nauka, koji u skladu sa tim sti\u010du akademski naziv diplomirani <em>Agroekonomista<\/em>.<\/p>\n<p>Na\u0161i diplomirani studenti, danas po pravilu uspe\u0161ni agroekonomisti, kontinuirano su konsultovani od strane Departmana u cilju obezbe\u0111ivanja povratnih informacija o sektorima anga\u017eovanja i zapo\u0161ljavanja agroekonomista u struci, njihovim trenutnim pozicijama, aktivnostima, stru\u010dnim i poslovnim dostignu\u0107ima, mogu\u0107nostima za zapo\u0161ljavanje u sektoru i sl. Agroekonomisti u privredi su konsultovani u vezi sa nastavnim planovima i programima, kao i ve\u0161tinama i znanjima koje jedan agroekonomista treba da poseduje kako bi uspe\u0161no radio i razvijao sopstvenu karijeru. Takve informacije se analiziraju i implementiraju u procesu podizanja kvaliteta studijskih programa koji su ponu\u0111eni na Departmanu, a koji pored op\u0161te obrazovnih znanja moraju da obu\u010de stru\u010dnjake za rad, dono\u0161enje odluka i re\u0161avanje problema u agroekonomskoj praksi.<\/p>\n<p>Na\u0161 Departman danas je prepoznatljiv u okvirima Poljoprivrednog fakulteta u Novom Sadu, ali i privredi Vojvodine i Republike Srbije u kojoj je anga\u017eovano vi\u0161e od 1200 stru\u010dnjaka obrazovanih u okviru na\u0161eg Departmana, koji pripadaju profesiji Agroekonomiste<em>\u00a0<\/em>i mnogi od njih zauzimaju va\u017ena i rukovode\u0107a mesta u agrobiznisu Republike Srbije, dr\u017eavnim organima i dru\u0161tvu uop\u0161te.<\/p>\n<p>Nastavnici i saradnici Departmana svoje nastavne i nau\u010dno-istra\u017eiva\u010dke aktivnosti realizuju u nekoliko nau\u010dnih oblasti: Menad\u017ement i organizacija u poljoprivredi, Ra\u010dunovodstvo i ekonomika poljoprivrednih gazdinstava, Ekonomija, Tr\u017ei\u0161te i marketing poljoprivredno-prehrambenih proizvoda, Informatika i sistemska analiza, Sociologija, Statistika i Privredno pravo.<\/p>\n<p>U okviru delatnosti Departmana odvijaju se raznovrsne nau\u010dno-istra\u017eiva\u010dke i stru\u010dne aktivnosti. Zajedno sa drugim institucijama u zemlji Departman je u\u010desnik na projektima Ministarstva nauke, prosvete i tehnolo\u0161kog razvoja, Ministarstva poljoprivrede, \u0161umarstva i vodoprivrede, projektima Sekretarijata nauke, poljoprivrede i drugih sekretarijata AP Vojvodine, kao i na me\u0111unarodnim projektima. Departman pru\u017ea i stru\u010dne usluge u oblasti finansijskog konsaltinga, izrade stru\u010dnih agroekonomskih studija i analiza, tr\u017ei\u0161nih, marketin\u0161kih i sociolo\u0161kih istra\u017eivanja.<\/p>\n<p>Departman je izdava\u010d \u010dasopisa <em>Agroekonomika<\/em>, koji je decenijama jedan od vode\u0107ih i prepoznatih \u010dasopisa iz ove oblasti. Nulti broj ovog \u010dasopisa iza\u0161ao je daleke 1972. godine. Danas se u <em>Agroekonomici<\/em> \u010detiri puta godi\u0161nje objavljuju kvalitetni nau\u010dni i stru\u010dni (recenzirani) radovi doma\u0107ih i stranih autora. Veliki broj radova objavljuju \u010dlanovi Departmana, istra\u017eiva\u010di sa na\u0161eg i drugih fakulteta i nau\u010dnih instituta, kao i studenti doktorskih studija.<\/p>\n<p>\u010clanovi Departmana su decenijama unazad objavili veliki broj nau\u010dnih radova, knjiga, monografija, ud\u017ebenika i istra\u017eiva\u010dkih studija. Mnogi \u010dlanovi Departmana su saop\u0161tavali svoje radove na najeminentnijim nau\u010dnim skupovima u zemlji i inostranstvu i imaju radove u referentnim svetskim nau\u010dnim \u010dasopisima, kao i stru\u010dna usavr\u0161avanja na vode\u0107im univerzitetima u Evropi i svetu.<\/p>\n<p><strong><em>Za\u0161to je dobra odluka studirati na na\u0161em Departmanu? Postoji mnogo razloga koji idu u prilog Va\u0161oj odluci da ula\u017eete u svoje obrazovanje na na\u0161im studijskim programima. U Republici Srbiji kao zemlji u kojoj poljoprivreda \u010dini relevantan sektor u ukupnoj privrednoj aktivnosti i Vojvodini koja predstavlja region sa visoko produktivnom poljoprivredom i integrisanom prera\u0111iva\u010dkom industrijom, obrazovani profili koje nudi na\u0161 Departman imaju veliku perspektivu.<\/em><\/strong><\/p>\n<table>\n<tbody>\n<tr>\n<td width=\"214\">\n<h5><strong>Direktor<br \/>\n<\/strong><strong>Departmana<\/strong><\/h5>\n<\/td>\n<td width=\"214\">\n<h5><strong>\u0160ef Katedre za ekonomiku poljoprivrede<\/strong><\/h5>\n<\/td>\n<td width=\"214\">\n<h5><strong>Upravnik Instituta za ekonomiku poljoprivrede<br \/>\n<\/strong><\/h5>\n<\/td>\n<\/tr>\n<tr>\n<td width=\"214\"><strong>dr Dejan Jankovi\u0107, redovni profesor<\/strong><\/p>\n<p><strong>tel: 021 485 3381<br \/>\n<\/strong>email: jankovic(at)polj.uns.ac.rs\u00a0 Adresa:<br \/>\nUniverzitet u Novom Sadu<br \/>\nPoljoprivredni fakultet<br \/>\nDepartman za ekonomiku poljoprivrede i sociologiju<br \/>\nsela<br \/>\nTrg Dositeja Obradovi\u0107a 8,<br \/>\n21101 Novi Sad<br \/>\nSrbija<br \/>\nKancelarija: sto\u010darski paviljon, IV sprat, br. 6<\/td>\n<td width=\"214\"><strong>dr Mirela Toma\u0161 Simin, vanredni profesor<\/strong><\/p>\n<p><strong>tel: 021 485 3232<br \/>\n<\/strong>email: mirela.tomas(at)polj.uns.ac.rs Adresa:<br \/>\nUniverzitet u Novom Sadu<br \/>\nPoljoprivredni fakultet<br \/>\nDepartman za ekonomiku poljoprivrede i sociologiju<br \/>\nsela<br \/>\nTrg Dositeja Obradovi\u0107a 8,<br \/>\n21101 Novi Sad<br \/>\nSrbija<br \/>\nKancelarija: sto\u010darski paviljon, IV sprat, br. 7<\/td>\n<td width=\"214\"><strong>dr Tihomir Novakovi\u0107, docent<\/strong><\/p>\n<p><strong>tel: 021 485 3307<br \/>\n<\/strong>email: tihomir.novakovic(at)polj.edu.rs Adresa:<br \/>\nUniverzitet u Novom Sadu<br \/>\nPoljoprivredni fakultet<br \/>\nDepartman za ekonomiku poljoprivrede i sociologiju<br \/>\nsela<br \/>\nTrg Dositeja Obradovi\u0107a 8,<br \/>\n21101 Novi Sad<br \/>\nSrbija<br \/>\nKancelarija: sto\u010darski paviljon,<br \/>\nIV sprat, br. 10<\/td>\n<\/tr>\n<\/tbody>\n<\/table>\n<table width=\"799\">\n<tbody>\n<tr>\n<td><\/td>\n<\/tr>\n<\/tbody>\n<\/table>\n","protected":false},"excerpt":{"rendered":"<p>Katedra za ekonomiku poljoprivrede na Poljoprivrednom fakultetu u Novom Sadu osnovana je 1957. godine. Katedra deluje u okviru Instituta, odnosno, od 2004. godine, Departmana za ekonomiku poljoprivrede i sociologiju sela. Institut za ekonomiku poljoprivrede osnovan je 1971. godine na Poljoprivrednom fakultetu u Novom Sadu, a 1977. godine osnovan je i samostalni nau\u010dni Institut za sociolo\u0161ka istra\u017eivanja sela. Sada\u0161nji Departman (do 2004. godine pod nazivom Institut) je nastao 1983. godine integracijom dva pomenuta instituta: Instituta za ekonomiku poljoprivrede i Instituta za&hellip;<\/p>\n","protected":false},"author":1,"featured_media":0,"parent":0,"menu_order":0,"comment_status":"closed","ping_status":"closed","template":"","meta":{"footnotes":""},"class_list":["post-48","page","type-page","status-publish","hentry"],"_links":{"self":[{"href":"http:\/\/ae.polj.uns.ac.rs\/index.php\/wp-json\/wp\/v2\/pages\/48","targetHints":{"allow":["GET"]}}],"collection":[{"href":"http:\/\/ae.polj.uns.ac.rs\/index.php\/wp-json\/wp\/v2\/pages"}],"about":[{"href":"http:\/\/ae.polj.uns.ac.rs\/index.php\/wp-json\/wp\/v2\/types\/page"}],"author":[{"embeddable":true,"href":"http:\/\/ae.polj.uns.ac.rs\/index.php\/wp-json\/wp\/v2\/users\/1"}],"replies":[{"embeddable":true,"href":"http:\/\/ae.polj.uns.ac.rs\/index.php\/wp-json\/wp\/v2\/comments?post=48"}],"version-history":[{"count":47,"href":"http:\/\/ae.polj.uns.ac.rs\/index.php\/wp-json\/wp\/v2\/pages\/48\/revisions"}],"predecessor-version":[{"id":12621,"href":"http:\/\/ae.polj.uns.ac.rs\/index.php\/wp-json\/wp\/v2\/pages\/48\/revisions\/12621"}],"wp:attachment":[{"href":"http:\/\/ae.polj.uns.ac.rs\/index.php\/wp-json\/wp\/v2\/media?parent=48"}],"curies":[{"name":"wp","href":"https:\/\/api.w.org\/{rel}","templated":true}]}}