{"id":449,"date":"2017-09-04T10:05:49","date_gmt":"2017-09-04T10:05:49","guid":{"rendered":"http:\/\/ae.polj.uns.ac.rs\/?page_id=449"},"modified":"2026-04-07T12:49:41","modified_gmt":"2026-04-07T12:49:41","slug":"rezultati-menadzment-stocarske-proizvodnje-menadzment-u-stocarskoj-proizvodnji-i-organizacija-stocarske-proizvodnje","status":"publish","type":"page","link":"http:\/\/ae.polj.uns.ac.rs\/index.php\/rezultati-menadzment-stocarske-proizvodnje-menadzment-u-stocarskoj-proizvodnji-i-organizacija-stocarske-proizvodnje\/","title":{"rendered":"Rezultati Menad\u017ement sto\u010darske proizvodnje, Menad\u017ement u sto\u010darskoj proizvodnji i Organizacija sto\u010darske proizvodnje"},"content":{"rendered":"<p><a href=\"http:\/\/ae.polj.uns.ac.rs\/wp-content\/uploads\/2026\/04\/MSP-APRILSKI-ROK-07.04.2026.pdf\">MSP APRILSKI ROK 07.04.2026.<\/a><\/p>\n<p><a href=\"http:\/\/ae.polj.uns.ac.rs\/wp-content\/uploads\/2026\/03\/MSP-MARTOVSKI-ROK-25.03.2026.pdf\">MSP MARTOVSKI ROK 25.03.2026.<\/a><\/p>\n<p><a href=\"http:\/\/ae.polj.uns.ac.rs\/wp-content\/uploads\/2026\/03\/MSP-FEBRUARSKI-ROK-06.03.2026.pdf\">MSP FEBRUARSKI ROK 06.03.2026.<\/a><\/p>\n<p><a href=\"http:\/\/ae.polj.uns.ac.rs\/wp-content\/uploads\/2026\/02\/MSP-JANUARSKI-ROK-23.02.2026-1.pdf\">MSP JANUARSKI ROK 23.02.2026.<\/a><\/p>\n<p><a href=\"http:\/\/ae.polj.uns.ac.rs\/wp-content\/uploads\/2026\/02\/MSP-DODATNI-ROK-03.02.2026.pdf\">MSP DODATNI ROK 03.02.2026.<\/a><\/p>\n<p><a href=\"http:\/\/ae.polj.uns.ac.rs\/wp-content\/uploads\/2025\/12\/MSP-DECEMBAR-2025-18.12.2025.pdf\">MSP DECEMBAR 2025 18.12.2025.<\/a><\/p>\n<p><a href=\"http:\/\/ae.polj.uns.ac.rs\/wp-content\/uploads\/2025\/12\/MSP-NOV\u0415MBAR-2025-01.12.2025.pdf\">MSP NOV\u0415MBAR 2025 01.12.2025.<\/a><\/p>\n<p><a href=\"http:\/\/ae.polj.uns.ac.rs\/wp-content\/uploads\/2025\/11\/MSP-NOV\u0415MBAR-2025-26.11.2025.pdf\">MSP NOV\u0415MBAR 2025 26.11.2025.<\/a><\/p>\n<p><a href=\"http:\/\/ae.polj.uns.ac.rs\/wp-content\/uploads\/2025\/11\/MSP-OKTOBAR-2025-06.11.2025.pdf\">MSP OKTOBAR 2025 06.11.2025.<\/a><\/p>\n<p><a href=\"http:\/\/ae.polj.uns.ac.rs\/wp-content\/uploads\/2025\/11\/MSP-OKTOBAR-2025-03.11.2025.pdf\">MSP OKTOBAR 2025 03.11.2025.<\/a><\/p>\n<p><a href=\"http:\/\/ae.polj.uns.ac.rs\/wp-content\/uploads\/2025\/10\/MSP-OKTOBAR-2025-27.10.2025.pdf\">MSP OKTOBAR 2025 27.10.2025.<\/a><\/p>\n<p><a href=\"http:\/\/ae.polj.uns.ac.rs\/wp-content\/uploads\/2025\/10\/MSP-SEPTEMBAR-2025-21.10.2025.pdf\">MSP SEPTEMBAR 2025 21.10.2025.<\/a><\/p>\n<p><a href=\"http:\/\/ae.polj.uns.ac.rs\/wp-content\/uploads\/2025\/10\/MSP-AVGUST-2025-06.10.2025.pdf\">MSP AVGUST 2025 06.10.2025.<\/a><\/p>\n<p><a href=\"http:\/\/ae.polj.uns.ac.rs\/wp-content\/uploads\/2025\/10\/MSP-29.09.2025-2.pdf\">MSP 29.09.2025.<\/a><\/p>\n<p><a href=\"http:\/\/ae.polj.uns.ac.rs\/wp-content\/uploads\/2024\/11\/MSP-NOVMBAR-2024-18.11.2024.pdf\">MSP NOVMBAR 2024 18.11.2024.<\/a><\/p>\n<p><a href=\"http:\/\/ae.polj.uns.ac.rs\/wp-content\/uploads\/2024\/10\/MSP-OKTOBAR-2024-24.10.2024.pdf\">MSP OKTOBAR 2024 24.10.2024.<\/a><\/p>\n<p><a href=\"http:\/\/ae.polj.uns.ac.rs\/wp-content\/uploads\/2024\/10\/MSP-OKTOBAR-2024-17.10.2024.pdf\">MSP OKTOBAR 2024 17.10.2024.<\/a><\/p>\n<p><a href=\"http:\/\/ae.polj.uns.ac.rs\/wp-content\/uploads\/2024\/10\/MSP-OKTOBAR-2024-10.10.2024.pdf\">MSP OKTOBAR 2024 10.10.2024.<\/a><\/p>\n<p><a href=\"http:\/\/ae.polj.uns.ac.rs\/wp-content\/uploads\/2024\/09\/MSP-OKTOBAR-2024-28.09.2024-2.pdf\">MSP OKTOBAR 2024 28.09.2024.<\/a><\/p>\n<p><a href=\"http:\/\/ae.polj.uns.ac.rs\/wp-content\/uploads\/2017\/09\/MSP-SEPTEMBAR-2024-12.09.2024..pdf\">MSP SEPTEMBAR 2024 12.09.2024.<\/a><\/p>\n<p><a href=\"http:\/\/ae.polj.uns.ac.rs\/wp-content\/uploads\/2017\/09\/MSP-AVGUST-2024-30.08.2024..pdf\">MSP AVGUST 2024 30.08.2024.<\/a><\/p>\n<p><a href=\"http:\/\/ae.polj.uns.ac.rs\/wp-content\/uploads\/2017\/09\/\u0408\u0423\u041b-2024-\u041c\u0421\u041f.docx\">\u0408\u0423\u041b 2024 \u041c\u0421\u041f<\/a><\/p>\n<p><a href=\"http:\/\/ae.polj.uns.ac.rs\/wp-content\/uploads\/2017\/09\/MSP-JUN-2024-24.06.2024..pdf\">MSP JUN 2024 24.06.2024.<\/a><\/p>\n<p><a href=\"http:\/\/ae.polj.uns.ac.rs\/wp-content\/uploads\/2017\/09\/REZULTATI-DRUGOG-TESTA-30.05.2024.-S.pdf\">REZULTATI DRUGOG TESTA 30.05.2024. S<\/a><\/p>\n<p><a href=\"http:\/\/ae.polj.uns.ac.rs\/wp-content\/uploads\/2017\/09\/REZULTATI-DRUGOG-TESTA-30.05.2024.-A.pdf\">REZULTATI DRUGOG TESTA 30.05.2024. A<\/a><\/p>\n<p><a href=\"http:\/\/ae.polj.uns.ac.rs\/wp-content\/uploads\/2017\/09\/REZULTATI-TESTA-IZ-PREDMETA-MENAD\u017dMENT-STO\u010cARSKE-PROIZVODNJE-2024.pdf\">REZULTATI TESTA IZ PREDMETA MENAD\u017dMENT STO\u010cARSKE PROIZVODNJE 2024<\/a><\/p>\n<p><a href=\"http:\/\/ae.polj.uns.ac.rs\/wp-content\/uploads\/2017\/09\/MSP-MAJ-2024-17.05.2024..pdf\">MSP MAJ 2024 17.05.2024.<\/a><\/p>\n<p><a href=\"http:\/\/ae.polj.uns.ac.rs\/wp-content\/uploads\/2017\/09\/REZULTATI-PRVOG-TESTA-25.04.2024.-1.pdf\">REZULTATI PRVOG TESTA 25.04.2024.<\/a>\u00a0S<\/p>\n<p><a href=\"http:\/\/ae.polj.uns.ac.rs\/wp-content\/uploads\/2017\/09\/REZULTATI-PRVOG-TESTA-25.04.2024..pdf\">REZULTATI PRVOG TESTA 25.04.2024.<\/a>\u00a0AE<\/p>\n<p><a href=\"http:\/\/ae.polj.uns.ac.rs\/wp-content\/uploads\/2017\/09\/MSP-MART-2024-15.03.2024..pdf\">MSP MART 2024 15.03.2024.<\/a><\/p>\n<p><a href=\"http:\/\/ae.polj.uns.ac.rs\/wp-content\/uploads\/2017\/09\/MSP-FEBRUAR-2024-09.02.2024..pdf\">MSP FEBRUAR 2024 09.02.2024.<\/a><\/p>\n<p><a href=\"http:\/\/ae.polj.uns.ac.rs\/wp-content\/uploads\/2017\/09\/MSP-JANUAR-2024-24.01.2024..pdf\">MSP JANUAR 2024 24.01.2024.<\/a><\/p>\n<p><a href=\"http:\/\/ae.polj.uns.ac.rs\/wp-content\/uploads\/2017\/09\/MSP-JANUAR-2024-18.01.2024..pdf\">MSP JANUAR 2024 18.01.2024.<\/a><\/p>\n<p><a href=\"http:\/\/ae.polj.uns.ac.rs\/wp-content\/uploads\/2017\/09\/MSP-NOVEMBAR-2023-17.11.2023.-1.pdf\">MSP NOVEMBAR 2023 17.11.2023.<\/a><\/p>\n<p><a href=\"http:\/\/ae.polj.uns.ac.rs\/wp-content\/uploads\/2017\/09\/MSP-OKTOBAR-5-2023-30.10.2023..pdf\">MSP OKTOBAR 5 2023 30.10.2023.<\/a><\/p>\n<p><a href=\"http:\/\/ae.polj.uns.ac.rs\/wp-content\/uploads\/2017\/09\/MSP-OKTOBAR-4-2023-24.10.2023..pdf\">MSP OKTOBAR 4 2023 24.10.2023.<\/a><\/p>\n<p><a href=\"http:\/\/ae.polj.uns.ac.rs\/wp-content\/uploads\/2017\/09\/MSP-OKTOBAR-3-2023-17.10.2023..pdf\">MSP OKTOBAR 3 2023 17.10.2023.<\/a><\/p>\n<p><a href=\"http:\/\/ae.polj.uns.ac.rs\/wp-content\/uploads\/2019\/11\/MSP-OKTOBAR-I-2023-09.10.2023..pdf\">MSP OKTOBAR I 2023 09.10.2023.<\/a><\/p>\n<p><a href=\"http:\/\/ae.polj.uns.ac.rs\/wp-content\/uploads\/2017\/09\/MSP-OKTOBAR-2023-28.09.2023..pdf\">MSP OKTOBAR 2023 28.09.2023.<\/a><\/p>\n<p><a href=\"http:\/\/ae.polj.uns.ac.rs\/wp-content\/uploads\/2017\/09\/MSP-SEPTEMBAR-2023-18.09.2023..pdf\">MSP SEPTEMBAR 2023 18.09.2023.<\/a><\/p>\n<p><a href=\"http:\/\/ae.polj.uns.ac.rs\/wp-content\/uploads\/2017\/09\/MSP-SEPTEMBAR-2023-15.09.2023..pdf\">MSP SEPTEMBAR 2023 15.09.2023.<\/a><\/p>\n<p><a href=\"http:\/\/ae.polj.uns.ac.rs\/wp-content\/uploads\/2019\/11\/MSP-AVGUST-2023-30.08.2023..pdf\">MSP AVGUST 2023 30.08.2023.<\/a><\/p>\n<p><a href=\"http:\/\/ae.polj.uns.ac.rs\/wp-content\/uploads\/2017\/09\/JUL-2023-MSP.pdf\">JUL &#8211; 2023 MSP<\/a><\/p>\n<p><a href=\"http:\/\/ae.polj.uns.ac.rs\/wp-content\/uploads\/2017\/09\/MSP-JUN-2023-19.06.2023.-1.pdf\">MSP JUN 2023 19.06.2023.<\/a><\/p>\n<p><a href=\"http:\/\/ae.polj.uns.ac.rs\/wp-content\/uploads\/2017\/09\/REZULTATI-II-TESTA-19.06.2023..pdf\">REZULTATI II TESTA 19.06.2023.<\/a>\u00a0\u0430\u0433\u0440\u043e\u0435\u043a\u043e\u043d\u043e\u043c\u0438\u0441\u0442\u0438<\/p>\n<p><a href=\"http:\/\/ae.polj.uns.ac.rs\/wp-content\/uploads\/2017\/09\/REZULTATI-II-TESTA-19.06.2023.-1.pdf\">REZULTATI II TESTA 19.06.2023.<\/a>\u00a0 \u0441\u0442\u043e\u0447\u0430\u0440\u0438<\/p>\n<p><a href=\"http:\/\/ae.polj.uns.ac.rs\/wp-content\/uploads\/2017\/09\/MSP-JUN-2023-06.06.2023..pdf\">MSP JUN 2023 06.06.2023.<\/a><\/p>\n<p><a href=\"http:\/\/ae.polj.uns.ac.rs\/wp-content\/uploads\/2017\/09\/REZULTATI-II-TESTA-05.06.2023..pdf\">REZULTATI II TESTA 05.06.2023.<\/a><\/p>\n<p><a href=\"http:\/\/ae.polj.uns.ac.rs\/wp-content\/uploads\/2017\/09\/REZULTATI-II-TESTA-05.06.2023.-1.pdf\">REZULTATI II TESTA 05.06.2023.<\/a><\/p>\n<p><a href=\"http:\/\/ae.polj.uns.ac.rs\/wp-content\/uploads\/2017\/09\/maj-2023-MSP.pdf\">maj 2023 MSP<\/a><\/p>\n<p><a href=\"http:\/\/ae.polj.uns.ac.rs\/wp-content\/uploads\/2019\/11\/REZULTATI-PRVOG-TESTA-28.04.2023..pdf\">REZULTATI PRVOG TESTA 28.04.2023.<\/a><\/p>\n<p><a href=\"http:\/\/ae.polj.uns.ac.rs\/wp-content\/uploads\/2017\/09\/REZULTATI-PRVOG-TESTA-26.04.2023..pdf\">REZULTATI PRVOG TESTA 26.04.2023.<\/a><\/p>\n<p><a href=\"http:\/\/ae.polj.uns.ac.rs\/wp-content\/uploads\/2017\/09\/April-2023-MSP-1.pdf\">April-2023-MSP (1)<\/a><\/p>\n<p><a href=\"http:\/\/ae.polj.uns.ac.rs\/wp-content\/uploads\/2017\/09\/MART-2023-1.docx\">MART 2023<\/a><\/p>\n<p><a href=\"http:\/\/ae.polj.uns.ac.rs\/wp-content\/uploads\/2017\/09\/Februar-2023-MSP.pdf\">Februar &#8211; 2023 &#8211; MSP<\/a><\/p>\n<p><a href=\"http:\/\/ae.polj.uns.ac.rs\/wp-content\/uploads\/2017\/09\/JANUAR-2023-MSP.pdf\">JANUAR 2023 MSP<\/a><\/p>\n<p><a href=\"http:\/\/ae.polj.uns.ac.rs\/wp-content\/uploads\/2017\/09\/Decembar-2022-MSP.pdf\">Decembar &#8211; 2022 &#8211; MSP<\/a><\/p>\n<p><a href=\"http:\/\/ae.polj.uns.ac.rs\/wp-content\/uploads\/2017\/09\/NOVEMBAR-2022-MSP.pdf\">NOVEMBAR 2022 MSP<\/a><\/p>\n<p><a href=\"http:\/\/ae.polj.uns.ac.rs\/wp-content\/uploads\/2017\/09\/Oktobar-5-2022-MSP.pdf\">Oktobar-5-2022-MSP<\/a><\/p>\n<p><a href=\"http:\/\/ae.polj.uns.ac.rs\/wp-content\/uploads\/2017\/09\/Oktobar-4-2022-MSP.pdf\">Oktobar-4-2022-MSP<\/a><\/p>\n<p><a href=\"http:\/\/ae.polj.uns.ac.rs\/wp-content\/uploads\/2017\/09\/Oktobar-3-2022-MSP.pdf\">Oktobar-3-2022-MSP<\/a><\/p>\n<p><a href=\"http:\/\/ae.polj.uns.ac.rs\/wp-content\/uploads\/2017\/09\/Oktobar-2-2022-MSP.docx\">Oktobar 2 &#8211; 2022 MSP<\/a><\/p>\n<p><a href=\"http:\/\/ae.polj.uns.ac.rs\/wp-content\/uploads\/2017\/09\/OKTOBAR-2022-MSP.pdf\">OKTOBAR 2022 MSP<\/a><\/p>\n<p><a href=\"http:\/\/ae.polj.uns.ac.rs\/wp-content\/uploads\/2017\/09\/SEPTEMBAR-2022-MSP.pdf\">SEPTEMBAR 2022 MSP<\/a><\/p>\n<p><a href=\"http:\/\/ae.polj.uns.ac.rs\/wp-content\/uploads\/2017\/09\/AVGUST-2022-MSP-1.pdf\">AVGUST 2022 MSP<\/a><\/p>\n<p><a href=\"http:\/\/ae.polj.uns.ac.rs\/wp-content\/uploads\/2017\/09\/JUL-2022-MSP.pdf\">JUL 2022 MSP<\/a><\/p>\n<p><a href=\"http:\/\/ae.polj.uns.ac.rs\/wp-content\/uploads\/2017\/09\/JUN-2-2022-MSP.pdf\">JUN 2 2022 MSP<\/a>\u00a015.6.2022.<\/p>\n<p><a href=\"http:\/\/ae.polj.uns.ac.rs\/wp-content\/uploads\/2017\/09\/REZULTATI-TESTA-KOJI-SE-ODNOSI-NA-USMENI-DEO-ISPITA-IZ-PREDMETA-MSP-\u0160KOLSKA-2022.pdf\">REZULTATI-TESTA-KOJI-SE-ODNOSI-NA-USMENI-DEO-ISPITA-IZ-PREDMETA-MSP-\u0160KOLSKA-2022<\/a><\/p>\n<p><a href=\"http:\/\/ae.polj.uns.ac.rs\/wp-content\/uploads\/2017\/09\/JUN-2022-MSP.pdf\">JUN 2022 MSP<\/a>\u00a0\u00a0 \u00a0 8.6.2022,<\/p>\n<p><a href=\"http:\/\/ae.polj.uns.ac.rs\/wp-content\/uploads\/2017\/09\/MAJ-2022-MSP.pdf\">MAJ 2022 MSP<\/a><\/p>\n<p><a href=\"http:\/\/ae.polj.uns.ac.rs\/wp-content\/uploads\/2017\/09\/APRIL-2022-MSP.pdf\">APRIL 2022 MSP<\/a><\/p>\n<p><a href=\"http:\/\/ae.polj.uns.ac.rs\/wp-content\/uploads\/2017\/09\/MART-2022-MSP.pdf\">MART 2022 MSP<\/a><\/p>\n<p><a href=\"http:\/\/ae.polj.uns.ac.rs\/wp-content\/uploads\/2017\/09\/FEBRUAR-2022-MSP.pdf\">FEBRUAR 2022 MSP<\/a><\/p>\n<p><a href=\"http:\/\/ae.polj.uns.ac.rs\/wp-content\/uploads\/2017\/09\/JANUAR-2022-MSP.pdf\">JANUAR 2022 MSP<\/a><\/p>\n<p><a href=\"http:\/\/ae.polj.uns.ac.rs\/wp-content\/uploads\/2017\/09\/USMENI-DECEMBAR-2021-MSP.pdf\">USMENI DECEMBAR 2021 MSP<\/a><\/p>\n<p><a href=\"http:\/\/ae.polj.uns.ac.rs\/wp-content\/uploads\/2017\/09\/DECEMBAR-2021-MSP.pdf\">DECEMBAR 2021 MSP<\/a><\/p>\n<p><a href=\"http:\/\/ae.polj.uns.ac.rs\/wp-content\/uploads\/2017\/09\/NOVEMBAR-2021-MSP.pdf\">NOVEMBAR 2021 MSP<\/a><\/p>\n<p><a href=\"http:\/\/ae.polj.uns.ac.rs\/wp-content\/uploads\/2017\/09\/OKT-VI-2021-MSP.pdf\">OKT VI 2021 MSP<\/a><\/p>\n<p><a href=\"http:\/\/ae.polj.uns.ac.rs\/wp-content\/uploads\/2017\/09\/OKTOBAR-5-2021-MSP.pdf\">OKTOBAR 5 2021 MSP<\/a><\/p>\n<p><a href=\"http:\/\/ae.polj.uns.ac.rs\/wp-content\/uploads\/2017\/09\/OKTOBAR-4-2021-MSP.pdf\">OKTOBAR 4 2021 MSP<\/a><\/p>\n<p><a href=\"http:\/\/ae.polj.uns.ac.rs\/wp-content\/uploads\/2017\/09\/OKT-III-2021-MSP.pdf\">OKTOBAR III 2021 MSP<\/a><\/p>\n<p><a href=\"http:\/\/ae.polj.uns.ac.rs\/wp-content\/uploads\/2017\/09\/OKTOBAR-2-2021-MSP.pdf\">OKTOBAR 2 2021 MSP<\/a><\/p>\n<p><a href=\"http:\/\/ae.polj.uns.ac.rs\/wp-content\/uploads\/2017\/09\/OKTOBAR-2021-MSP.pdf\">OKTOBAR 2021 MSP<\/a><\/p>\n<p><a href=\"http:\/\/ae.polj.uns.ac.rs\/wp-content\/uploads\/2017\/09\/sept-2021-MSP.pdf\">sept 2021 MSP<\/a><\/p>\n<p><a href=\"http:\/\/ae.polj.uns.ac.rs\/wp-content\/uploads\/2017\/09\/AVG-2021-USMENI-DEO-ISPITA-MSP.pdf\">AVG 2021 USMENI DEO ISPITA MSP<\/a><\/p>\n<p><a href=\"http:\/\/ae.polj.uns.ac.rs\/wp-content\/uploads\/2017\/09\/AVGUST-2021-MSP.pdf\">AVGUST 2021 MSP<\/a>\u00a0PISMENI DEO ISPITA<\/p>\n<p><a href=\"http:\/\/ae.polj.uns.ac.rs\/wp-content\/uploads\/2017\/09\/Jul-2-2021-MSP.pdf\">Jul 2 2021 MSP<\/a><\/p>\n<p><a href=\"http:\/\/ae.polj.uns.ac.rs\/wp-content\/uploads\/2017\/09\/Jul-1-2021-MSP.pdf\">Jul 1 2021 MSP<\/a>\u00a0PISMENI DEO ISPITA<\/p>\n<p><a href=\"http:\/\/ae.polj.uns.ac.rs\/wp-content\/uploads\/2017\/09\/JUN-2021-MSP.pdf\">JUN 2021 MSP<\/a>\u00a0PISMENI DEO ISPITA<\/p>\n<p><a href=\"http:\/\/ae.polj.uns.ac.rs\/wp-content\/uploads\/2017\/09\/MAJ-2021-MSP.pdf\">MAJ 2021 MSP<\/a>\u00a0PISMENI DEO ISPITA<\/p>\n<p><a href=\"http:\/\/ae.polj.uns.ac.rs\/wp-content\/uploads\/2017\/09\/APRIL-2021-USMENI-MSP.pdf\">APRIL 2021 USMENI MSP<\/a><\/p>\n<p><a href=\"http:\/\/ae.polj.uns.ac.rs\/wp-content\/uploads\/2017\/09\/APRIL-2021-MSP.pdf\">APRIL 2021 MSP<\/a><\/p>\n<p><a href=\"http:\/\/ae.polj.uns.ac.rs\/wp-content\/uploads\/2017\/09\/MART-2021-USMENI-DEO-ISPITA-MSP-1.pdf\">MART 2021 USMENI DEO ISPITA MSP<\/a><\/p>\n<p><a href=\"http:\/\/ae.polj.uns.ac.rs\/wp-content\/uploads\/2017\/09\/MART-2021-MSP.pdf\">MART 2021 MSP<\/a><\/p>\n<p><a href=\"http:\/\/ae.polj.uns.ac.rs\/wp-content\/uploads\/2017\/09\/FEBRUAR-2021-USMENI-DEO-ISPITA-MSP.pdf\">FEBRUAR 2021 USMENI DEO ISPITA MSP<\/a><\/p>\n<p><a href=\"http:\/\/ae.polj.uns.ac.rs\/wp-content\/uploads\/2017\/09\/FEBRUAR-2021-MSP.pdf\">FEBRUAR 2021 MSP<\/a><\/p>\n<p><a href=\"http:\/\/ae.polj.uns.ac.rs\/wp-content\/uploads\/2017\/09\/JANUAR-2021-usmeni-deo-ispita-MSP.pdf\">JANUAR 2021 usmeni deo ispita MSP<\/a><\/p>\n<p><a href=\"http:\/\/ae.polj.uns.ac.rs\/wp-content\/uploads\/2017\/09\/JAN-2021-MSP.pdf\">JAN 2021 MSP<\/a><\/p>\n<p><a href=\"http:\/\/ae.polj.uns.ac.rs\/wp-content\/uploads\/2017\/09\/DECEMBAR-2020-USMENI-DEO-ISPITA-MSP.pdf\">DECEMBAR 2020 USMENI DEO ISPITA MSP<\/a><\/p>\n<p><a href=\"http:\/\/ae.polj.uns.ac.rs\/wp-content\/uploads\/2017\/09\/DECEMBAR-2020-MSP.pdf\">DECEMBAR 2020 MSP<\/a><\/p>\n<p><a href=\"http:\/\/ae.polj.uns.ac.rs\/wp-content\/uploads\/2017\/09\/NOVEMBAR-2020-usmeni-deo-ispita-MSP.pdf\">NOVEMBAR 2020 usmeni deo ispita MSP<\/a><\/p>\n<p><a href=\"http:\/\/ae.polj.uns.ac.rs\/wp-content\/uploads\/2017\/09\/NOVEMBAR-2020-MSP.pdf\">NOVEMBAR 2020 MSP<\/a><\/p>\n<p><a href=\"http:\/\/ae.polj.uns.ac.rs\/wp-content\/uploads\/2017\/09\/OKTOBAR-5-USMENI-DEO-ISPITA-2020-MSP.pdf\">OKTOBAR 5 USMENI DEO ISPITA 2020 MSP<\/a><\/p>\n<p><a href=\"http:\/\/ae.polj.uns.ac.rs\/wp-content\/uploads\/2017\/09\/OKT-5-2020-MSP.pdf\">OKT 5 2020 MSP<\/a><\/p>\n<p><a href=\"http:\/\/ae.polj.uns.ac.rs\/wp-content\/uploads\/2017\/09\/OKTOBAR-4-2020-USMENI-DEO-ISPITA-MSP.pdf\">OKTOBAR 4 2020 USMENI DEO ISPITA MSP<\/a><\/p>\n<p><a href=\"http:\/\/ae.polj.uns.ac.rs\/wp-content\/uploads\/2017\/09\/OKTOBAR-4-2020-MPS.pdf\">OKTOBAR 4 2020 MPS<\/a><\/p>\n<p><a href=\"http:\/\/ae.polj.uns.ac.rs\/wp-content\/uploads\/2017\/09\/REZULTATI-USMENOG-DELA-ISPITA-OKTOBAR-3-2020.-MSP.pdf\">REZULTATI USMENOG DELA ISPITA OKTOBAR 3 2020. MSP<\/a><\/p>\n<p><a href=\"http:\/\/ae.polj.uns.ac.rs\/wp-content\/uploads\/2017\/09\/OKTOBAR-3-2020-MPS.pdf\">OKTOBAR 3 2020 MPS<\/a><\/p>\n<p><a href=\"http:\/\/ae.polj.uns.ac.rs\/wp-content\/uploads\/2017\/09\/REZULTATI-USMENOG-DELA-ISPITA-09.10.2020.-MENAD\u017dMENT-STO\u010cARSKE-PROIZVODNJE.pdf\">REZULTATI USMENOG DELA ISPITA 09.10.2020. MENAD\u017dMENT STO\u010cARSKE PROIZVODNJE<\/a><\/p>\n<p><a href=\"http:\/\/ae.polj.uns.ac.rs\/wp-content\/uploads\/2017\/09\/OKTOBAR-2-2020-MSP.pdf\">OKTOBAR 2 2020 MSP<\/a><\/p>\n<p><a href=\"http:\/\/ae.polj.uns.ac.rs\/wp-content\/uploads\/2017\/09\/OKTOBAR-2020-MSP.pdf\">OKTOBAR 2020 MSP<\/a><\/p>\n<p><a href=\"http:\/\/ae.polj.uns.ac.rs\/wp-content\/uploads\/2017\/09\/PRODUZENI-SEPTEMBAR-2020-MPS.pdf\">PRODUZENI SEPTEMBAR 2020 MPS<\/a><\/p>\n<p><a href=\"http:\/\/ae.polj.uns.ac.rs\/wp-content\/uploads\/2017\/09\/SEPTEMBAR-2020-MSP.pdf\">SEPTEMBAR 2020 MSP<\/a><\/p>\n<p><a href=\"http:\/\/ae.polj.uns.ac.rs\/wp-content\/uploads\/2017\/09\/AVGUST-2020-MSP.pdf\">AVGUST 2020 MSP<\/a><\/p>\n<p><a href=\"http:\/\/ae.polj.uns.ac.rs\/wp-content\/uploads\/2017\/09\/JUL-2020-MSP-1.pdf\">JUL 2020 MSP<\/a><\/p>\n<p><a href=\"http:\/\/ae.polj.uns.ac.rs\/wp-content\/uploads\/2017\/09\/JUN-2020-MSP.pdf\">JUN 2020 MSP<\/a><\/p>\n<p><a href=\"http:\/\/ae.polj.uns.ac.rs\/wp-content\/uploads\/2017\/09\/REZULTATI-PRVOG-I-DRUGOG-TESTA-MSP-AE-SMER-2020..pdf\">REZULTATI PRVOG I DRUGOG TESTA MSP AE SMER 2020.<\/a><\/p>\n<p><a href=\"http:\/\/ae.polj.uns.ac.rs\/wp-content\/uploads\/2017\/09\/REZULTATI-PRVOG-I-DRUGOG-TESTA-IZ-MSP-STO\u010cARSKI-SMER-2020..pdf\">REZULTATI PRVOG I DRUGOG TESTA IZ MSP STO\u010cARSKI SMER 2020.<\/a><\/p>\n<p><a href=\"http:\/\/ae.polj.uns.ac.rs\/wp-content\/uploads\/2017\/09\/MAJ-2020-MSP.pdf\">MAJ 2020 MSP<\/a><\/p>\n<p><a href=\"http:\/\/ae.polj.uns.ac.rs\/wp-content\/uploads\/2017\/09\/APRIL-2020-MSP.pdf\">APRIL 2020 MSP<\/a><\/p>\n<p><a href=\"http:\/\/ae.polj.uns.ac.rs\/wp-content\/uploads\/2017\/09\/REZULTATI-TESTA-1-IZ-PREDMETA-MENAD\u017dMENT-STO\u010cARSKE-PROIZVODNJE-AGROEKONOMSKI-SMER-28.5.2020..pdf\">REZULTATI TESTA 1 IZ PREDMETA MENAD\u017dMENT STO\u010cARSKE PROIZVODNJE AGROEKONOMSKI SMER 28.5.2020.<\/a><\/p>\n<p><a href=\"http:\/\/ae.polj.uns.ac.rs\/wp-content\/uploads\/2017\/09\/REZULTATI-TESTA-1-IZ-MSP-STO\u010cARSKI-SMER-27.5.2020..pdf\">REZULTATI TESTA 1 IZ MSP STO\u010cARSKI SMER 27.5.2020.<\/a><\/p>\n<p><a href=\"http:\/\/ae.polj.uns.ac.rs\/wp-content\/uploads\/2017\/09\/MART-2020-MSP.pdf\">MART 2020 MSP<\/a><\/p>\n<p><a href=\"http:\/\/ae.polj.uns.ac.rs\/wp-content\/uploads\/2017\/09\/FEBRUAR-2020-MSP.pdf\">FEBRUAR 2020 MSP<\/a><\/p>\n<p><a href=\"http:\/\/ae.polj.uns.ac.rs\/wp-content\/uploads\/2017\/09\/JAN-2-2020-MSP.pdf\">JAN 2 2020 MSP<\/a><\/p>\n<p><a href=\"http:\/\/ae.polj.uns.ac.rs\/wp-content\/uploads\/2017\/09\/JAN-1-2020-MSP.pdf\">JAN 1 2020 MSP<\/a><\/p>\n<p><a href=\"http:\/\/ae.polj.uns.ac.rs\/wp-content\/uploads\/2017\/09\/DECEMBAR-2019-MSP.pdf\">DECEMBAR 2019 MSP<\/a><\/p>\n<p><a href=\"http:\/\/ae.polj.uns.ac.rs\/wp-content\/uploads\/2017\/09\/NOVEMBAR-2019-MSP.pdf\">NOVEMBAR 2019 MSP<\/a><\/p>\n<p><a href=\"http:\/\/ae.polj.uns.ac.rs\/wp-content\/uploads\/2017\/09\/OKTOBAR-4-2019-MSP.pdf\">OKTOBAR 4 2019 MSP<\/a><\/p>\n<p><a href=\"http:\/\/ae.polj.uns.ac.rs\/wp-content\/uploads\/2017\/09\/OKTOBAR-3-2019-MSP.pdf\">OKTOBAR 3 2019 MSP<\/a><\/p>\n<p><a href=\"http:\/\/ae.polj.uns.ac.rs\/wp-content\/uploads\/2017\/09\/OKTOBAR-2-2019-MSP.pdf\">OKTOBAR 2 2019 MSP<\/a><\/p>\n<p><a href=\"http:\/\/ae.polj.uns.ac.rs\/wp-content\/uploads\/2017\/09\/OKT-2019-MSP.pdf\">OKT 2019 MSP<\/a><\/p>\n<p><a href=\"http:\/\/ae.polj.uns.ac.rs\/wp-content\/uploads\/2017\/09\/PRODU\u017dENI-SEPTEMBAR-2019-MSP.pdf\">PRODU\u017dENI SEPTEMBAR 2019 MSP<\/a><\/p>\n<p><a href=\"http:\/\/ae.polj.uns.ac.rs\/wp-content\/uploads\/2017\/09\/SEPTEMBAR-2-2019-MSP.pdf\">SEPTEMBAR 2 2019 MSP<\/a><\/p>\n<p><a href=\"http:\/\/ae.polj.uns.ac.rs\/wp-content\/uploads\/2017\/09\/SEPTEMBAR-1-2019-MSP.pdf\">SEPTEMBAR 1 2019 MSP<\/a><\/p>\n<p><a href=\"http:\/\/ae.polj.uns.ac.rs\/wp-content\/uploads\/2017\/09\/AVGUST-2019-MSP.pdf\">AVGUST 2019 MSP<\/a><\/p>\n<p><a href=\"http:\/\/ae.polj.uns.ac.rs\/wp-content\/uploads\/2017\/09\/JUL-2019-MSP.pdf\">JUL 2019 MSP<\/a><\/p>\n<p><a href=\"http:\/\/ae.polj.uns.ac.rs\/wp-content\/uploads\/2017\/09\/JUN-2-2019-MSP.pdf\">JUN 2 2019 MSP<\/a><\/p>\n<p><a href=\"http:\/\/ae.polj.uns.ac.rs\/wp-content\/uploads\/2017\/09\/REZULTATI-TESTA-2-STOCARSKI-SMER-2019.pdf\">REZULTATI TESTA 2 STOCARSKI SMER 2019<\/a><\/p>\n<p><a href=\"http:\/\/ae.polj.uns.ac.rs\/wp-content\/uploads\/2017\/09\/MSP-TEST-2-AE-2019.pdf\">MSP TEST 2 AE 2019<\/a><\/p>\n<p><a href=\"http:\/\/ae.polj.uns.ac.rs\/wp-content\/uploads\/2017\/09\/MAJ-2019-MSP.pdf\">MAJ 2019 MSP<\/a><\/p>\n<p><a href=\"http:\/\/ae.polj.uns.ac.rs\/wp-content\/uploads\/2017\/09\/TEST-1-STOCARSKI-SMER-MSP-2019.pdf\">TEST 1 STOCARSKI SMER MSP 2019<\/a><\/p>\n<p><a href=\"http:\/\/ae.polj.uns.ac.rs\/wp-content\/uploads\/2017\/09\/MSP-TEST-1-AE-2019.pdf\">MSP TEST 1 AE 2019<\/a><\/p>\n<p><a href=\"http:\/\/ae.polj.uns.ac.rs\/wp-content\/uploads\/2017\/09\/APRIL-2019-MSP.pdf\">APRIL 2019 MSP<\/a><\/p>\n<p><a href=\"http:\/\/ae.polj.uns.ac.rs\/wp-content\/uploads\/2017\/09\/MART-2019-MSP.pdf\">MART 2019 MSP<\/a><\/p>\n<p><a href=\"http:\/\/ae.polj.uns.ac.rs\/wp-content\/uploads\/2017\/09\/FEB-2019-MSP.pdf\">FEB 2019 MSP<\/a><\/p>\n<p><a href=\"http:\/\/ae.polj.uns.ac.rs\/wp-content\/uploads\/2017\/09\/JAN-2-2019-MSP.pdf\">JAN 2 2019 MSP<\/a><\/p>\n<p><a href=\"http:\/\/ae.polj.uns.ac.rs\/wp-content\/uploads\/2017\/09\/JAN-1-2019-MSP.pdf\">JAN 1 2019 MSP<\/a><\/p>\n<p><a href=\"http:\/\/ae.polj.uns.ac.rs\/wp-content\/uploads\/2017\/09\/DEC-2018-MSP.pdf\">DEC 2018 MSP<\/a><\/p>\n<p><a href=\"http:\/\/ae.polj.uns.ac.rs\/wp-content\/uploads\/2017\/09\/NOVEMBAR-2018-MSP.pdf\">NOVEMBAR 2018 MSP<\/a><\/p>\n<p><a href=\"http:\/\/ae.polj.uns.ac.rs\/wp-content\/uploads\/2017\/09\/OKTOBAR-3-2018-MSP.pdf\">OKTOBAR 3 2018 MSP<\/a><\/p>\n<p><a href=\"http:\/\/ae.polj.uns.ac.rs\/wp-content\/uploads\/2017\/09\/OKTOBAR-2-2018-MSP.pdf\">OKTOBAR 2 2018 MSP<\/a><\/p>\n<p><a href=\"http:\/\/ae.polj.uns.ac.rs\/wp-content\/uploads\/2017\/09\/OKTOBAR-2018-MSP.pdf\">OKTOBAR 2018 MSP<\/a><\/p>\n<p><a href=\"http:\/\/ae.polj.uns.ac.rs\/wp-content\/uploads\/2017\/09\/SEPT2-2018-MSP.pdf\">SEPT2 2018 MSP<\/a><\/p>\n<p><a href=\"http:\/\/ae.polj.uns.ac.rs\/wp-content\/uploads\/2017\/09\/SEPT1-2018-MSP.pdf\">SEPT1 2018 MSP<\/a><\/p>\n<p><a href=\"http:\/\/ae.polj.uns.ac.rs\/wp-content\/uploads\/2017\/09\/AVG-2018-MSP.pdf\">AVG 2018 MSP<\/a><\/p>\n<p><a href=\"http:\/\/ae.polj.uns.ac.rs\/wp-content\/uploads\/2017\/09\/REZULTATI-MSP-AVG-2017.pdf\">REZULTATI MSP AVG 2017<\/a><\/p>\n<p><a href=\"http:\/\/ae.polj.uns.ac.rs\/wp-content\/uploads\/2017\/09\/MSP-SEPT-1-2017.pdf\">MSP SEPT 1 2017<\/a><\/p>\n<p><a href=\"http:\/\/ae.polj.uns.ac.rs\/wp-content\/uploads\/2017\/09\/SEPT-2-MSP-2017.pdf\">SEPT 2 MSP 2017<\/a><\/p>\n<p><a href=\"http:\/\/ae.polj.uns.ac.rs\/wp-content\/uploads\/2017\/09\/OKT-MSP-2017.pdf\">OKT MSP 2017<\/a><\/p>\n<p><a href=\"http:\/\/ae.polj.uns.ac.rs\/wp-content\/uploads\/2017\/09\/NOVEMBAR-2017-MSP.pdf\">NOVEMBAR 2017 MSP<\/a><\/p>\n<p><a href=\"http:\/\/ae.polj.uns.ac.rs\/wp-content\/uploads\/2017\/09\/DEC-2017-MSP.pdf\">DEC 2017 MSP<\/a><\/p>\n<p><a href=\"http:\/\/ae.polj.uns.ac.rs\/wp-content\/uploads\/2017\/09\/JAN-2-2018-MSP.pdf\">JAN 2 2018 MSP<\/a><\/p>\n<p><a href=\"http:\/\/ae.polj.uns.ac.rs\/wp-content\/uploads\/2017\/09\/FEB-2018-MSP.pdf\">FEB 2018 MSP<\/a><\/p>\n<p><a href=\"http:\/\/ae.polj.uns.ac.rs\/wp-content\/uploads\/2017\/09\/MART-2018-MSP.pdf\">MART 2018 MSP<\/a><\/p>\n<p><a href=\"http:\/\/ae.polj.uns.ac.rs\/wp-content\/uploads\/2017\/09\/APRIL-MSP-2018.pdf\">APRIL MSP 2018<\/a><\/p>\n<p><a href=\"http:\/\/ae.polj.uns.ac.rs\/wp-content\/uploads\/2017\/09\/TEST-1-MSP-STOCARSKI-SMER-17.4.2018..pdf\">TEST 1 MSP STOCARSKI SMER 17.4.2018.<\/a><\/p>\n<p><a href=\"http:\/\/ae.polj.uns.ac.rs\/wp-content\/uploads\/2017\/09\/MSP-TEST-1-III-godina-2018-godina..pdf\">MSP TEST 1 III godina 2018 godina.<\/a>\u00a0Agroekonomski smer<\/p>\n<p><a href=\"http:\/\/ae.polj.uns.ac.rs\/wp-content\/uploads\/2017\/09\/MAJ-MSP-2018.pdf\">MAJ MSP 2018<\/a><\/p>\n<p><a href=\"http:\/\/ae.polj.uns.ac.rs\/wp-content\/uploads\/2017\/09\/MSP-TEST-2-III-godina-2018-godina..pdf\">MSP TEST 2 III godina 2018 godina.<\/a>\u00a0Agroekonomski smer<\/p>\n<p><a href=\"http:\/\/ae.polj.uns.ac.rs\/wp-content\/uploads\/2017\/09\/TEST-1-I-TEST-2-STO\u010cARI-2017-2018.pdf\">TEST 1 I TEST 2 STO\u010cARSKI SMER 2017 2018<\/a><\/p>\n<p><a href=\"http:\/\/ae.polj.uns.ac.rs\/wp-content\/uploads\/2017\/09\/JUN-1-MSP-2018.pdf\">JUN 1 MSP 2018<\/a><\/p>\n<p><a href=\"http:\/\/ae.polj.uns.ac.rs\/wp-content\/uploads\/2017\/09\/JUN-2-2018-MSP.pdf\">JUN 2 2018 MSP<\/a><\/p>\n<p><a href=\"http:\/\/ae.polj.uns.ac.rs\/wp-content\/uploads\/2017\/09\/JUL-2018-MSP.pdf\">JUL 2018 MSP<\/a><\/p>\n\n\n<p><\/p>\n\n\n\n<p><\/p>\n\n\n","protected":false},"excerpt":{"rendered":"<p>MSP APRILSKI ROK 07.04.2026. MSP MARTOVSKI ROK 25.03.2026. MSP FEBRUARSKI ROK 06.03.2026. MSP JANUARSKI ROK 23.02.2026. MSP DODATNI ROK 03.02.2026. MSP DECEMBAR 2025 18.12.2025. MSP NOV\u0415MBAR 2025 01.12.2025. MSP NOV\u0415MBAR 2025 26.11.2025. MSP OKTOBAR 2025 06.11.2025. MSP OKTOBAR 2025 03.11.2025. MSP OKTOBAR 2025 27.10.2025. MSP SEPTEMBAR 2025 21.10.2025. MSP AVGUST 2025 06.10.2025. MSP 29.09.2025. MSP NOVMBAR 2024 18.11.2024. MSP OKTOBAR 2024 24.10.2024. MSP OKTOBAR 2024 17.10.2024. MSP OKTOBAR 2024 10.10.2024. MSP OKTOBAR 2024 28.09.2024. MSP SEPTEMBAR 2024 12.09.2024. MSP AVGUST&hellip;<\/p>\n","protected":false},"author":1,"featured_media":0,"parent":0,"menu_order":0,"comment_status":"closed","ping_status":"closed","template":"","meta":{"footnotes":""},"class_list":["post-449","page","type-page","status-publish","hentry"],"_links":{"self":[{"href":"http:\/\/ae.polj.uns.ac.rs\/index.php\/wp-json\/wp\/v2\/pages\/449","targetHints":{"allow":["GET"]}}],"collection":[{"href":"http:\/\/ae.polj.uns.ac.rs\/index.php\/wp-json\/wp\/v2\/pages"}],"about":[{"href":"http:\/\/ae.polj.uns.ac.rs\/index.php\/wp-json\/wp\/v2\/types\/page"}],"author":[{"embeddable":true,"href":"http:\/\/ae.polj.uns.ac.rs\/index.php\/wp-json\/wp\/v2\/users\/1"}],"replies":[{"embeddable":true,"href":"http:\/\/ae.polj.uns.ac.rs\/index.php\/wp-json\/wp\/v2\/comments?post=449"}],"version-history":[{"count":190,"href":"http:\/\/ae.polj.uns.ac.rs\/index.php\/wp-json\/wp\/v2\/pages\/449\/revisions"}],"predecessor-version":[{"id":13237,"href":"http:\/\/ae.polj.uns.ac.rs\/index.php\/wp-json\/wp\/v2\/pages\/449\/revisions\/13237"}],"wp:attachment":[{"href":"http:\/\/ae.polj.uns.ac.rs\/index.php\/wp-json\/wp\/v2\/media?parent=449"}],"curies":[{"name":"wp","href":"https:\/\/api.w.org\/{rel}","templated":true}]}}