{"id":4483,"date":"2020-03-23T11:31:18","date_gmt":"2020-03-23T11:31:18","guid":{"rendered":"http:\/\/ae.polj.uns.ac.rs\/?page_id=4483"},"modified":"2026-03-17T17:37:42","modified_gmt":"2026-03-17T17:37:42","slug":"ekonomika-vodoprivrede-2","status":"publish","type":"page","link":"http:\/\/ae.polj.uns.ac.rs\/index.php\/ekonomika-vodoprivrede-2\/","title":{"rendered":"Ekonomika vodoprivrede"},"content":{"rendered":"<p><a href=\"http:\/\/ae.polj.uns.ac.rs\/wp-content\/uploads\/2020\/03\/Ekonomika-vodoprivrede-Prezentacije-sa-predavanja-1.pdf\">Ekonomika vodoprivrede &#8211; Prezentacije sa predavanja<\/a><\/p>\n<p><a href=\"http:\/\/ae.polj.uns.ac.rs\/wp-content\/uploads\/2020\/03\/Ekonomika-vodoprivrede-udzbenik-1.pdf\">Ekonomika vodoprivrede &#8211; udzbenik<\/a><\/p>\n<p><a href=\"http:\/\/ae.polj.uns.ac.rs\/wp-content\/uploads\/2020\/03\/Ekonomika-vodoprivrede-uputstva.pdf\">Ekonomika vodoprivrede &#8211; uputstva<\/a><\/p>\n<p><a href=\"http:\/\/ae.polj.uns.ac.rs\/wp-content\/uploads\/2026\/03\/Ispitna-pitanja-za-pismeni-deo-ispita-smer-Uredenje-voda.pdf\">Ispitna-pitanja-za-pismeni-deo-ispita-smer-Ure\u0111enje-voda<\/a><\/p>\n<p><a href=\"http:\/\/ae.polj.uns.ac.rs\/wp-content\/uploads\/2026\/03\/Ispitna-pitanja-za-usmeni-deo-ispita-smer-Uredjenje-voda.pdf\">Ispitna-pitanja-za-usmeni-deo-ispita-smer-Ure\u0111enje-voda<\/a><\/p>\n<p><strong>Studije slu\u010daja<\/strong><\/p>\n<p><a href=\"http:\/\/ae.polj.uns.ac.rs\/wp-content\/uploads\/2020\/03\/1.-STUDIJA-SLUCAJA-METODOLOGIJA-PROCENE-STETA-OD-POPLAVA-U-NASOJ-ZEMLJI-1.pdf\">1. STUDIJA SLUCAJA &#8211; METODOLOGIJA PROCENE STETA OD POPLAVA U NASOJ ZEMLJI<\/a><\/p>\n<p><a href=\"http:\/\/ae.polj.uns.ac.rs\/wp-content\/uploads\/2020\/03\/2.-STUDIJA-SLUCAJA-OPRAVDANOSTI-PROJEKTA-ZA-IZGRADNjU-LEVOOBALNOG-SAVSKOG-NASIPA-U-HRTKOVCIMA-1.pdf\">2. STUDIJA SLUCAJA &#8211; OPRAVDANOSTI PROJEKTA ZA IZGRADNjU LEVOOBALNOG SAVSKOG NASIPA U HRTKOVCIMA<\/a><\/p>\n<p><a href=\"http:\/\/ae.polj.uns.ac.rs\/wp-content\/uploads\/2020\/03\/3.-STUDIJA-SLUCAJA-URE\u0110ENJE-PODZEMNIH-ATMOSFERSKIH-I-POVRSINSKIH-VODA-NASELJA-KRNJACA-1.pdf\">3. STUDIJA SLUCAJA &#8211; URE\u0110ENJE PODZEMNIH, ATMOSFERSKIH I POVRSINSKIH VODA NASELJA KRNJACA<\/a><\/p>\n<p><a href=\"http:\/\/ae.polj.uns.ac.rs\/wp-content\/uploads\/2020\/03\/4.-STUDIJA-SLUCAJA-IZRADA-STUDIJE-OPRAVDANOSTI-IZGRADNJE-KANALIZACIONIH-SISTEMA-IRIG-1.pdf\">4. STUDIJA SLUCAJA &#8211; IZRADA STUDIJE OPRAVDANOSTI IZGRADNJE KANALIZACIONIH SISTEMA &#8211; IRIG<\/a><\/p>\n<p><a href=\"http:\/\/ae.polj.uns.ac.rs\/wp-content\/uploads\/2020\/03\/5.-STUDIJA-SLUCAJA-INVESTICIONI-PROGRAM-TRSTENIK-1.pdf\">5. STUDIJA SLUCAJA &#8211; INVESTICIONI PROGRAM TRSTENIK<\/a><\/p>\n<p><a href=\"http:\/\/ae.polj.uns.ac.rs\/wp-content\/uploads\/2020\/03\/6.-STUDIJA-SLUCAJA-PRETHODNA-STUDIJA-OPRAVDANOSTI-POSTROJENJA-ZA-PRIPREMU-VODE-ZA-PICE-U-NASELJU-NOVI-BECEJ-1.pdf\">6. STUDIJA SLUCAJA &#8211; PRETHODNA STUDIJA OPRAVDANOSTI POSTROJENJA ZA PRIPREMU VODE ZA PICE U NASELJU NOVI BECEJ<\/a><\/p>\n<p><a href=\"http:\/\/ae.polj.uns.ac.rs\/wp-content\/uploads\/2020\/03\/7.-STUDIJA-SLUCAJA-OPRAVDANOST-IZGRANJE-SISTEMA-ZA-NAVODNJAVANJE-NA-PP-\u00abSAVA-KOVACEVC\u00bb-U-VRBASU-1.pdf\">7. STUDIJA SLUCAJA &#8211; OPRAVDANOST IZGRANJE SISTEMA ZA NAVODNJAVANJE NA PP \u00abSAVA KOVACEVC\u00bb U VRBASU<\/a><\/p>\n<p><a href=\"http:\/\/ae.polj.uns.ac.rs\/wp-content\/uploads\/2020\/03\/8.-STUDIJA-SLUCAJA-IZBOR-STRUKTURE-PROIZVODNJE-U-USLOVIMA-NAVODNJAVANJA-1.pdf\">8. STUDIJA SLUCAJA &#8211; IZBOR STRUKTURE PROIZVODNJE U USLOVIMA NAVODNJAVANJA<\/a><\/p>\n<p><a href=\"http:\/\/ae.polj.uns.ac.rs\/wp-content\/uploads\/2020\/03\/9.-STUDIJA-SLUCAJA-TARIFIKACIJA-VODE-U-NASOJ-ZEMLJI-1.pdf\">9. STUDIJA SLUCAJA &#8211; TARIFIKACIJA VODE U NASOJ ZEMLJI<\/a><\/p>\n<p><a href=\"http:\/\/ae.polj.uns.ac.rs\/wp-content\/uploads\/2020\/03\/10.-STUDIJA-SLUCAJA-IZBOR-OBJEKATA-U-SASTAVU-INTEGRALNOG-MELIORACIONOG-SISTEMA-1.pdf\">10. STUDIJA SLUCAJA &#8211; IZBOR OBJEKATA U SASTAVU INTEGRALNOG MELIORACIONOG SISTEMA<\/a><\/p>\n<p><a href=\"http:\/\/ae.polj.uns.ac.rs\/wp-content\/uploads\/2020\/03\/11.-STUDIJA-SLUCAJA-REDIM-\u2013-PROGRAM-ZA-ODRE\u0110IVANJE-OPTIMALNOG-PLANA-RAZVOJA-VODOPRIVREDNOG-SISTEMA-1.pdf\">11. STUDIJA SLUCAJA &#8211; REDIM \u2013 PROGRAM ZA ODRE\u0110IVANJE OPTIMALNOG PLANA RAZVOJA VODOPRIVREDNOG SISTEMA<\/a><\/p>\n<p><a href=\"http:\/\/ae.polj.uns.ac.rs\/wp-content\/uploads\/2020\/03\/12.-STUDIJA-SLUCAJA-PRAKTISNI-PRIMERI-PODELE-INVESTICIJA-KOD-VISENAMENSKIH-VODOPRIVREDNIH-OBJEKATA-1.pdf\">12. STUDIJA SLUCAJA &#8211; PRAKTISNI PRIMERI PODELE INVESTICIJA KOD VISENAMENSKIH VODOPRIVREDNIH OBJEKATA<\/a><\/p>\n<p><a href=\"http:\/\/ae.polj.uns.ac.rs\/wp-content\/uploads\/2020\/03\/13.-STUDIJA-SLUCAJA-PRETHODNA-STUDIJA-OPRAVDANOSTI-NAVODNJAVANJA-POLJOPRIVREDNIH-POVR\u0160INA-U-OP\u0160TINI-IN\u0110IJA-1.pdf\">13. STUDIJA SLUCAJA &#8211; PRETHODNA STUDIJA OPRAVDANOSTI NAVODNJAVANJA POLJOPRIVREDNIH POVR\u0160INA U OP\u0160TINI IN\u0110IJA<\/a><\/p>\n","protected":false},"excerpt":{"rendered":"<p>Ekonomika vodoprivrede &#8211; Prezentacije sa predavanja Ekonomika vodoprivrede &#8211; udzbenik Ekonomika vodoprivrede &#8211; uputstva Ispitna-pitanja-za-pismeni-deo-ispita-smer-Ure\u0111enje-voda Ispitna-pitanja-za-usmeni-deo-ispita-smer-Ure\u0111enje-voda Studije slu\u010daja 1. STUDIJA SLUCAJA &#8211; METODOLOGIJA PROCENE STETA OD POPLAVA U NASOJ ZEMLJI 2. STUDIJA SLUCAJA &#8211; OPRAVDANOSTI PROJEKTA ZA IZGRADNjU LEVOOBALNOG SAVSKOG NASIPA U HRTKOVCIMA 3. STUDIJA SLUCAJA &#8211; URE\u0110ENJE PODZEMNIH, ATMOSFERSKIH I POVRSINSKIH VODA NASELJA KRNJACA 4. STUDIJA SLUCAJA &#8211; IZRADA STUDIJE OPRAVDANOSTI IZGRADNJE KANALIZACIONIH SISTEMA &#8211; IRIG 5. STUDIJA SLUCAJA &#8211; INVESTICIONI PROGRAM TRSTENIK 6. STUDIJA SLUCAJA &#8211; PRETHODNA STUDIJA&hellip;<\/p>\n","protected":false},"author":3,"featured_media":0,"parent":0,"menu_order":0,"comment_status":"closed","ping_status":"closed","template":"","meta":{"footnotes":""},"class_list":["post-4483","page","type-page","status-publish","hentry"],"_links":{"self":[{"href":"http:\/\/ae.polj.uns.ac.rs\/index.php\/wp-json\/wp\/v2\/pages\/4483","targetHints":{"allow":["GET"]}}],"collection":[{"href":"http:\/\/ae.polj.uns.ac.rs\/index.php\/wp-json\/wp\/v2\/pages"}],"about":[{"href":"http:\/\/ae.polj.uns.ac.rs\/index.php\/wp-json\/wp\/v2\/types\/page"}],"author":[{"embeddable":true,"href":"http:\/\/ae.polj.uns.ac.rs\/index.php\/wp-json\/wp\/v2\/users\/3"}],"replies":[{"embeddable":true,"href":"http:\/\/ae.polj.uns.ac.rs\/index.php\/wp-json\/wp\/v2\/comments?post=4483"}],"version-history":[{"count":5,"href":"http:\/\/ae.polj.uns.ac.rs\/index.php\/wp-json\/wp\/v2\/pages\/4483\/revisions"}],"predecessor-version":[{"id":13143,"href":"http:\/\/ae.polj.uns.ac.rs\/index.php\/wp-json\/wp\/v2\/pages\/4483\/revisions\/13143"}],"wp:attachment":[{"href":"http:\/\/ae.polj.uns.ac.rs\/index.php\/wp-json\/wp\/v2\/media?parent=4483"}],"curies":[{"name":"wp","href":"https:\/\/api.w.org\/{rel}","templated":true}]}}