{"id":436,"date":"2017-09-04T09:57:32","date_gmt":"2017-09-04T09:57:32","guid":{"rendered":"http:\/\/ae.polj.uns.ac.rs\/?page_id=436"},"modified":"2020-10-22T10:58:02","modified_gmt":"2020-10-22T10:58:02","slug":"rezultati-prof-dr-danica-bosnjak","status":"publish","type":"page","link":"http:\/\/ae.polj.uns.ac.rs\/index.php\/rezultati-prof-dr-danica-bosnjak\/","title":{"rendered":"Rezultati prof. dr Danica Bo\u0161njak"},"content":{"rendered":"<p><a href=\"http:\/\/ae.polj.uns.ac.rs\/wp-content\/uploads\/2017\/09\/REZULTATI-PISMENOG-ISPITA-ODR\u017dANOG-22.10.2020..pdf\">REZULTATI PISMENOG ISPITA ODR\u017dANOG 22.10.2020.<\/a><\/p>\n<p><a href=\"http:\/\/ae.polj.uns.ac.rs\/wp-content\/uploads\/2017\/09\/REZULTATI-USMENOG-ISPITA-ODR\u017dANOG-16.10.2020..pdf\">REZULTATI USMENOG ISPITA ODR\u017dANOG 16.10.2020.<\/a><\/p>\n<p><a href=\"http:\/\/ae.polj.uns.ac.rs\/wp-content\/uploads\/2017\/09\/REZULTATI-PISMENOG-ISPITA-ODR\u017dANOG-15.10.2020.-1.pdf\">REZULTATI PISMENOG ISPITA ODR\u017dANOG 15.10.2020.<\/a><\/p>\n<p><a href=\"http:\/\/ae.polj.uns.ac.rs\/wp-content\/uploads\/2017\/09\/REZULTATI-USMENOG-DELA-ISPITA-09.10.2020.-MENAD\u017dMENT-STO\u010cARSKE-PROIZVODNJE.pdf\">REZULTATI USMENOG DELA ISPITA 09.10.2020. MENAD\u017dMENT STO\u010cARSKE PROIZVODNJE<\/a><\/p>\n<p><a href=\"http:\/\/ae.polj.uns.ac.rs\/wp-content\/uploads\/2017\/09\/REZULTATI-USMENOG-ISPITA-ODR\u017dANOG-9.10.2020..pdf\">REZULTATI USMENOG ISPITA ODR\u017dANOG 9.10.2020.<\/a><\/p>\n<p><a href=\"http:\/\/ae.polj.uns.ac.rs\/wp-content\/uploads\/2017\/09\/REZULTATI-PISMENOG-ISPITA-ODR\u017dANOG-8.10.2020..pdf\">REZULTATI PISMENOG ISPITA ODR\u017dANOG 8.10.2020.<\/a><\/p>\n<p><a href=\"http:\/\/ae.polj.uns.ac.rs\/wp-content\/uploads\/2017\/09\/UPIS-OCENA-U-INDEKS-Prof.-dr-Danica-Bo\u0161njak.pdf\">UPIS OCENA U INDEKS, Prof. dr Danica Bo\u0161njak<\/a><\/p>\n<p><a href=\"http:\/\/ae.polj.uns.ac.rs\/wp-content\/uploads\/2017\/09\/REZULTATI-USMENOG-DELA-ISPITA-28.9.2020.-MENAD\u017dMENT-STO\u010cARSKE-PROIZVODNJE.pdf\">REZULTATI USMENOG DELA ISPITA 28.9.2020. MENAD\u017dMENT STO\u010cARSKE PROIZVODNJE<\/a><\/p>\n<p><a href=\"http:\/\/ae.polj.uns.ac.rs\/wp-content\/uploads\/2017\/09\/REZULTATI-USMENOG-ISPITA-ODR\u017dANOG-28.9.2020.-1.pdf\">REZULTATI USMENOG ISPITA ODR\u017dANOG 28.9.2020.<\/a><\/p>\n<p><a href=\"http:\/\/ae.polj.uns.ac.rs\/wp-content\/uploads\/2017\/09\/REZULTATI-PISMENOG-ISPITA-ODR\u017dANOG-25.09.2020..pdf\">REZULTATI PISMENOG ISPITA ODR\u017dANOG 25.09.2020.<\/a><\/p>\n<p><a href=\"http:\/\/ae.polj.uns.ac.rs\/wp-content\/uploads\/2017\/09\/REZULTATI-USMENOG-ISPITA-ODR\u017dANOG-22.9.2020.-1.pdf\">REZULTATI USMENOG ISPITA ODR\u017dANOG 22.9.2020.<\/a><\/p>\n<p><a href=\"http:\/\/ae.polj.uns.ac.rs\/wp-content\/uploads\/2017\/09\/REZULTATI-PISMENOG-ISPITA-ODR\u017dANOG-21.9.2020..pdf\">REZULTATI PISMENOG ISPITA ODR\u017dANOG 21.9.2020.<\/a><\/p>\n<p><a href=\"http:\/\/ae.polj.uns.ac.rs\/wp-content\/uploads\/2017\/09\/REZULTATI-USMENOG-ISPITA-ODR\u017dANOG-14.9.2020.-1.pdf\">REZULTATI USMENOG ISPITA ODR\u017dANOG 14.9.2020.<\/a><\/p>\n<p><a href=\"http:\/\/ae.polj.uns.ac.rs\/wp-content\/uploads\/2017\/09\/REZULTATI-PISMENOG-ISPITA-ODR\u017dANOG-11.9.2020..pdf\">REZULTATI PISMENOG ISPITA ODR\u017dANOG 11.9.2020.<\/a><\/p>\n<p><a href=\"http:\/\/ae.polj.uns.ac.rs\/wp-content\/uploads\/2017\/09\/REZULTATI-USMENOG-ISPITA-ODR\u017dANOG-2.9.2020..pdf\">REZULTATI USMENOG ISPITA ODR\u017dANOG 2.9.2020.<\/a><\/p>\n<p><a href=\"http:\/\/ae.polj.uns.ac.rs\/wp-content\/uploads\/2017\/09\/REZULTATI-PISMENOG-ISPITA-ODR\u017dANOG-31.8.2020..pdf\">REZULTATI PISMENOG ISPITA ODR\u017dANOG 31.8.2020.<\/a><\/p>\n<p><a href=\"http:\/\/ae.polj.uns.ac.rs\/wp-content\/uploads\/2017\/09\/REZULTATI-USMENOG-ISPITA-13.07.2020.pdf\">REZULTATI USMENOG ISPITA, 13.07.2020<\/a><\/p>\n<p><a href=\"http:\/\/ae.polj.uns.ac.rs\/wp-content\/uploads\/2017\/09\/REZULTATI-PISMENOG-ISPITA-09.07.2020.pdf\">REZULTATI PISMENOG ISPITA, 09.07.2020<\/a><\/p>\n<p><a href=\"http:\/\/ae.polj.uns.ac.rs\/wp-content\/uploads\/2017\/09\/REZULTATI-USMENOG-ISPITA-22.06.2020.pdf\">REZULTATI USMENOG ISPITA, 22.06.2020<\/a><\/p>\n<p><a href=\"http:\/\/ae.polj.uns.ac.rs\/wp-content\/uploads\/2017\/09\/REZULTATI-PISMENOG-ISPITA-ODR\u017dANOG-18.06.2020..pdf\">REZULTATI PISMENOG ISPITA ODR\u017dANOG 18.06.2020.<\/a><\/p>\n<p><a href=\"http:\/\/ae.polj.uns.ac.rs\/wp-content\/uploads\/2017\/09\/REZULTATI-USMENOG-ISPITA-ODR\u017dANOG-15.06.2020.pdf\">REZULTATI USMENOG ISPITA ODR\u017dANOG 15.06.2020<\/a><\/p>\n<p><a href=\"http:\/\/ae.polj.uns.ac.rs\/wp-content\/uploads\/2017\/09\/REZULTATI-PISMENOG-ISPITA-ODR\u017dANOG-11.06.2020..pdf\">REZULTATI PISMENOG ISPITA ODR\u017dANOG 11.06.2020.<\/a><\/p>\n<p><a href=\"http:\/\/ae.polj.uns.ac.rs\/wp-content\/uploads\/2017\/09\/REZULTATI-USMENOG-ISPITA-8.06.2020.pdf\">REZULTATI USMENOG ISPITA, 8.06.2020<\/a><\/p>\n<p><a href=\"http:\/\/ae.polj.uns.ac.rs\/wp-content\/uploads\/2017\/09\/REZULTATI-PISMENOG-ISPITA-ODR\u017dANOG-04.06.2020..pdf\">REZULTATI PISMENOG ISPITA ODR\u017dANOG 04.06.2020.<\/a><\/p>\n<p><a href=\"http:\/\/ae.polj.uns.ac.rs\/wp-content\/uploads\/2017\/09\/REZULTATI-USMENOG-ISPITA-ODR\u017dANOG-26.05.2020..pdf\">REZULTATI USMENOG ISPITA ODR\u017dANOG 26.05.2020.<\/a><\/p>\n<p><a href=\"http:\/\/ae.polj.uns.ac.rs\/wp-content\/uploads\/2017\/09\/REZULTATI-PISMENOG-ISPITA-ODR\u017dANOG-14.03.2020..pdf\">REZULTATI PISMENOG ISPITA ODR\u017dANOG 14.03.2020.<\/a><\/p>\n<p><a href=\"http:\/\/ae.polj.uns.ac.rs\/wp-content\/uploads\/2017\/09\/REZULTATI-PISMENOG-ISPITA-ODR\u017dANOG-05.02.2020..pdf\">REZULTATI PISMENOG ISPITA ODR\u017dANOG 05.02.2020.<\/a><\/p>\n<p><a href=\"http:\/\/ae.polj.uns.ac.rs\/wp-content\/uploads\/2017\/09\/REZULTATI-PISMENOG-ISPITA-ODR\u017dANOG-16.01.2020..pdf\">REZULTATI PISMENOG ISPITA ODR\u017dANOG 16.01.2020.<\/a><\/p>\n<p><a href=\"http:\/\/ae.polj.uns.ac.rs\/wp-content\/uploads\/2017\/09\/REZULTATI-PISMENOG-ISPITA-ODR\u017dANOG-21.12.2019..pdf\">REZULTATI PISMENOG ISPITA ODR\u017dANOG 21.12.2019.<\/a><\/p>\n<p><a href=\"http:\/\/ae.polj.uns.ac.rs\/wp-content\/uploads\/2017\/09\/REZULTATI-PISMENOG-ISPITA-ODR\u017dANOG-23.11.2019..pdf\">REZULTATI PISMENOG ISPITA ODR\u017dANOG 23.11.2019.<\/a><\/p>\n<p><a href=\"http:\/\/ae.polj.uns.ac.rs\/wp-content\/uploads\/2017\/09\/REZULTATI-PISMENOG-ISPITA-ODR\u017dANOG-23.10.2019..pdf\">REZULTATI PISMENOG ISPITA ODR\u017dANOG 23.10.2019.<\/a><\/p>\n<p><a href=\"http:\/\/ae.polj.uns.ac.rs\/wp-content\/uploads\/2017\/09\/REZULTATI-PISMENOG-ISPITA-ODR\u017dANOG-16-10-2019-.pdf\">REZULTATI PISMENOG ISPITA ODR\u017dANOG 16 10 2019<\/a><\/p>\n<p><a href=\"http:\/\/ae.polj.uns.ac.rs\/wp-content\/uploads\/2017\/09\/REZULTATI-PISMENOG-ISPITA-ODR\u017dANOG-09-10-2019-2.pdf\">REZULTATI PISMENOG ISPITA ODR\u017dANOG 09 10 2019\u00a0<\/a><\/p>\n<p><a href=\"http:\/\/ae.polj.uns.ac.rs\/wp-content\/uploads\/2017\/09\/REZULTATI-PISMENOG-ISPITA-ODR\u017dANOG-27.09.2019..pdf\">REZULTATI PISMENOG ISPITA ODR\u017dANOG 27.09.2019.<\/a><\/p>\n<p><a href=\"http:\/\/ae.polj.uns.ac.rs\/wp-content\/uploads\/2017\/09\/REZULTATI-PISMENOG-ISPITA-ODR\u017dANOG-24.09.2019..pdf\">REZULTATI PISMENOG ISPITA ODR\u017dANOG 24.09.2019.<\/a><\/p>\n<p><a href=\"http:\/\/ae.polj.uns.ac.rs\/wp-content\/uploads\/2017\/09\/REZULTATI-PISMENOG-ISPITA-ODR\u017dANOG-13.-09.2019.pdf\">REZULTATI PISMENOG ISPITA ODR\u017dANOG 13. 09.2019<\/a><\/p>\n<p><a href=\"http:\/\/ae.polj.uns.ac.rs\/wp-content\/uploads\/2017\/09\/REZULTATI-PISMENOG-ISPITA-ODR\u017dANOG-10.09.2019.pdf\">REZULTATI PISMENOG ISPITA ODR\u017dANOG 10.09.2019<\/a><\/p>\n<p><a href=\"http:\/\/ae.polj.uns.ac.rs\/wp-content\/uploads\/2017\/09\/REZULTATI-PISMENOG-DELA-ISPITA-ODR\u017dANOG-29.8.2019..pdf\">REZULTATI PISMENOG DELA ISPITA ODR\u017dANOG 29.8.2019.<\/a><\/p>\n<p><a href=\"http:\/\/ae.polj.uns.ac.rs\/wp-content\/uploads\/2017\/09\/REZULTATI-PISMENOG-ISPITA-ODR\u017dANOG-28.06.2019..pdf\">REZULTATI PISMENOG ISPITA ODR\u017dANOG 28.06.2019.<\/a><\/p>\n<p><a href=\"http:\/\/ae.polj.uns.ac.rs\/wp-content\/uploads\/2017\/09\/REZULTATI-PISMENOG-ISPITA-ODR\u017dANOG-14.06.2019..pdf\">REZULTATI PISMENOG ISPITA ODR\u017dANOG 14.06.2019.<\/a><\/p>\n<p><a href=\"http:\/\/ae.polj.uns.ac.rs\/wp-content\/uploads\/2017\/09\/REZULTATI-PISMENOG-ISPITA-ODR\u017dANOG\u201a-11.06.2019..pdf\">REZULTATI PISMENOG ISPITA ODR\u017dANOG 11.06.2019.<\/a><\/p>\n<p><a href=\"http:\/\/ae.polj.uns.ac.rs\/wp-content\/uploads\/2017\/09\/REZULTATI-PISMENOG-18.05.2019..pdf\">REZULTATI PISMENOG 18.05.2019.<\/a><\/p>\n<p><a href=\"http:\/\/ae.polj.uns.ac.rs\/wp-content\/uploads\/2017\/09\/REZULTATI-PISMENOG-ISPITA-ODR\u017dANOG-02.04.2019..pdf\">REZULTATI PISMENOG ISPITA ODR\u017dANOG 02.04.2019.<\/a><\/p>\n<p><a href=\"http:\/\/ae.polj.uns.ac.rs\/wp-content\/uploads\/2017\/09\/REZULTATI-PISMENOG-ISPITA-ODR\u017dANOG-16.03.2019..pdf\">REZULTATI PISMENOG ISPITA ODR\u017dANOG 16.03.2019.<\/a><\/p>\n<p><a href=\"http:\/\/ae.polj.uns.ac.rs\/wp-content\/uploads\/2017\/09\/REZULTATI-PISMENOG-ISPITA-ODR\u017dANOG-11.02.2019..pdf\">REZULTATI PISMENOG ISPITA ODR\u017dANOG 11.02.2019.<\/a><\/p>\n<p><a href=\"http:\/\/ae.polj.uns.ac.rs\/wp-content\/uploads\/2017\/09\/REZULTATI-PISMENOG-ISPITA-ODR\u017dANOG-\u201a-22.01.2019..pdf\">REZULTATI PISMENOG ISPITA ODR\u017dANOG \u201a 22.01.2019.<\/a><\/p>\n<p><a href=\"http:\/\/ae.polj.uns.ac.rs\/wp-content\/uploads\/2017\/09\/REZULTATI-PISMENOG-ISPITA-ODR\u017dANOG-\u201a-18.01.2019.-1.pdf\">REZULTATI PISMENOG ISPITA ODR\u017dANOG \u201a 18.01.2019.<\/a><\/p>\n<p><a href=\"http:\/\/ae.polj.uns.ac.rs\/wp-content\/uploads\/2017\/09\/Rezultati-II-testa-MRP-i-OPP-11.01.2019..pdf\">Rezultati II testa MRP i OPP, 11.01.2019.<\/a><\/p>\n<p><a href=\"http:\/\/ae.polj.uns.ac.rs\/wp-content\/uploads\/2017\/09\/REZULTATI-PISMENOG-ISPITA-ODR\u017dANOG-\u201a-22.12.2018..pdf\">REZULTATI PISMENOG ISPITA ODR\u017dANOG \u201a 22.12.2018.<\/a><\/p>\n<p><a href=\"http:\/\/ae.polj.uns.ac.rs\/wp-content\/uploads\/2017\/09\/Rezultati-I-testa-MRP-30.11.2018.-i-OPP-23.11.2018..pdf\">Rezultati I testa MRP, 30.11.2018. i OPP, 23.11.2018.<\/a><\/p>\n<p><a href=\"http:\/\/ae.polj.uns.ac.rs\/wp-content\/uploads\/2017\/09\/REZULTATI-PISMENOG-ISPITA-ODR\u017dANOG-\u201a-17.11.2018..pdf\">REZULTATI PISMENOG ISPITA ODR\u017dANOG \u201a 17.11.2018.<\/a><\/p>\n<p><a href=\"http:\/\/ae.polj.uns.ac.rs\/wp-content\/uploads\/2017\/09\/REZULTATI-PISMENOG-ISPITA-ODR\u017dANOG-22-10-2018-2.pdf\">REZULTATI PISMENOG ISPITA ODR\u017dANOG 22 10 2018\u00a0<\/a><\/p>\n<p><a href=\"http:\/\/ae.polj.uns.ac.rs\/wp-content\/uploads\/2018\/01\/REZULTATI-PISMENOG-ISPITA-ODR\u017dANOG-16-10-2018.pdf\">REZULTATI PISMENOG ISPITA ODR\u017dANOG 16 10 2018<\/a><\/p>\n<p><a href=\"http:\/\/ae.polj.uns.ac.rs\/wp-content\/uploads\/2017\/09\/REZULTATI-PISMENOG-ISPITA-ODR\u017dANOG-\u201a-09.10.2018..pdf\">REZULTATI PISMENOG ISPITA ODR\u017dANOG \u201a 09.10.2018.<\/a><\/p>\n<p><a href=\"http:\/\/ae.polj.uns.ac.rs\/wp-content\/uploads\/2017\/09\/REZULTATI-PISMENOG-ISPITA-ODR\u017dANOG-\u201a-28.09.2018..pdf\">REZULTATI PISMENOG ISPITA ODR\u017dANOG \u201a 28.09.2018.<\/a><\/p>\n<p><a href=\"http:\/\/ae.polj.uns.ac.rs\/wp-content\/uploads\/2017\/09\/REZULTATI-PISMENOG-ISPITA-ODR\u017dANOG\u201a-18.09.2018..pdf\">REZULTATI PISMENOG ISPITA ODR\u017dANOG\u201a 18.09.2018.<\/a><\/p>\n<p><a href=\"http:\/\/ae.polj.uns.ac.rs\/wp-content\/uploads\/2017\/09\/REZULTATI-PISMENOG-ISPITA-ODR\u017dANOG-\u201a-11.09.2018..pdf\">REZULTATI PISMENOG ISPITA ODR\u017dANOG \u201a 11.09.2018.<\/a><\/p>\n<p><a href=\"http:\/\/ae.polj.uns.ac.rs\/wp-content\/uploads\/2017\/09\/REZULTATI-PISMENOG-ISPITA-ODR\u017dANOG-\u201a-31.08.2018..pdf\">REZULTATI PISMENOG ISPITA ODR\u017dANOG \u201a 31.08.2018.<\/a><\/p>\n<p><a href=\"http:\/\/ae.polj.uns.ac.rs\/wp-content\/uploads\/2017\/09\/REZULTATI-PISMENOG-ISPITA-ODR\u017dANOG-10-10-2017-.pdf\">REZULTATI PISMENOG ISPITA ODR\u017dANOG 10 10 2017<\/a><\/p>\n<p><a href=\"http:\/\/ae.polj.uns.ac.rs\/wp-content\/uploads\/2017\/09\/REZULTATI-PISMENOG-ISPITA-Prof.-Bosnjak-ODR\u017dANOG-18-10-2017.pdf\">REZULTATI PISMENOG ISPITA Prof. Bosnjak ODR\u017dANOG 18 10 2017<\/a><\/p>\n<p><a href=\"http:\/\/ae.polj.uns.ac.rs\/wp-content\/uploads\/2017\/09\/REZULTATI-PISMENOG-ISPITA-ODR\u017dANOG-25-10-2017-.pdf\">REZULTATI PISMENOG ISPITA ODR\u017dANOG 25 10 2017<\/a><\/p>\n<p><a href=\"http:\/\/ae.polj.uns.ac.rs\/wp-content\/uploads\/2017\/09\/REZULTATI-PISMENOG-ISPITA-ODR\u017dANOG-18-11-2017-.pdf\">REZULTATI PISMENOG ISPITA ODR\u017dANOG 18 11 2017<\/a><\/p>\n<p><a href=\"http:\/\/ae.polj.uns.ac.rs\/wp-content\/uploads\/2017\/09\/Rezultati-I-testa-OPP-27-11-2017-i-MRP-30-11-2017.pdf\">Rezultati I testa OPP 27 11 2017 i MRP 30 11 2017<\/a><\/p>\n<p><a href=\"http:\/\/ae.polj.uns.ac.rs\/wp-content\/uploads\/2017\/09\/REZULTATI-PISMENOG-ISPITA-ODR\u017dANOG\u201a-23.12.2017..pdf\">REZULTATI PISMENOG ISPITA ODR\u017dANOG\u201a 23.12.2017.<\/a><\/p>\n<p><a href=\"http:\/\/ae.polj.uns.ac.rs\/wp-content\/uploads\/2017\/09\/Rezultati-II-testa-MRP-i-OPP-11.01.2018..pdf\">Rezultati II testa MRP i OPP, 11.01.2018.<\/a><\/p>\n<p><a href=\"http:\/\/ae.polj.uns.ac.rs\/wp-content\/uploads\/2017\/09\/REZULTATI-PISMENOG-ISPITA-ODR\u017dANOG-\u201a-15.01.2018..pdf\">REZULTATI PISMENOG ISPITA ODR\u017dANOG \u201a 15.01.2018.<\/a><\/p>\n<p><a href=\"http:\/\/ae.polj.uns.ac.rs\/wp-content\/uploads\/2017\/09\/REZULTATI-PISMENOG-ISPITA-ODR\u017dANOG-\u201a-25.01.2018..pdf\">REZULTATI PISMENOG ISPITA ODR\u017dANOG \u201a 25.01.2018.<\/a><\/p>\n<p><a href=\"http:\/\/ae.polj.uns.ac.rs\/wp-content\/uploads\/2017\/09\/REZULTATI-USMENOG-BOSNJAK-29.1..pdf\">REZULTATI USMENOG BOSNJAK 29.1.<\/a><\/p>\n<p><a href=\"http:\/\/ae.polj.uns.ac.rs\/wp-content\/uploads\/2017\/09\/REZULTATI-PISMENOG-ISPITA-odrzanog-7.2.2018.-prof.-Bosnjak.pdf\">REZULTATI PISMENOG ISPITA odrzanog 7.2.2018. prof. Bosnjak<\/a><\/p>\n<p><a href=\"http:\/\/ae.polj.uns.ac.rs\/wp-content\/uploads\/2017\/09\/REZULTATI-PISMENOG-ISPITA-ODR\u017dANOG-17-03-2018.pdf\">REZULTATI PISMENOG ISPITA ODR\u017dANOG 17 03 2018<\/a><\/p>\n<p><a href=\"http:\/\/ae.polj.uns.ac.rs\/wp-content\/uploads\/2017\/09\/APRIL-PISMENI-2018-PROF.-BOSNJAK.pdf\">APRIL PISMENI 2018 PROF. BOSNJAK<\/a><\/p>\n<p><a href=\"http:\/\/ae.polj.uns.ac.rs\/wp-content\/uploads\/2017\/09\/REZULTATI-PISMENOG-ISPITA-ODR\u017dANOG-19-05-2018.pdf\">REZULTATI PISMENOG ISPITA ODR\u017dANOG 19 05 2018<\/a><\/p>\n<p><a href=\"http:\/\/ae.polj.uns.ac.rs\/wp-content\/uploads\/2017\/09\/REZULTATI-PISMENOG-ISPITA-ODR\u017dANOG-12-6-2018.pdf\">REZULTATI PISMENOG ISPITA ODR\u017dANOG 12 6 2018<\/a><\/p>\n<p><a href=\"http:\/\/ae.polj.uns.ac.rs\/wp-content\/uploads\/2017\/09\/REZULTATI-PISMENOG-ISPITA-ODR\u017dANOG-19-6-2018.pdf\">REZULTATI PISMENOG ISPITA ODR\u017dANOG 19 6 2018<\/a><\/p>\n<p><a href=\"http:\/\/ae.polj.uns.ac.rs\/wp-content\/uploads\/2017\/09\/REZULTATI-PISMENOG-ISPITA-ODR\u017dANOG-02-7-2018.pdf\">REZULTATI PISMENOG ISPITA ODR\u017dANOG 02 7 2018<\/a><\/p>\n","protected":false},"excerpt":{"rendered":"<p>REZULTATI PISMENOG ISPITA ODR\u017dANOG 22.10.2020. REZULTATI USMENOG ISPITA ODR\u017dANOG 16.10.2020. REZULTATI PISMENOG ISPITA ODR\u017dANOG 15.10.2020. REZULTATI USMENOG DELA ISPITA 09.10.2020. MENAD\u017dMENT STO\u010cARSKE PROIZVODNJE REZULTATI USMENOG ISPITA ODR\u017dANOG 9.10.2020. REZULTATI PISMENOG ISPITA ODR\u017dANOG 8.10.2020. UPIS OCENA U INDEKS, Prof. dr Danica Bo\u0161njak REZULTATI USMENOG DELA ISPITA 28.9.2020. MENAD\u017dMENT STO\u010cARSKE PROIZVODNJE REZULTATI USMENOG ISPITA ODR\u017dANOG 28.9.2020. REZULTATI PISMENOG ISPITA ODR\u017dANOG 25.09.2020. REZULTATI USMENOG ISPITA ODR\u017dANOG 22.9.2020. REZULTATI PISMENOG ISPITA ODR\u017dANOG 21.9.2020. REZULTATI USMENOG ISPITA ODR\u017dANOG 14.9.2020. REZULTATI PISMENOG ISPITA ODR\u017dANOG 11.9.2020. REZULTATI&hellip;<\/p>\n","protected":false},"author":1,"featured_media":0,"parent":0,"menu_order":0,"comment_status":"closed","ping_status":"closed","template":"","meta":{"footnotes":""},"class_list":["post-436","page","type-page","status-publish","hentry"],"_links":{"self":[{"href":"http:\/\/ae.polj.uns.ac.rs\/index.php\/wp-json\/wp\/v2\/pages\/436","targetHints":{"allow":["GET"]}}],"collection":[{"href":"http:\/\/ae.polj.uns.ac.rs\/index.php\/wp-json\/wp\/v2\/pages"}],"about":[{"href":"http:\/\/ae.polj.uns.ac.rs\/index.php\/wp-json\/wp\/v2\/types\/page"}],"author":[{"embeddable":true,"href":"http:\/\/ae.polj.uns.ac.rs\/index.php\/wp-json\/wp\/v2\/users\/1"}],"replies":[{"embeddable":true,"href":"http:\/\/ae.polj.uns.ac.rs\/index.php\/wp-json\/wp\/v2\/comments?post=436"}],"version-history":[{"count":98,"href":"http:\/\/ae.polj.uns.ac.rs\/index.php\/wp-json\/wp\/v2\/pages\/436\/revisions"}],"predecessor-version":[{"id":6066,"href":"http:\/\/ae.polj.uns.ac.rs\/index.php\/wp-json\/wp\/v2\/pages\/436\/revisions\/6066"}],"wp:attachment":[{"href":"http:\/\/ae.polj.uns.ac.rs\/index.php\/wp-json\/wp\/v2\/media?parent=436"}],"curies":[{"name":"wp","href":"https:\/\/api.w.org\/{rel}","templated":true}]}}