{"id":4330,"date":"2020-03-20T14:44:20","date_gmt":"2020-03-20T14:44:20","guid":{"rendered":"http:\/\/ae.polj.uns.ac.rs\/?page_id=4330"},"modified":"2020-03-20T19:26:31","modified_gmt":"2020-03-20T19:26:31","slug":"sociologija-ruralnog-razvoja-2","status":"publish","type":"page","link":"http:\/\/ae.polj.uns.ac.rs\/index.php\/sociologija-ruralnog-razvoja-2\/","title":{"rendered":"Sociologija ruralnog razvoja"},"content":{"rendered":"<p><a href=\"http:\/\/ae.polj.uns.ac.rs\/wp-content\/uploads\/2020\/03\/Sociologija-ruralnog-razvoja-2020-INFO.pdf\">Sociologija ruralnog razvoja 2020 INFO<\/a><\/p>\n<p><a href=\"http:\/\/ae.polj.uns.ac.rs\/wp-content\/uploads\/2020\/03\/1-DRU\u0160TVENA-USLOVLJENOST-SOCIOLO\u0160KOG-ISTRA\u017dIVANJA-RURALNOG-RAZVOJA.pdf\">1 DRU\u0160TVENA USLOVLJENOST SOCIOLO\u0160KOG ISTRA\u017dIVANJA RURALNOG RAZVOJA<\/a><br \/>\n<a href=\"http:\/\/ae.polj.uns.ac.rs\/wp-content\/uploads\/2020\/03\/2-REGIONALNI-RURALNI-RAZVOJ-I-TERITORIJALNI-PRISTUP-NA-PRIMERU-LIDER-INICIJATIVE.pdf\">2 REGIONALNI RURALNI RAZVOJ I TERITORIJALNI PRISTUP NA PRIMERU LIDER INICIJATIVE<\/a><br \/>\n<a href=\"http:\/\/ae.polj.uns.ac.rs\/wp-content\/uploads\/2020\/03\/3-TERITORIJALNI-KAPITAL-RURALNIH-PODRU\u010cJA-ZA-RURALNI-TURIZAM.pdf\">3 TERITORIJALNI KAPITAL RURALNIH PODRU\u010cJA ZA RURALNI TURIZAM<\/a><br \/>\n<a href=\"http:\/\/ae.polj.uns.ac.rs\/wp-content\/uploads\/2020\/03\/4-MIGRACIJE-MLADIH-ISTRAZIVANJE-FAKULTET.pdf\">4 MIGRACIJE MLADIH ISTRAZIVANJE FAKULTET<\/a><br \/>\n<a href=\"http:\/\/ae.polj.uns.ac.rs\/wp-content\/uploads\/2020\/03\/5-MAKRO-OKVIRI-RURALNOG-RAZVOJA.pdf\">5 MAKRO OKVIRI RURALNOG RAZVOJA<\/a><br \/>\n<a href=\"http:\/\/ae.polj.uns.ac.rs\/wp-content\/uploads\/2020\/03\/6-MEZO-OKVIRI-RURALNOG-RAZVOJA.pdf\">6 MEZO OKVIRI RURALNOG RAZVOJA<\/a><br \/>\n<a href=\"http:\/\/ae.polj.uns.ac.rs\/wp-content\/uploads\/2020\/03\/7-RURALNA-PODRU\u010cJA-SRBIJE.pdf\">7 RURALNA PODRU\u010cJA SRBIJE<\/a><br \/>\n<a href=\"http:\/\/ae.polj.uns.ac.rs\/wp-content\/uploads\/2020\/03\/8-TEORIJA-DIFUZIJE-INOVACIJA-I-SAVETODAVSTVO.pdf\">8 TEORIJA DIFUZIJE INOVACIJA I SAVETODAVSTVO<\/a><\/p>\n","protected":false},"excerpt":{"rendered":"<p>Sociologija ruralnog razvoja 2020 INFO 1 DRU\u0160TVENA USLOVLJENOST SOCIOLO\u0160KOG ISTRA\u017dIVANJA RURALNOG RAZVOJA 2 REGIONALNI RURALNI RAZVOJ I TERITORIJALNI PRISTUP NA PRIMERU LIDER INICIJATIVE 3 TERITORIJALNI KAPITAL RURALNIH PODRU\u010cJA ZA RURALNI TURIZAM 4 MIGRACIJE MLADIH ISTRAZIVANJE FAKULTET 5 MAKRO OKVIRI RURALNOG RAZVOJA 6 MEZO OKVIRI RURALNOG RAZVOJA 7 RURALNA PODRU\u010cJA SRBIJE 8 TEORIJA DIFUZIJE INOVACIJA I SAVETODAVSTVO<\/p>\n","protected":false},"author":3,"featured_media":0,"parent":0,"menu_order":0,"comment_status":"closed","ping_status":"closed","template":"","meta":{"footnotes":""},"class_list":["post-4330","page","type-page","status-publish","hentry"],"_links":{"self":[{"href":"http:\/\/ae.polj.uns.ac.rs\/index.php\/wp-json\/wp\/v2\/pages\/4330","targetHints":{"allow":["GET"]}}],"collection":[{"href":"http:\/\/ae.polj.uns.ac.rs\/index.php\/wp-json\/wp\/v2\/pages"}],"about":[{"href":"http:\/\/ae.polj.uns.ac.rs\/index.php\/wp-json\/wp\/v2\/types\/page"}],"author":[{"embeddable":true,"href":"http:\/\/ae.polj.uns.ac.rs\/index.php\/wp-json\/wp\/v2\/users\/3"}],"replies":[{"embeddable":true,"href":"http:\/\/ae.polj.uns.ac.rs\/index.php\/wp-json\/wp\/v2\/comments?post=4330"}],"version-history":[{"count":4,"href":"http:\/\/ae.polj.uns.ac.rs\/index.php\/wp-json\/wp\/v2\/pages\/4330\/revisions"}],"predecessor-version":[{"id":4379,"href":"http:\/\/ae.polj.uns.ac.rs\/index.php\/wp-json\/wp\/v2\/pages\/4330\/revisions\/4379"}],"wp:attachment":[{"href":"http:\/\/ae.polj.uns.ac.rs\/index.php\/wp-json\/wp\/v2\/media?parent=4330"}],"curies":[{"name":"wp","href":"https:\/\/api.w.org\/{rel}","templated":true}]}}