{"id":433,"date":"2017-09-04T09:55:33","date_gmt":"2017-09-04T09:55:33","guid":{"rendered":"http:\/\/ae.polj.uns.ac.rs\/?page_id=433"},"modified":"2025-11-12T15:21:03","modified_gmt":"2025-11-12T15:21:03","slug":"rezultati","status":"publish","type":"page","link":"http:\/\/ae.polj.uns.ac.rs\/index.php\/rezultati\/","title":{"rendered":"REZULTATI"},"content":{"rendered":"<table width=\"1245\">\n<tbody>\n<tr>\n<td width=\"1245\"><strong>IME I PREZIME<\/strong><\/td>\n<\/tr>\n<tr>\n<td width=\"1245\"><a href=\"http:\/\/ae.polj.uns.ac.rs\/index.php\/rezultati-prof-dr-veselinovic-janko\/\">dr JANKO VESELINOVI\u0106<\/a><\/td>\n<\/tr>\n<tr>\n<td width=\"1245\"><a href=\"http:\/\/ae.polj.uns.ac.rs\/index.php\/dr-natasa-vukelic-docent\/\">dr NATA\u0160A VUKELI\u0106<\/a><\/td>\n<\/tr>\n<tr>\n<td width=\"1245\"><a href=\"http:\/\/ae.polj.uns.ac.rs\/index.php\/rezultati-prof-dr-vukoje-veljko\/\">dr VELJKO VUKOJE<\/a><\/td>\n<\/tr>\n<tr>\n<td width=\"1245\"><a href=\"http:\/\/ae.polj.uns.ac.rs\/index.php\/rezultati-prof-dr-duric-katarina\/\">dr KATARINA \u0110URI\u0106<\/a><\/td>\n<\/tr>\n<tr>\n<td width=\"1245\"><a href=\"http:\/\/ae.polj.uns.ac.rs\/index.php\/rezultati-prof-dr-zekic-vladislav\/\">dr VLADISLAV ZEKI\u0106<\/a><\/td>\n<\/tr>\n<tr>\n<td width=\"1245\"><a href=\"http:\/\/ae.polj.uns.ac.rs\/index.php\/informatika-i-primenjena-informatika\/\">dr TIHOMIR ZORANOVI\u0106<\/a><\/td>\n<\/tr>\n<tr>\n<td width=\"1245\"><a href=\"http:\/\/ae.polj.uns.ac.rs\/index.php\/rezultati-sociologija\/\">dr DEJAN JANKOVI\u0106<\/a><\/td>\n<\/tr>\n<tr>\n<td width=\"1245\"><a href=\"http:\/\/ae.polj.uns.ac.rs\/index.php\/rezultati-prof-dr-lukac-bulatovic-mirjana\/\">dr MIRJANA LUKA\u010c-BULATOVI\u0106<\/a><\/td>\n<\/tr>\n<tr>\n<td width=\"1245\"><a href=\"http:\/\/ae.polj.uns.ac.rs\/index.php\/rezultati-prof-dr-markovic-todor\/\">dr TODOR MARKOVI\u0106<\/a><\/td>\n<\/tr>\n<tr>\n<td width=\"1245\"><a href=\"http:\/\/ae.polj.uns.ac.rs\/index.php\/rezultati-dr-milic-dragan-docent\/\">dr DRAGAN MILI\u0106<\/a><\/td>\n<\/tr>\n<tr>\n<td width=\"1245\"><a href=\"https:\/\/domacistatistika.yolasite.com\/\">dr BEBA MUTAVD\u017dI\u0106<\/a><\/td>\n<\/tr>\n<tr>\n<td width=\"1245\"><a href=\"http:\/\/ae.polj.uns.ac.rs\/index.php\/rezultati-prof-vesna-rodic\/\">dr VESNA RODI\u0106<\/a><\/td>\n<\/tr>\n<tr>\n<td width=\"1245\"><a href=\"http:\/\/ae.polj.uns.ac.rs\/index.php\/rezultati-prof-dr-tica-nedeljko\/\">dr NEDELJKO TICA<\/a><\/td>\n<\/tr>\n<tr>\n<td width=\"1245\"><a href=\"https:\/\/ppfakultetengleski.wordpress.com\/\">dr BOJANA KOMAROMI<\/a><\/td>\n<\/tr>\n<tr>\n<td width=\"1245\"><a href=\"http:\/\/ae.polj.uns.ac.rs\/index.php\/rezultati-sociologija\/\">dr MARINA NOVAKOV<\/a><\/td>\n<\/tr>\n<tr>\n<td width=\"1245\"><a href=\"http:\/\/ae.polj.uns.ac.rs\/index.php\/rezultati-sociologija\/\">dr MARICA PETROVI\u0106<\/a><\/td>\n<\/tr>\n<tr>\n<td width=\"1245\"><a href=\"http:\/\/ae.polj.uns.ac.rs\/index.php\/rezultati-msc-mirela-tomas-simin\/\">dr MIRELA TOMA\u0160 SIMIN<\/a><\/td>\n<\/tr>\n<tr>\n<td width=\"1245\"><a href=\"http:\/\/ae.polj.uns.ac.rs\/index.php\/rezultati-msc-danica-glavas-trbic\/\">dr DANICA GLAVA\u0160-TRBI\u0106<\/a><\/td>\n<\/tr>\n<tr>\n<td width=\"1245\"><a href=\"http:\/\/ae.polj.uns.ac.rs\/index.php\/msc-jelena-karapandzin\/\">dr JELENA DESPOTOVI\u0106<\/a><\/td>\n<\/tr>\n<tr>\n<td width=\"1245\"><a href=\"http:\/\/ae.polj.uns.ac.rs\/index.php\/rezultati-prof-dr-vukoje-veljko\/\">dr ALEKSANDAR MILJATOVI\u0106<\/a><\/td>\n<\/tr>\n<tr>\n<td width=\"1245\"><a href=\"https:\/\/domacistatistika.yolasite.com\/\">dr TIHOMIR NOVAKOVI\u0106<\/a><\/td>\n<\/tr>\n<tr>\n<td width=\"1245\"><a href=\"https:\/\/domacistatistika.yolasite.com\/\">dr DRAGANA NOVAKOVI\u0106<\/a><\/td>\n<\/tr>\n<tr>\n<td width=\"1245\"><a href=\"http:\/\/ae.polj.uns.ac.rs\/index.php\/rezultati-dr-radojevic-vuk\/\">dr VUK RADOJEVI\u0106<\/a><\/td>\n<\/tr>\n<tr>\n<td width=\"1245\"><a href=\"https:\/\/ppfakultetengleski.wordpress.com\/\">mr ALEKSANDAR JAGROVI\u0106<\/a><\/td>\n<\/tr>\n<tr>\n<td width=\"1245\"><a href=\"https:\/\/ppfakultetengleski.wordpress.com\/\">dr IGOR CVIJANOVI\u0106<\/a><\/td>\n<\/tr>\n<tr>\n<td width=\"1245\"><a href=\"http:\/\/ae.polj.uns.ac.rs\/index.php\/rezultati-mast-aekon-milana-popov\/\">mast. aekon. MILANA POPOV<\/a><\/td>\n<\/tr>\n<tr>\n<td width=\"1245\"><a href=\"http:\/\/ekonomika.polj.uns.ac.rs\/informatika.html\">mast. ekon. VANJA RATKOV<\/a><\/td>\n<\/tr>\n<tr>\n<td width=\"1245\"><a href=\"http:\/\/ae.polj.uns.ac.rs\/index.php\/rezultati-dipl-aekon-strahinja-zlatic\/\">mast. aekon.\u00a0VELJKO \u0160ARAC<\/a><\/td>\n<\/tr>\n<\/tbody>\n<\/table>\n","protected":false},"excerpt":{"rendered":"<p>IME I PREZIME dr JANKO VESELINOVI\u0106 dr NATA\u0160A VUKELI\u0106 dr VELJKO VUKOJE dr KATARINA \u0110URI\u0106 dr VLADISLAV ZEKI\u0106 dr TIHOMIR ZORANOVI\u0106 dr DEJAN JANKOVI\u0106 dr MIRJANA LUKA\u010c-BULATOVI\u0106 dr TODOR MARKOVI\u0106 dr DRAGAN MILI\u0106 dr BEBA MUTAVD\u017dI\u0106 dr VESNA RODI\u0106 dr NEDELJKO TICA dr BOJANA KOMAROMI dr MARINA NOVAKOV dr MARICA PETROVI\u0106 dr MIRELA TOMA\u0160 SIMIN dr DANICA GLAVA\u0160-TRBI\u0106 dr JELENA DESPOTOVI\u0106 dr ALEKSANDAR MILJATOVI\u0106 dr TIHOMIR NOVAKOVI\u0106 dr DRAGANA NOVAKOVI\u0106 dr VUK RADOJEVI\u0106 mr ALEKSANDAR JAGROVI\u0106 dr IGOR CVIJANOVI\u0106 mast.&hellip;<\/p>\n","protected":false},"author":1,"featured_media":0,"parent":0,"menu_order":0,"comment_status":"closed","ping_status":"closed","template":"","meta":{"footnotes":""},"class_list":["post-433","page","type-page","status-publish","hentry"],"_links":{"self":[{"href":"http:\/\/ae.polj.uns.ac.rs\/index.php\/wp-json\/wp\/v2\/pages\/433","targetHints":{"allow":["GET"]}}],"collection":[{"href":"http:\/\/ae.polj.uns.ac.rs\/index.php\/wp-json\/wp\/v2\/pages"}],"about":[{"href":"http:\/\/ae.polj.uns.ac.rs\/index.php\/wp-json\/wp\/v2\/types\/page"}],"author":[{"embeddable":true,"href":"http:\/\/ae.polj.uns.ac.rs\/index.php\/wp-json\/wp\/v2\/users\/1"}],"replies":[{"embeddable":true,"href":"http:\/\/ae.polj.uns.ac.rs\/index.php\/wp-json\/wp\/v2\/comments?post=433"}],"version-history":[{"count":62,"href":"http:\/\/ae.polj.uns.ac.rs\/index.php\/wp-json\/wp\/v2\/pages\/433\/revisions"}],"predecessor-version":[{"id":12634,"href":"http:\/\/ae.polj.uns.ac.rs\/index.php\/wp-json\/wp\/v2\/pages\/433\/revisions\/12634"}],"wp:attachment":[{"href":"http:\/\/ae.polj.uns.ac.rs\/index.php\/wp-json\/wp\/v2\/media?parent=433"}],"curies":[{"name":"wp","href":"https:\/\/api.w.org\/{rel}","templated":true}]}}