{"id":4283,"date":"2020-03-20T12:24:26","date_gmt":"2020-03-20T12:24:26","guid":{"rendered":"http:\/\/ae.polj.uns.ac.rs\/?page_id=4283"},"modified":"2026-04-21T13:25:05","modified_gmt":"2026-04-21T13:25:05","slug":"racunovodstvo-poljoprivrednih-preduzeca","status":"publish","type":"page","link":"http:\/\/ae.polj.uns.ac.rs\/index.php\/racunovodstvo-poljoprivrednih-preduzeca\/","title":{"rendered":"Ra\u010dunovodstvo poljoprivrednih preduze\u0107a"},"content":{"rendered":"<p><strong>O predmetu<\/strong><\/p>\n<p><a href=\"http:\/\/ae.polj.uns.ac.rs\/wp-content\/uploads\/2026\/03\/0-Racunovodstvo-poljoprivrednih-preduzeca_Skripta.pdf\">Ra\u010dunovodstvo poljoprivrednih preduze\u0107a_Skripta<\/a><\/p>\n<p><a href=\"http:\/\/polj.uns.ac.rs\/Files\/udzbenici\/Racunovodstvo%20poljoprivrednih%20preduzeca.pdf\">Ra\u010dunovodstvo poljoprivrednih preduze\u0107a_Praktikum<\/a><\/p>\n<p><a href=\"http:\/\/ae.polj.uns.ac.rs\/wp-content\/uploads\/2020\/03\/0a-Ra\u010dunovodstvo-Program.pdf\">Ra\u010dunovodstvo poljoprivrednih preduze\u0107a_Program<\/a><\/p>\n<p><a href=\"http:\/\/ae.polj.uns.ac.rs\/wp-content\/uploads\/2020\/03\/0c-Ra\u010dunovodstvo-Pitanja-za-usmeni.pdf\">Ra\u010dunovodstvo poljoprivrednih preduze\u0107a_Pitanja za usmeni<\/a><\/p>\n<p><strong>Predavanja<\/strong><\/p>\n<p><a href=\"http:\/\/ae.polj.uns.ac.rs\/wp-content\/uploads\/2025\/08\/01-Osnove-racunovodstva.pdf\">01 Osnove ra\u010dunovodstva<\/a><\/p>\n<p><a href=\"http:\/\/ae.polj.uns.ac.rs\/wp-content\/uploads\/2025\/08\/02-Privredna-evidencija.pdf\">02 Privredna evidencija<\/a><\/p>\n<p><a href=\"http:\/\/ae.polj.uns.ac.rs\/wp-content\/uploads\/2025\/08\/03-Sistemi-knjigovodstva.pdf\">03 Sistemi knjigovodstva<\/a><\/p>\n<p><a href=\"http:\/\/ae.polj.uns.ac.rs\/wp-content\/uploads\/2025\/08\/04-Sredstva-Izvori-Bilansno-prikazivanje.pdf\">04 Sredstva, Izvori, Bilansno prikazivanje<\/a><\/p>\n<p><a href=\"http:\/\/ae.polj.uns.ac.rs\/wp-content\/uploads\/2025\/08\/05-Bilansne-promene.pdf\">05 Bilansne promene<\/a><\/p>\n<p><a href=\"http:\/\/ae.polj.uns.ac.rs\/wp-content\/uploads\/2025\/08\/06-Knjigovodstveni-racuni.pdf\">06 Knjigovodstveni ra\u010duni<\/a><\/p>\n<p><a href=\"http:\/\/ae.polj.uns.ac.rs\/wp-content\/uploads\/2025\/08\/07-Knjigovodstvena-dokumenta.pdf\">07 Knjigovodstvena dokumenta<\/a><\/p>\n<p><a href=\"http:\/\/ae.polj.uns.ac.rs\/wp-content\/uploads\/2025\/08\/08-Poslovne-knjige-i-Postupak-knjizenja.pdf\">08 Poslovne knjige i Postupak knji\u017eenja<\/a><\/p>\n<p><a href=\"http:\/\/ae.polj.uns.ac.rs\/wp-content\/uploads\/2025\/08\/09-Kontni-plan.pdf\">09 Kontni plan<\/a><\/p>\n<p><a href=\"http:\/\/ae.polj.uns.ac.rs\/wp-content\/uploads\/2025\/08\/10-Greske-u-knjigovodstvu.pdf\">10 Gre\u0161ke u knjigovodstvu<\/a><\/p>\n<p><a href=\"http:\/\/ae.polj.uns.ac.rs\/wp-content\/uploads\/2025\/08\/11-Stalna-Imovina-Osnovna-sredstva.pdf\">11 Stalna Imovina, Osnovna sredstva<\/a><\/p>\n<p><a href=\"http:\/\/ae.polj.uns.ac.rs\/wp-content\/uploads\/2025\/08\/12-Vrednovanje-osnovnih-sredstava-Revalorizacija.pdf\">12 Vrednovanje osnovnih sredstava, Revalorizacija<\/a><\/p>\n<p><a href=\"http:\/\/ae.polj.uns.ac.rs\/wp-content\/uploads\/2025\/08\/13-Racunovodstveno-obuhvatanje-Bioloskih-sredstava.pdf\">13 Ra\u010dunovodstveno obuhvatanje Biolo\u0161kih sredstava<\/a><\/p>\n<p><a href=\"http:\/\/ae.polj.uns.ac.rs\/wp-content\/uploads\/2025\/08\/14-Racunovodstveno-obuhvatanje-Amortizacije.pdf\">14 Ra\u010dunovodstveno obuhvatanje Amortizacije<\/a><\/p>\n<p><a href=\"http:\/\/ae.polj.uns.ac.rs\/wp-content\/uploads\/2025\/08\/15-Racunovodstveno-obuhvatanje-Gotovine-i-Potrazivanja.pdf\">15 Ra\u010dunovodstveno obuhvatanje Gotovine i Potra\u017eivanja<\/a><\/p>\n<p><a href=\"http:\/\/ae.polj.uns.ac.rs\/wp-content\/uploads\/2025\/08\/16-Racunovodstveno-obuhvatanje-PDV-a.pdf\">16 Ra\u010dunovodstveno obuhvatanje PDV-a<\/a><\/p>\n<p><a href=\"http:\/\/ae.polj.uns.ac.rs\/wp-content\/uploads\/2025\/08\/17-Racunovodstveno-obuhvatanje-Izvora-finansiranja.pdf\">17 Ra\u010dunovodstveno obuhvatanje Izvora finansiranja<\/a><\/p>\n<p><a href=\"http:\/\/ae.polj.uns.ac.rs\/wp-content\/uploads\/2025\/08\/18-Racunovodstveno-obuhvatanje-Nabavke-materijala.pdf\">18 Ra\u010dunovodstveno obuhvatanje Nabavke materijala<\/a><\/p>\n<p><a href=\"http:\/\/ae.polj.uns.ac.rs\/wp-content\/uploads\/2025\/08\/19-Pogonsko-knjigovodstvo-Uopste-Faze-troskova.pdf\">19 Pogonsko knjigovodstvo &#8211; Uop\u0161te, Faze tro\u0161kova<\/a><\/p>\n<p><a href=\"http:\/\/ae.polj.uns.ac.rs\/wp-content\/uploads\/2025\/08\/20-Racunovodstvo-Troskova-Materijala.pdf\">20 Ra\u010dunovodstvo Tro\u0161kova Materijala<\/a><\/p>\n<p><a href=\"http:\/\/ae.polj.uns.ac.rs\/wp-content\/uploads\/2025\/08\/21-Racunovodstvo-Troskova-Zarada-i-Ostalih-Troskova-i-Rashoda.pdf\">21 Ra\u010dunovodstvo Tro\u0161kova Zarada i Ostalih Tro\u0161kova i Rashoda<\/a><\/p>\n<p><a href=\"http:\/\/ae.polj.uns.ac.rs\/wp-content\/uploads\/2025\/08\/22-Racunovodstveno-obuhvatanje-Sekundarnih-troskova-III-faza.pdf\">22 Ra\u010dunovodstveno obuhvatanje Sekundarnih tro\u0161kova (III faza)<\/a><\/p>\n<p><a href=\"http:\/\/ae.polj.uns.ac.rs\/wp-content\/uploads\/2025\/08\/23-Obracun-i-knjizenje-zavrsetka-proizvodnje-i-prodaje-proizvoda-IV-i-V-faza.pdf\">23 Obra\u010dun i knji\u017eenje zavr\u0161etka proizvodnje i prodaje proizvoda (IV i V faza)<\/a><\/p>\n<p><a href=\"http:\/\/ae.polj.uns.ac.rs\/wp-content\/uploads\/2025\/08\/24-Sastavljanje-i-knjizenje-osnovnih-izvestaja-iz-pogonskog-knjigovodstva.pdf\">24 Sastavljanje i knji\u017eenje osnovnih izve\u0161taja iz pogonskog knjigovodstva<\/a><\/p>\n<p><a href=\"http:\/\/ae.polj.uns.ac.rs\/wp-content\/uploads\/2025\/08\/25-Racunovodstveno-obuhvatanje-Prihoda.pdf\">25 Ra\u010dunovodstveno obuhvatanje Prihoda<\/a><\/p>\n<p><a href=\"http:\/\/ae.polj.uns.ac.rs\/wp-content\/uploads\/2025\/08\/26-Metodoloski-postupak-utvrdivanja-finansijskog-rezultata.pdf\">26 Metodolo\u0161ki postupak utvr\u0111ivanja finansijskog rezultata<\/a><\/p>\n<p><a href=\"http:\/\/ae.polj.uns.ac.rs\/wp-content\/uploads\/2025\/08\/27-Finansijsko-izvestavanje-godisnji-zavrsni-racun.pdf\">27 Finansijsko izve\u0161tavanje &#8211; godi\u0161nji (zavr\u0161ni) ra\u010dun<\/a><\/p>\n<p><a href=\"http:\/\/ae.polj.uns.ac.rs\/wp-content\/uploads\/2025\/08\/28-Specificnosti-racunovodstva-polj-preduzeca.pdf\">28 Specifi\u010dnosti ra\u010dunovodstva polj preduze\u0107a<\/a><\/p>\n<p><strong>Ve\u017ebe<\/strong><\/p>\n<p><a href=\"http:\/\/ae.polj.uns.ac.rs\/wp-content\/uploads\/2020\/03\/30-Sredstva-i-izvori-1.pdf\">1_1_Sredstva i izvori_Primer iz praktikuma RE\u0160ENJE<\/a><\/p>\n<p><a href=\"http:\/\/ae.polj.uns.ac.rs\/wp-content\/uploads\/2026\/04\/1_2_Sredstva-i-izvori_Zadatak-za-vezbu.pdf\">1_2_Sredstva i izvori_Zadatak za ve\u017ebu<\/a><\/p>\n<p><a href=\"http:\/\/ae.polj.uns.ac.rs\/wp-content\/uploads\/2020\/03\/31-Sredstva-i-izvori-2.pdf\">1_3_Sredstva i izvori_Zadatak za ve\u017ebu RE\u0160ENJE<\/a><\/p>\n<p><a href=\"http:\/\/ae.polj.uns.ac.rs\/wp-content\/uploads\/2026\/04\/2_1_Bilans-po-likvidnosti_Resenje.pdf\">2_1_Bilans po likvidnosti_Re\u0161enje<\/a><\/p>\n<p><a href=\"http:\/\/ae.polj.uns.ac.rs\/wp-content\/uploads\/2026\/04\/2_2_Bilans-po-funkcionalnosti_Resenje.pdf\">2_2_Bilans po funkcionalnosti_Re\u0161enje<\/a><\/p>\n<p><a href=\"http:\/\/ae.polj.uns.ac.rs\/wp-content\/uploads\/2026\/04\/3_1_Bilansne-promene_Praktikum_Resenje.pdf\">3_1_Bilansne promene_Praktikum_Re\u0161enje<\/a><\/p>\n<p><a href=\"http:\/\/ae.polj.uns.ac.rs\/wp-content\/uploads\/2026\/04\/3_2_Bilansne-promene_Vezba-1.pdf\">3_2_Bilansne promene_Ve\u017eba 1<\/a><\/p>\n<p><a href=\"http:\/\/ae.polj.uns.ac.rs\/wp-content\/uploads\/2026\/04\/3_3_Bilansne-promene_Vezba-1_Resenje.pdf\">3_3_Bilansne promene_Ve\u017eba 1_Re\u0161enje<\/a><\/p>\n<p><a href=\"http:\/\/ae.polj.uns.ac.rs\/wp-content\/uploads\/2026\/04\/3_4_Bilansne-promene_Vezba-2.pdf\">3_4_Bilansne promene_Ve\u017eba 2<\/a><\/p>\n<p><a href=\"http:\/\/ae.polj.uns.ac.rs\/wp-content\/uploads\/2026\/04\/3_5_Bilansne-promene_Vezba-2_Resenje.pdf\">3_5_Bilansne promene_Ve\u017eba 2_Re\u0161enje<\/a><\/p>\n","protected":false},"excerpt":{"rendered":"<p>O predmetu Ra\u010dunovodstvo poljoprivrednih preduze\u0107a_Skripta Ra\u010dunovodstvo poljoprivrednih preduze\u0107a_Praktikum Ra\u010dunovodstvo poljoprivrednih preduze\u0107a_Program Ra\u010dunovodstvo poljoprivrednih preduze\u0107a_Pitanja za usmeni Predavanja 01 Osnove ra\u010dunovodstva 02 Privredna evidencija 03 Sistemi knjigovodstva 04 Sredstva, Izvori, Bilansno prikazivanje 05 Bilansne promene 06 Knjigovodstveni ra\u010duni 07 Knjigovodstvena dokumenta 08 Poslovne knjige i Postupak knji\u017eenja 09 Kontni plan 10 Gre\u0161ke u knjigovodstvu 11 Stalna Imovina, Osnovna sredstva 12 Vrednovanje osnovnih sredstava, Revalorizacija 13 Ra\u010dunovodstveno obuhvatanje Biolo\u0161kih sredstava 14 Ra\u010dunovodstveno obuhvatanje Amortizacije 15 Ra\u010dunovodstveno obuhvatanje Gotovine i Potra\u017eivanja 16 Ra\u010dunovodstveno&hellip;<\/p>\n","protected":false},"author":3,"featured_media":0,"parent":0,"menu_order":0,"comment_status":"closed","ping_status":"closed","template":"","meta":{"footnotes":""},"class_list":["post-4283","page","type-page","status-publish","hentry"],"_links":{"self":[{"href":"http:\/\/ae.polj.uns.ac.rs\/index.php\/wp-json\/wp\/v2\/pages\/4283","targetHints":{"allow":["GET"]}}],"collection":[{"href":"http:\/\/ae.polj.uns.ac.rs\/index.php\/wp-json\/wp\/v2\/pages"}],"about":[{"href":"http:\/\/ae.polj.uns.ac.rs\/index.php\/wp-json\/wp\/v2\/types\/page"}],"author":[{"embeddable":true,"href":"http:\/\/ae.polj.uns.ac.rs\/index.php\/wp-json\/wp\/v2\/users\/3"}],"replies":[{"embeddable":true,"href":"http:\/\/ae.polj.uns.ac.rs\/index.php\/wp-json\/wp\/v2\/comments?post=4283"}],"version-history":[{"count":43,"href":"http:\/\/ae.polj.uns.ac.rs\/index.php\/wp-json\/wp\/v2\/pages\/4283\/revisions"}],"predecessor-version":[{"id":13278,"href":"http:\/\/ae.polj.uns.ac.rs\/index.php\/wp-json\/wp\/v2\/pages\/4283\/revisions\/13278"}],"wp:attachment":[{"href":"http:\/\/ae.polj.uns.ac.rs\/index.php\/wp-json\/wp\/v2\/media?parent=4283"}],"curies":[{"name":"wp","href":"https:\/\/api.w.org\/{rel}","templated":true}]}}