{"id":4273,"date":"2020-03-20T12:22:44","date_gmt":"2020-03-20T12:22:44","guid":{"rendered":"http:\/\/ae.polj.uns.ac.rs\/?page_id=4273"},"modified":"2026-03-19T10:44:36","modified_gmt":"2026-03-19T10:44:36","slug":"analiza-poslovanja","status":"publish","type":"page","link":"http:\/\/ae.polj.uns.ac.rs\/index.php\/analiza-poslovanja\/","title":{"rendered":"Analiza poslovanja"},"content":{"rendered":"<p><b>O predmetu<\/b><\/p>\n<p><a href=\"http:\/\/ae.polj.uns.ac.rs\/wp-content\/uploads\/2026\/03\/0b-Analiza-poslovanja-Konacno.pdf\">0a Analiza poslovanja Skripta<\/a><\/p>\n<p><a style=\"font-size: revert;\" href=\"http:\/\/ae.polj.uns.ac.rs\/wp-content\/uploads\/2025\/06\/0b_Analiza_Program-1.pdf\">0b_Analiza_Program<\/a><\/p>\n<p><a href=\"http:\/\/ae.polj.uns.ac.rs\/wp-content\/uploads\/2025\/06\/0d_Analiza_Pitanja-za-usmeni.pdf\">0d_Analiza_Pitanja za usmeni<\/a><\/p>\n<p><strong>Predavanja<\/strong><\/p>\n<p><a href=\"http:\/\/ae.polj.uns.ac.rs\/wp-content\/uploads\/2025\/08\/01-Pojam-Mesto-Predmet-i-Podrucja-Analize-poslovanja.pdf\">01 Pojam, Mesto, Predmet i Podru\u010dja &#8211; Analize poslovanja<\/a><\/p>\n<p><a href=\"http:\/\/ae.polj.uns.ac.rs\/wp-content\/uploads\/2025\/08\/02-Cilj\u0435vi-Zadaci-Principi-i-Metodi-Analize-poslovanja.pdf\">02 Cilj\u0435vi, Zadaci, Principi i Metodi &#8211; Analize poslovanja<\/a><\/p>\n<p><a href=\"http:\/\/ae.polj.uns.ac.rs\/wp-content\/uploads\/2025\/08\/03-Instrumenti-Korisnici-i-Vrste-Analize-poslovanja.pdf\">03 Instrumenti, Korisnici i Vrste &#8211; Analize poslovanja<\/a><\/p>\n<p><a href=\"http:\/\/ae.polj.uns.ac.rs\/wp-content\/uploads\/2025\/08\/04-Analiza-Ostvarenih-rezultata.pdf\">04 Analiza Ostvarenih rezultata<\/a><\/p>\n<p><a href=\"http:\/\/ae.polj.uns.ac.rs\/wp-content\/uploads\/2025\/08\/05-Ukupan-prihod-Principi-obracuna-Dohodak.pdf\">05 Ukupan prihod, Principi obra\u010duna, Dohodak<\/a><\/p>\n<p><a href=\"http:\/\/ae.polj.uns.ac.rs\/wp-content\/uploads\/2025\/08\/06-Utvrdivanje-i-raspodela-finansijskog-rezultata.pdf\">06 Utvr\u0111ivanje i raspodela finansijskog rezultata<\/a><\/p>\n<p><a href=\"http:\/\/ae.polj.uns.ac.rs\/wp-content\/uploads\/2025\/08\/07-Amortizacija-kao-dodatni-izvor-Akumulacije.pdf\">07 Amortizacija kao dodatni izvor Akumulacije<\/a><\/p>\n<p><a href=\"http:\/\/ae.polj.uns.ac.rs\/wp-content\/uploads\/2025\/08\/08-Sastavljanje-Sadrzaj-i-Povezanost-Bilansa.pdf\">08 Sastavljanje, Sadr\u017eaj i Povezanost Bilansa<\/a><\/p>\n<p><a href=\"http:\/\/ae.polj.uns.ac.rs\/wp-content\/uploads\/2025\/08\/09-Struktura-UP-Poslovnog-prihoda-i-Finansijskog-rezultata.pdf\">09 Struktura UP, Poslovnog prihoda i Finansijskog rezultata<\/a><\/p>\n<p><a href=\"http:\/\/ae.polj.uns.ac.rs\/wp-content\/uploads\/2025\/08\/10-Analiza-Rentabilnosti.pdf\">10 Analiza Rentabilnosti<\/a><\/p>\n<p><a href=\"http:\/\/ae.polj.uns.ac.rs\/wp-content\/uploads\/2025\/08\/11-Analiza-obima-i-Fluktuacije-radne-snage.pdf\">11 Analiza obima i Fluktuacije radne snage<\/a><\/p>\n<p><a href=\"http:\/\/ae.polj.uns.ac.rs\/wp-content\/uploads\/2025\/08\/12-Analiza-Strukture-Radne-snage-i-Produktivnosti.pdf\">12 Analiza Strukture Radne snage i Produktivnosti<\/a><\/p>\n<p><a href=\"http:\/\/ae.polj.uns.ac.rs\/wp-content\/uploads\/2025\/08\/13-Analiza-Osnovnih-sredstava-I-DEO.pdf\">13 Analiza Osnovnih sredstava &#8211; I DEO<\/a><\/p>\n<p><a href=\"http:\/\/ae.polj.uns.ac.rs\/wp-content\/uploads\/2025\/08\/14-Analiza-Osnovnih-sredstava-II-DEO.pdf\">14 Analiza Osnovnih sredstava &#8211; II DEO<\/a><\/p>\n<p><a href=\"http:\/\/ae.polj.uns.ac.rs\/wp-content\/uploads\/2025\/08\/15-Analiza-Osnovnih-sredstava-III-DEO.pdf\">15 Analiza Osnovnih sredstava &#8211; III DEO<\/a><\/p>\n<p><a href=\"http:\/\/ae.polj.uns.ac.rs\/wp-content\/uploads\/2025\/08\/16-Analiza-Obrtnih-sredstava-I-DEO.pdf\">16 Analiza Obrtnih sredstava &#8211; I DEO<\/a><\/p>\n<p><a href=\"http:\/\/ae.polj.uns.ac.rs\/wp-content\/uploads\/2025\/08\/17-Analiza-Obrtnih-sredstava-II-DEO.pdf\">17 Analiza Obrtnih sredstava &#8211; II DEO<\/a><\/p>\n<p><a href=\"http:\/\/ae.polj.uns.ac.rs\/wp-content\/uploads\/2025\/08\/18-Analiza-opstih-uslova-Poslovanja.pdf\">18 Analiza op\u0161tih uslova Poslovanja<\/a><\/p>\n<p><a href=\"http:\/\/ae.polj.uns.ac.rs\/wp-content\/uploads\/2025\/08\/19-Analiza-Troskova-I-DEO.pdf\">19 Analiza Tro\u0161kova &#8211; I DEO<\/a><\/p>\n<p><a href=\"http:\/\/ae.polj.uns.ac.rs\/wp-content\/uploads\/2025\/08\/20-Analiza-Troskova-II-DEO.pdf\">20 Analiza Tro\u0161kova &#8211; II DEO<\/a><\/p>\n<p><a href=\"http:\/\/ae.polj.uns.ac.rs\/wp-content\/uploads\/2025\/08\/21-Analiza-Finansijskog-polozaja.pdf\">21 Analiza Finansijskog polo\u017eaja<\/a><\/p>\n<p><a href=\"http:\/\/ae.polj.uns.ac.rs\/wp-content\/uploads\/2025\/08\/22-Analiza-Izvora-sredstava.pdf\">22 Analiza Izvora sredstava<\/a><\/p>\n<p><strong>Ve\u017ebe<\/strong><\/p>\n<p><a href=\"http:\/\/ae.polj.uns.ac.rs\/wp-content\/uploads\/2020\/03\/30-Ukupna-proizvodnja.pdf\">30 Ukupna proizvodnja<\/a><\/p>\n<p><a href=\"http:\/\/ae.polj.uns.ac.rs\/wp-content\/uploads\/2020\/03\/31-Namena-i-Stepen-integracije-1.pdf\">31 Namena i Stepen integracije<\/a><\/p>\n<p><a href=\"http:\/\/ae.polj.uns.ac.rs\/wp-content\/uploads\/2020\/03\/32-Utvr\u0111ivanje-ukupnog-prihoda-i-dohotka.pdf\">32 Utvr\u0111ivanje ukupnog prihoda i dohotka<\/a><\/p>\n<p><a href=\"http:\/\/ae.polj.uns.ac.rs\/wp-content\/uploads\/2025\/06\/33-Finansijski-izvestaji-za-vezbu.pdf\">33 Finansijski izve\u0161taji za ve\u017ebu<\/a><\/p>\n<p><a href=\"http:\/\/ae.polj.uns.ac.rs\/wp-content\/uploads\/2020\/03\/34-Primer-Pismeni.pdf\">34 Primer Pismeni<\/a><\/p>\n<p><a href=\"http:\/\/ae.polj.uns.ac.rs\/wp-content\/uploads\/2020\/03\/34a-Primer-Pismeni-Re\u0161enje.pdf\">34a Primer Pismeni Re\u0161enje<\/a><\/p>\n<p><a href=\"http:\/\/ae.polj.uns.ac.rs\/wp-content\/uploads\/2020\/03\/35-Analiza-finansijskog-rezultata-Tabele.pdf\">35 Analiza finansijskog rezultata Tabele<\/a><\/p>\n<p><a href=\"http:\/\/ae.polj.uns.ac.rs\/wp-content\/uploads\/2020\/03\/35a-Analiza-finansijskog-rezultata-Re\u0161enje.pdf\">35a Analiza finansijskog rezultata Re\u0161enje<\/a><\/p>\n<p><a href=\"http:\/\/ae.polj.uns.ac.rs\/wp-content\/uploads\/2020\/03\/36-Analiza-obima-anga\u017eovane-radne-snage.pdf\">36 Analiza obima anga\u017eovane radne snage<\/a><\/p>\n<p><a href=\"http:\/\/ae.polj.uns.ac.rs\/wp-content\/uploads\/2020\/03\/36a-Analiza-produktivnosti-rada.pdf\">36a Analiza produktivnosti rada<\/a><\/p>\n<p><a href=\"http:\/\/ae.polj.uns.ac.rs\/wp-content\/uploads\/2020\/03\/37-Analiza-osnovnih-sredstava.pdf\">37 Analiza osnovnih sredstava<\/a><\/p>\n<p><a href=\"http:\/\/ae.polj.uns.ac.rs\/wp-content\/uploads\/2020\/03\/37a-Analiza-osnovnih-sredstava-Re\u0161enje-1.pdf\">37a Analiza osnovnih sredstava Re\u0161enje<\/a><\/p>\n<p><a href=\"http:\/\/ae.polj.uns.ac.rs\/wp-content\/uploads\/2020\/03\/38-Analiza-obrtnih-sredstava.pdf\">38 Analiza obrtnih sredstava<\/a><\/p>\n<p><a href=\"http:\/\/ae.polj.uns.ac.rs\/wp-content\/uploads\/2020\/03\/38a-Analiza-obrtnih-sredstava-Re\u0161enje.pdf\">38a Analiza obrtnih sredstava Re\u0161enje<\/a><\/p>\n<p><a href=\"http:\/\/ae.polj.uns.ac.rs\/wp-content\/uploads\/2020\/03\/39-Analiza-tro\u0161kova.pdf\">39 Analiza tro\u0161kova<\/a><\/p>\n<p><a href=\"http:\/\/ae.polj.uns.ac.rs\/wp-content\/uploads\/2020\/03\/40-Analiza-finansijskog-polo\u017eaja-Tabele-1.pdf\">40 Analiza finansijskog polo\u017eaja Tabele<\/a><\/p>\n<p><a href=\"http:\/\/ae.polj.uns.ac.rs\/wp-content\/uploads\/2020\/03\/40a-Analiza-finansijskog-polo\u017eaja-Re\u0161enje-1.pdf\">40a Analiza finansijskog polo\u017eaja Re\u0161enje<\/a><\/p>\n<p><a href=\"http:\/\/ae.polj.uns.ac.rs\/wp-content\/uploads\/2020\/03\/41-Presecanje-bilansa-i-Indikatori-Tabele-1.pdf\">41 Presecanje bilansa i Indikatori Tabele<\/a><\/p>\n<p><a href=\"http:\/\/ae.polj.uns.ac.rs\/wp-content\/uploads\/2020\/03\/41a-Presecanje-bilansa-i-Indikatori-Re\u0161enje.pdf\">41a Presecanje bilansa i Indikatori Re\u0161enje<\/a><\/p>\n<p><a href=\"http:\/\/ae.polj.uns.ac.rs\/wp-content\/uploads\/2020\/03\/42-Primer-Pismeni-2.pdf\">42 Primer Pismeni 2<\/a><\/p>\n","protected":false},"excerpt":{"rendered":"<p>O predmetu 0a Analiza poslovanja Skripta 0b_Analiza_Program 0d_Analiza_Pitanja za usmeni Predavanja 01 Pojam, Mesto, Predmet i Podru\u010dja &#8211; Analize poslovanja 02 Cilj\u0435vi, Zadaci, Principi i Metodi &#8211; Analize poslovanja 03 Instrumenti, Korisnici i Vrste &#8211; Analize poslovanja 04 Analiza Ostvarenih rezultata 05 Ukupan prihod, Principi obra\u010duna, Dohodak 06 Utvr\u0111ivanje i raspodela finansijskog rezultata 07 Amortizacija kao dodatni izvor Akumulacije 08 Sastavljanje, Sadr\u017eaj i Povezanost Bilansa 09 Struktura UP, Poslovnog prihoda i Finansijskog rezultata 10 Analiza Rentabilnosti 11 Analiza obima i&hellip;<\/p>\n","protected":false},"author":3,"featured_media":0,"parent":0,"menu_order":0,"comment_status":"closed","ping_status":"closed","template":"","meta":{"footnotes":""},"class_list":["post-4273","page","type-page","status-publish","hentry"],"_links":{"self":[{"href":"http:\/\/ae.polj.uns.ac.rs\/index.php\/wp-json\/wp\/v2\/pages\/4273","targetHints":{"allow":["GET"]}}],"collection":[{"href":"http:\/\/ae.polj.uns.ac.rs\/index.php\/wp-json\/wp\/v2\/pages"}],"about":[{"href":"http:\/\/ae.polj.uns.ac.rs\/index.php\/wp-json\/wp\/v2\/types\/page"}],"author":[{"embeddable":true,"href":"http:\/\/ae.polj.uns.ac.rs\/index.php\/wp-json\/wp\/v2\/users\/3"}],"replies":[{"embeddable":true,"href":"http:\/\/ae.polj.uns.ac.rs\/index.php\/wp-json\/wp\/v2\/comments?post=4273"}],"version-history":[{"count":52,"href":"http:\/\/ae.polj.uns.ac.rs\/index.php\/wp-json\/wp\/v2\/pages\/4273\/revisions"}],"predecessor-version":[{"id":13156,"href":"http:\/\/ae.polj.uns.ac.rs\/index.php\/wp-json\/wp\/v2\/pages\/4273\/revisions\/13156"}],"wp:attachment":[{"href":"http:\/\/ae.polj.uns.ac.rs\/index.php\/wp-json\/wp\/v2\/media?parent=4273"}],"curies":[{"name":"wp","href":"https:\/\/api.w.org\/{rel}","templated":true}]}}