{"id":4258,"date":"2020-03-20T10:53:19","date_gmt":"2020-03-20T10:53:19","guid":{"rendered":"http:\/\/ae.polj.uns.ac.rs\/?page_id=4258"},"modified":"2020-03-23T22:43:07","modified_gmt":"2020-03-23T22:43:07","slug":"trziste-i-marketing","status":"publish","type":"page","link":"http:\/\/ae.polj.uns.ac.rs\/index.php\/trziste-i-marketing\/","title":{"rendered":"Tr\u017ei\u0161te i marketing"},"content":{"rendered":"<p><a href=\"http:\/\/ae.polj.uns.ac.rs\/wp-content\/uploads\/2020\/03\/Tr\u017ei\u0161te-i-marketing-_Uputstvo-za-polaganje.pdf\">Tr\u017ei\u0161te i marketing _Uputstvo za polaganje<\/a><\/p>\n<p><a href=\"http:\/\/ae.polj.uns.ac.rs\/wp-content\/uploads\/2020\/03\/Trziste-i-marketing-Ud\u017ebenik.pdf\">Tr\u017ei\u0161te i marketing Ud\u017ebenik<\/a><\/p>\n<p><a href=\"http:\/\/ae.polj.uns.ac.rs\/wp-content\/uploads\/2020\/03\/Tr\u017ei\u0161te-agroindustijskih-proizvoda-specijalni-deo.pdf\">Tr\u017ei\u0161te agroindustrijskih proizvoda specijalni deo<\/a><\/p>\n","protected":false},"excerpt":{"rendered":"<p>Tr\u017ei\u0161te i marketing _Uputstvo za polaganje Tr\u017ei\u0161te i marketing Ud\u017ebenik Tr\u017ei\u0161te agroindustrijskih proizvoda specijalni deo<\/p>\n","protected":false},"author":3,"featured_media":0,"parent":0,"menu_order":0,"comment_status":"closed","ping_status":"closed","template":"","meta":{"footnotes":""},"class_list":["post-4258","page","type-page","status-publish","hentry"],"_links":{"self":[{"href":"http:\/\/ae.polj.uns.ac.rs\/index.php\/wp-json\/wp\/v2\/pages\/4258","targetHints":{"allow":["GET"]}}],"collection":[{"href":"http:\/\/ae.polj.uns.ac.rs\/index.php\/wp-json\/wp\/v2\/pages"}],"about":[{"href":"http:\/\/ae.polj.uns.ac.rs\/index.php\/wp-json\/wp\/v2\/types\/page"}],"author":[{"embeddable":true,"href":"http:\/\/ae.polj.uns.ac.rs\/index.php\/wp-json\/wp\/v2\/users\/3"}],"replies":[{"embeddable":true,"href":"http:\/\/ae.polj.uns.ac.rs\/index.php\/wp-json\/wp\/v2\/comments?post=4258"}],"version-history":[{"count":4,"href":"http:\/\/ae.polj.uns.ac.rs\/index.php\/wp-json\/wp\/v2\/pages\/4258\/revisions"}],"predecessor-version":[{"id":4629,"href":"http:\/\/ae.polj.uns.ac.rs\/index.php\/wp-json\/wp\/v2\/pages\/4258\/revisions\/4629"}],"wp:attachment":[{"href":"http:\/\/ae.polj.uns.ac.rs\/index.php\/wp-json\/wp\/v2\/media?parent=4258"}],"curies":[{"name":"wp","href":"https:\/\/api.w.org\/{rel}","templated":true}]}}