{"id":4246,"date":"2020-03-20T10:51:26","date_gmt":"2020-03-20T10:51:26","guid":{"rendered":"http:\/\/ae.polj.uns.ac.rs\/?page_id=4246"},"modified":"2020-03-23T12:36:51","modified_gmt":"2020-03-23T12:36:51","slug":"ekonomika-turizma","status":"publish","type":"page","link":"http:\/\/ae.polj.uns.ac.rs\/index.php\/ekonomika-turizma\/","title":{"rendered":"Ekonomika turizma"},"content":{"rendered":"<p><a href=\"http:\/\/ae.polj.uns.ac.rs\/wp-content\/uploads\/2020\/03\/Ekonomikaturizmaiseoskogturizma.pdf\">Ekonomika turizma i seoskog turizma &#8211; ud\u017ebenik, Zoran Njegovan, Katarina \u0110uri\u0107<\/a><\/p>\n<p><a href=\"http:\/\/ae.polj.uns.ac.rs\/wp-content\/uploads\/2020\/03\/GRADIVO-Ekonomika-turizma.pdf\">GRADIVO Ekonomika turizma<\/a><\/p>\n<p><a href=\"http:\/\/ae.polj.uns.ac.rs\/wp-content\/uploads\/2020\/03\/ORGANIZACIJA-TURIZMA-I-OSNOVI-TURISTI\u010cKE-POLITIKE.pdf\">ORGANIZACIJA TURIZMA I OSNOVI TURISTI\u010cKE POLITIKE<\/a><\/p>\n<p><a href=\"http:\/\/ae.polj.uns.ac.rs\/wp-content\/uploads\/2020\/03\/OSNOVI-TURISTI\u010cKE-POLITIKE.pdf\">OSNOVI TURISTI\u010cKE POLITIKE<\/a><\/p>\n<p><a href=\"http:\/\/ae.polj.uns.ac.rs\/wp-content\/uploads\/2020\/03\/RAZVOJNI-PUT-TURZIMA.pdf\">RAZVOJNI PUT TURZIMA<\/a><\/p>\n<p><a href=\"http:\/\/ae.polj.uns.ac.rs\/wp-content\/uploads\/2020\/03\/TURISTI\u010cKO-TR\u017dI\u0160TE-I-NJEGOVE-KARAKTERISTIKE.pdf\">TURISTI\u010cKO TR\u017dI\u0160TE I NJEGOVE KARAKTERISTIKE<\/a><\/p>\n","protected":false},"excerpt":{"rendered":"<p>Ekonomika turizma i seoskog turizma &#8211; ud\u017ebenik, Zoran Njegovan, Katarina \u0110uri\u0107 GRADIVO Ekonomika turizma ORGANIZACIJA TURIZMA I OSNOVI TURISTI\u010cKE POLITIKE OSNOVI TURISTI\u010cKE POLITIKE RAZVOJNI PUT TURZIMA TURISTI\u010cKO TR\u017dI\u0160TE I NJEGOVE KARAKTERISTIKE<\/p>\n","protected":false},"author":3,"featured_media":0,"parent":0,"menu_order":0,"comment_status":"closed","ping_status":"closed","template":"","meta":{"footnotes":""},"class_list":["post-4246","page","type-page","status-publish","hentry"],"_links":{"self":[{"href":"http:\/\/ae.polj.uns.ac.rs\/index.php\/wp-json\/wp\/v2\/pages\/4246","targetHints":{"allow":["GET"]}}],"collection":[{"href":"http:\/\/ae.polj.uns.ac.rs\/index.php\/wp-json\/wp\/v2\/pages"}],"about":[{"href":"http:\/\/ae.polj.uns.ac.rs\/index.php\/wp-json\/wp\/v2\/types\/page"}],"author":[{"embeddable":true,"href":"http:\/\/ae.polj.uns.ac.rs\/index.php\/wp-json\/wp\/v2\/users\/3"}],"replies":[{"embeddable":true,"href":"http:\/\/ae.polj.uns.ac.rs\/index.php\/wp-json\/wp\/v2\/comments?post=4246"}],"version-history":[{"count":4,"href":"http:\/\/ae.polj.uns.ac.rs\/index.php\/wp-json\/wp\/v2\/pages\/4246\/revisions"}],"predecessor-version":[{"id":4593,"href":"http:\/\/ae.polj.uns.ac.rs\/index.php\/wp-json\/wp\/v2\/pages\/4246\/revisions\/4593"}],"wp:attachment":[{"href":"http:\/\/ae.polj.uns.ac.rs\/index.php\/wp-json\/wp\/v2\/media?parent=4246"}],"curies":[{"name":"wp","href":"https:\/\/api.w.org\/{rel}","templated":true}]}}