{"id":4210,"date":"2020-03-18T14:56:07","date_gmt":"2020-03-18T14:56:07","guid":{"rendered":"http:\/\/ae.polj.uns.ac.rs\/?page_id=4210"},"modified":"2020-04-06T10:51:01","modified_gmt":"2020-04-06T10:51:01","slug":"menadzment-u-stocarskoj-proizvodnji-stocarski-smer","status":"publish","type":"page","link":"http:\/\/ae.polj.uns.ac.rs\/index.php\/menadzment-u-stocarskoj-proizvodnji-stocarski-smer\/","title":{"rendered":"Menad\u017ement u sto\u010darskoj proizvodnji &#8211; sto\u010darski smer"},"content":{"rendered":"<h4>Po\u0161tovani student IV godine sto\u010darskog smera,<\/h4>\n<h4>Otvorena je google u\u010dionica za predmet MENAD\u017dMENT U STO\u010cARSKOJ PROIZVODNJI. \u0160ifra za pristup je\u00a0ri5pvpq gde se ka\u010de svi materijali, zadaci za ve\u017ebu i gde \u0107e se odr\u017eavati konsultacije.<\/h4>\n<h4>Link u\u010dionice je\u00a0<a href=\"https:\/\/classroom.google.com\/u\/2\/c\/NTU3NTYxOTA1MzZa\">https:\/\/classroom.google.com\/u\/2\/c\/NTU4NTA4NDQxNTha<\/a><\/h4>\n<h4>Ukoliko neko ima problema da udje u u\u010dionicu neka mi se javi na mail vukelicn@polj.uns.ac.rs<\/h4>\n<h4>Na sajtu ae.polj.uns.ac.rs ce ostati osnovni materijali.<\/h4>\n<h4>Ostanite zdravi,<\/h4>\n<h4>Dr Nata\u0161a Vukeli\u0107<\/h4>\n<p>&nbsp;<\/p>\n<p><strong>PREDAVANJA &#8211; PROF. DR DANICA BO\u0160NJAK<\/strong><\/p>\n<p><a href=\"http:\/\/ae.polj.uns.ac.rs\/wp-content\/uploads\/2020\/03\/Menad\u017ement-u-sto\u010darskoj-proizvodnji-prezentacije-sa-predavanja-prof.-Bo\u0161njak.pptx\">Menad\u017ement u sto\u010darskoj proizvodnji &#8211; prezentacije sa predavanja prof. Bo\u0161njak<\/a><\/p>\n<p><strong>VE\u017dBE &#8211; DR NATA\u0160A VUKELI\u0106 &#8211; docent<\/strong><\/p>\n<p><strong>PREZENTACIJE<\/strong><\/p>\n<p><a href=\"http:\/\/ae.polj.uns.ac.rs\/wp-content\/uploads\/2020\/03\/REZULTATI-POSLOVANJA.pptx\">REZULTATI POSLOVANJA<\/a><\/p>\n<p><a href=\"http:\/\/ae.polj.uns.ac.rs\/wp-content\/uploads\/2020\/03\/IZRA\u017dAVANJE-VELI\u010cINE-PROIZVODNIH-JEDINICA-REDUKOVANJE.pptx\">IZRA\u017dAVANJE VELI\u010cINE PROIZVODNIH JEDINICA &#8211; REDUKOVANJE<\/a><\/p>\n<p><a href=\"http:\/\/ae.polj.uns.ac.rs\/wp-content\/uploads\/2020\/03\/INTENZIVNOST.pptx\">INTENZIVNOST<\/a><\/p>\n<p><a href=\"http:\/\/ae.polj.uns.ac.rs\/wp-content\/uploads\/2020\/03\/USKLA\u0110IVANJE-BROJA-GRLA-SA-RASPOLO\u017dIVOM-KOLI\u010cINOM-STO\u010cNE.pptx\">USKLA\u0110IVANJE BROJA GRLA SA RASPOLO\u017dIVOM KOLI\u010cINOM STO\u010cNE<\/a><\/p>\n<p><strong>PRAKTIKUM ORGANIZACIJA I EKONOMIKA STO\u010cARSKE PROIZVODNJE<\/strong><\/p>\n<p><a href=\"http:\/\/ae.polj.uns.ac.rs\/wp-content\/uploads\/2020\/03\/Odredjivanje-zastupljenosti-stoke.pdf\">Odredjivanje zastupljenosti stoke<\/a><\/p>\n<p><a href=\"http:\/\/ae.polj.uns.ac.rs\/wp-content\/uploads\/2020\/03\/Uskladjivanje-broja-grla-sa-raspolozivom-kolicinom-stocne-hrane.pdf\">Uskladjivanje broja grla sa raspolozivom kolicinom stocne hrane<\/a><\/p>\n<p><a href=\"http:\/\/ae.polj.uns.ac.rs\/wp-content\/uploads\/2020\/03\/Reprodukcija-stada.pdf\">Reprodukcija stada<\/a><\/p>\n<p><a href=\"http:\/\/ae.polj.uns.ac.rs\/wp-content\/uploads\/2020\/03\/Struktura-stada.pdf\">Struktura stada<\/a><\/p>\n<p><a href=\"http:\/\/ae.polj.uns.ac.rs\/wp-content\/uploads\/2020\/03\/Plan-pripusta-i-dobijanje-podmlatka.pdf\">Plan pripusta i dobijanje podmlatka<\/a><\/p>\n<p><a href=\"http:\/\/ae.polj.uns.ac.rs\/wp-content\/uploads\/2020\/03\/Obrt-stada-goveda.pdf\">Obrt stada goveda<\/a><\/p>\n<p><a href=\"http:\/\/ae.polj.uns.ac.rs\/wp-content\/uploads\/2020\/03\/Obrt-stada-svinje.pdf\">Obrt stada svinje<\/a><\/p>\n","protected":false},"excerpt":{"rendered":"<p>Po\u0161tovani student IV godine sto\u010darskog smera, Otvorena je google u\u010dionica za predmet MENAD\u017dMENT U STO\u010cARSKOJ PROIZVODNJI. \u0160ifra za pristup je\u00a0ri5pvpq gde se ka\u010de svi materijali, zadaci za ve\u017ebu i gde \u0107e se odr\u017eavati konsultacije. Link u\u010dionice je\u00a0https:\/\/classroom.google.com\/u\/2\/c\/NTU4NTA4NDQxNTha Ukoliko neko ima problema da udje u u\u010dionicu neka mi se javi na mail vukelicn@polj.uns.ac.rs Na sajtu ae.polj.uns.ac.rs ce ostati osnovni materijali. Ostanite zdravi, Dr Nata\u0161a Vukeli\u0107 &nbsp; PREDAVANJA &#8211; PROF. DR DANICA BO\u0160NJAK Menad\u017ement u sto\u010darskoj proizvodnji &#8211; prezentacije sa predavanja prof.&hellip;<\/p>\n","protected":false},"author":1,"featured_media":0,"parent":0,"menu_order":0,"comment_status":"closed","ping_status":"closed","template":"","meta":{"footnotes":""},"class_list":["post-4210","page","type-page","status-publish","hentry"],"_links":{"self":[{"href":"http:\/\/ae.polj.uns.ac.rs\/index.php\/wp-json\/wp\/v2\/pages\/4210","targetHints":{"allow":["GET"]}}],"collection":[{"href":"http:\/\/ae.polj.uns.ac.rs\/index.php\/wp-json\/wp\/v2\/pages"}],"about":[{"href":"http:\/\/ae.polj.uns.ac.rs\/index.php\/wp-json\/wp\/v2\/types\/page"}],"author":[{"embeddable":true,"href":"http:\/\/ae.polj.uns.ac.rs\/index.php\/wp-json\/wp\/v2\/users\/1"}],"replies":[{"embeddable":true,"href":"http:\/\/ae.polj.uns.ac.rs\/index.php\/wp-json\/wp\/v2\/comments?post=4210"}],"version-history":[{"count":9,"href":"http:\/\/ae.polj.uns.ac.rs\/index.php\/wp-json\/wp\/v2\/pages\/4210\/revisions"}],"predecessor-version":[{"id":4831,"href":"http:\/\/ae.polj.uns.ac.rs\/index.php\/wp-json\/wp\/v2\/pages\/4210\/revisions\/4831"}],"wp:attachment":[{"href":"http:\/\/ae.polj.uns.ac.rs\/index.php\/wp-json\/wp\/v2\/media?parent=4210"}],"curies":[{"name":"wp","href":"https:\/\/api.w.org\/{rel}","templated":true}]}}