{"id":3955,"date":"2020-01-12T16:58:47","date_gmt":"2020-01-12T16:58:47","guid":{"rendered":"http:\/\/ae.polj.uns.ac.rs\/?page_id=3955"},"modified":"2026-04-26T19:10:41","modified_gmt":"2026-04-26T19:10:41","slug":"informatika-i-primenjena-informatika","status":"publish","type":"page","link":"http:\/\/ae.polj.uns.ac.rs\/index.php\/informatika-i-primenjena-informatika\/","title":{"rendered":"Informatika i primenjena informatika"},"content":{"rendered":"<table>\n<tbody>\n<tr>\n<td width=\"319\">Nastavnik<br \/>\nProf. dr Tihomir Zoranovi\u0107<br \/>\n<strong>tihomir(at)polj.uns.ac.rs<\/strong><strong><br \/>\n<\/strong>Sto\u010darski paviljon, 4. sprat, Kancelarija 16<br \/>\ntel: 021\/48-53-231; 021\/458-138<\/td>\n<td width=\"319\">Asistent<br \/>\nMast. ekon. Vanja Ratkov<br \/>\n<strong>vanja.ratkov(at)polj.uns.ac.rs<br \/>\n<\/strong>Sto\u010darski paviljon, 5. sprat, Kancelarija 15<strong><em><br \/>\n<\/em><\/strong><strong><em><br \/>\n*Za sva pitanja budite slobodni da nam se obratite putem e-maila. <\/em>\ud83d\ude42<\/strong><\/td>\n<\/tr>\n<tr>\n<td width=\"319\">\n<h3><strong>Literatura<\/strong><\/h3>\n<p><strong>Knjiga <a href=\"http:\/\/ae.polj.uns.ac.rs\/wp-content\/uploads\/2022\/02\/Informatika.pdf\"><em>Informatika<\/em><\/a><br \/>\n<\/strong>prof. dr Tihomir Zoranovi\u0107<\/p>\n<p><b>Zbirka zadataka<\/b>\u00a0<strong><a href=\"http:\/\/ae.polj.uns.ac.rs\/wp-content\/uploads\/2020\/01\/Primenjena-informatika-prof.-dr-Tihomir-Zoranovi%C4%87.pdf\"><em>Primenjena informatika<\/em><\/a><\/strong><em><br \/>\n<\/em>prof. dr Tihomir Zoranovi\u0107<\/p>\n<div>_________________________________________<\/div>\n<h3>ECDL (European Computer Driving Licence)<\/h3>\n<div>Evropska komjuterska voza\u010dka dozvola <em>(svetski priznat sertifikat)<br \/>\n<\/em><br \/>\n<strong><em>Moduli:<br \/>\n1. Osnove kori\u0161\u0107enja ra\u010dunara<br \/>\n2. Osnove kori\u0161\u0107enja Interneta<br \/>\n3. Obrada teksta<br \/>\n4. Tabelarne kalkulacije<\/em><\/strong><\/div>\n<div><\/div>\n<div>*Pravo na dobijanje <strong>ECDL sertifikata<\/strong> imaju studenti koji iz predmeta Informatika\/Primenjena informatika dobiju <strong>ocene 8\/9\/10.<\/strong><\/div>\n<div><\/div>\n<\/td>\n<td width=\"319\">\n<h3>Na\u010din polaganja<\/h3>\n<p><em>Predispitne obaveze:<\/em><br \/>\nPrisustvo na predavanjima\u00a0 = <strong>5 bodova<\/strong><br \/>\nPrisustvo na ve\u017ebama\u00a0 \u00a0 \u00a0 \u00a0 \u00a0 \u00a0= <strong>5 bodova<br \/>\n<\/strong>Kolokvijum 1\u00a0 \u00a0 \u00a0 \u00a0 \u00a0 \u00a0 \u00a0 \u00a0 \u00a0 \u00a0 \u00a0 \u00a0 \u00a0 \u00a0= <strong>25 bodova<\/strong><br \/>\nKolokvijum 2\u00a0 \u00a0 \u00a0 \u00a0 \u00a0 \u00a0 \u00a0 \u00a0 \u00a0 \u00a0 \u00a0 \u00a0 \u00a0 \u00a0= <strong>25 bodova<\/strong><strong><br \/>\n<\/strong><em>Ispit:<\/em><br \/>\nUsmeni ispit\u00a0 \u00a0 \u00a0 \u00a0 \u00a0 \u00a0 \u00a0 \u00a0 \u00a0 \u00a0 \u00a0 \u00a0 \u00a0 \u00a0 = <strong>40 bodova<\/strong><br \/>\nUkupno\u00a0 \u00a0 \u00a0 \u00a0 \u00a0 \u00a0 \u00a0 \u00a0 \u00a0 \u00a0 \u00a0 \u00a0 \u00a0 \u00a0 \u00a0 \u00a0 \u00a0 \u00a0 = <strong>100 bodova<\/strong><\/p>\n<p>Da bi student polagao usmeni deo ispita potrebno je da:<br \/>\n1. <strong>prijavi ispit<\/strong><br \/>\n2. donese <strong>Indeks<\/strong><\/p>\n<p>*Umeni ispit se odr\u017eava u u\u010dionici S41 po objavljenom rasporedu.<br \/>\n*Raspored polaganja bi\u0107e objavljen nakon zavr\u0161etka prijave ispita.<br \/>\n*Ako nema rasporeda polaganja onda ispit po\u010dinje u 10 \u010dasova.<br \/>\n*Kalendar ispita se nalazi na kraju ove stranice.<\/p>\n<p><em><strong>\u017delimo vam puno uspeha!\u00a0<\/strong><\/em><strong>\ud83d\ude42<\/strong><\/td>\n<\/tr>\n<tr>\n<td colspan=\"2\" width=\"638\">\n<h3>Obave\u0161tenja<\/h3>\n<p><strong>26.04.2026.<\/strong> <em>Prvi kolokvijum<\/em> iz predmeta Informatika\/Primenjena informatika \u0107e se odr\u017eati u sredu 13.05.2026. u terminu predavanja.<br \/>\nPoglavlja iz knjige koja idu na prvi kolokvijum su: 1,3,4,5.<br \/>\nPoglavlja iz zbirke zadataka koja idu na prvi kolokvijum su: 1,2.<\/p>\n<p>______________________________________________________________________________________________________________<\/p>\n<p><span style=\"color: #000000;\"><strong><span style=\"color: #000000;\">01.04.2025<\/span>.<\/strong> Konsultacije se odr\u017eavaju u terminu koji je <strong>E-mailom<\/strong> dogovoren sa nastavnikom\/asistentkinjom.<br \/>\n<\/span>__________________________________________________________________________________<\/p>\n<p><a href=\"http:\/\/ae.polj.uns.ac.rs\/wp-content\/uploads\/2026\/02\/2.Ispiti-2026-1.jpg\"><img loading=\"lazy\" decoding=\"async\" class=\"alignnone size-large wp-image-12950\" src=\"http:\/\/ae.polj.uns.ac.rs\/wp-content\/uploads\/2026\/02\/2.Ispiti-2026-1-1024x407.jpg\" alt=\"\" width=\"640\" height=\"254\" srcset=\"http:\/\/ae.polj.uns.ac.rs\/wp-content\/uploads\/2026\/02\/2.Ispiti-2026-1-1024x407.jpg 1024w, http:\/\/ae.polj.uns.ac.rs\/wp-content\/uploads\/2026\/02\/2.Ispiti-2026-1-300x119.jpg 300w, http:\/\/ae.polj.uns.ac.rs\/wp-content\/uploads\/2026\/02\/2.Ispiti-2026-1-768x305.jpg 768w, http:\/\/ae.polj.uns.ac.rs\/wp-content\/uploads\/2026\/02\/2.Ispiti-2026-1-1536x610.jpg 1536w, http:\/\/ae.polj.uns.ac.rs\/wp-content\/uploads\/2026\/02\/2.Ispiti-2026-1.jpg 1794w\" sizes=\"auto, (max-width: 640px) 100vw, 640px\" \/><\/a><\/p>\n<p>___________________________________________________________________<\/td>\n<\/tr>\n<\/tbody>\n<\/table>\n","protected":false},"excerpt":{"rendered":"<p>Nastavnik Prof. dr Tihomir Zoranovi\u0107 tihomir(at)polj.uns.ac.rs Sto\u010darski paviljon, 4. sprat, Kancelarija 16 tel: 021\/48-53-231; 021\/458-138 Asistent Mast. ekon. Vanja Ratkov vanja.ratkov(at)polj.uns.ac.rs Sto\u010darski paviljon, 5. sprat, Kancelarija 15 *Za sva pitanja budite slobodni da nam se obratite putem e-maila. \ud83d\ude42 Literatura Knjiga Informatika prof. dr Tihomir Zoranovi\u0107 Zbirka zadataka\u00a0Primenjena informatika prof. dr Tihomir Zoranovi\u0107 _________________________________________ ECDL (European Computer Driving Licence) Evropska komjuterska voza\u010dka dozvola (svetski priznat sertifikat) Moduli: 1. Osnove kori\u0161\u0107enja ra\u010dunara 2. Osnove kori\u0161\u0107enja Interneta 3. Obrada teksta 4. Tabelarne&hellip;<\/p>\n","protected":false},"author":3,"featured_media":0,"parent":0,"menu_order":0,"comment_status":"closed","ping_status":"closed","template":"","meta":{"footnotes":""},"class_list":["post-3955","page","type-page","status-publish","hentry"],"_links":{"self":[{"href":"http:\/\/ae.polj.uns.ac.rs\/index.php\/wp-json\/wp\/v2\/pages\/3955","targetHints":{"allow":["GET"]}}],"collection":[{"href":"http:\/\/ae.polj.uns.ac.rs\/index.php\/wp-json\/wp\/v2\/pages"}],"about":[{"href":"http:\/\/ae.polj.uns.ac.rs\/index.php\/wp-json\/wp\/v2\/types\/page"}],"author":[{"embeddable":true,"href":"http:\/\/ae.polj.uns.ac.rs\/index.php\/wp-json\/wp\/v2\/users\/3"}],"replies":[{"embeddable":true,"href":"http:\/\/ae.polj.uns.ac.rs\/index.php\/wp-json\/wp\/v2\/comments?post=3955"}],"version-history":[{"count":424,"href":"http:\/\/ae.polj.uns.ac.rs\/index.php\/wp-json\/wp\/v2\/pages\/3955\/revisions"}],"predecessor-version":[{"id":13292,"href":"http:\/\/ae.polj.uns.ac.rs\/index.php\/wp-json\/wp\/v2\/pages\/3955\/revisions\/13292"}],"wp:attachment":[{"href":"http:\/\/ae.polj.uns.ac.rs\/index.php\/wp-json\/wp\/v2\/media?parent=3955"}],"curies":[{"name":"wp","href":"https:\/\/api.w.org\/{rel}","templated":true}]}}