{"id":379,"date":"2017-08-22T10:56:12","date_gmt":"2017-08-22T10:56:12","guid":{"rendered":"http:\/\/ae.polj.uns.ac.rs\/?page_id=379"},"modified":"2024-11-26T13:48:23","modified_gmt":"2024-11-26T13:48:23","slug":"dr-natasa-vukelic-docent","status":"publish","type":"page","link":"http:\/\/ae.polj.uns.ac.rs\/index.php\/dr-natasa-vukelic-docent\/","title":{"rendered":"Rezultati dr Nata\u0161a Vukeli\u0107"},"content":{"rendered":"<p><a href=\"http:\/\/ae.polj.uns.ac.rs\/index.php\/menadzment-ratarske-proizvodnje-2024-2025\/\">MENAD\u017dMENT RATARSKE PROIZVODNJE 2024\/2025 USMENI DEO ISPITA<\/a><\/p>\n<p><a href=\"http:\/\/ae.polj.uns.ac.rs\/index.php\/rezultati-prof-dr-nebojsa-novkovic\/\">PLANIRANJE I PROJEKTOVANJE<\/a><\/p>\n<p><a href=\"http:\/\/ae.polj.uns.ac.rs\/index.php\/rezultati-organizacija-u-poljoprivredi\/\">ORGANIZACIJA U POLJOPRIVREDI<\/a><\/p>\n<p><a href=\"http:\/\/ae.polj.uns.ac.rs\/index.php\/rezultati-menadzment-stocarske-proizvodnje-menadzment-u-stocarskoj-proizvodnji-i-organizacija-stocarske-proizvodnje\/\">MENAD\u017dMENT U STO\u010cARSKOJ PROIZVODNJI, ORGANIZACIJA STO\u010cARSKE PROIZVODNJE I MENAD\u017dMENT STO\u010cARSKE PROIZVODNJE<\/a><\/p>\n<p><a href=\"http:\/\/ae.polj.uns.ac.rs\/index.php\/upravljanje-kvalitetom\/\">UPRAVLJANJE KVALITETOM<\/a><\/p>\n<p><a href=\"http:\/\/ae.polj.uns.ac.rs\/index.php\/agromenadzment-2\/\">AGROMENAD\u017dMENT<\/a><\/p>\n\n\n<p><\/p>\n","protected":false},"excerpt":{"rendered":"<p>MENAD\u017dMENT RATARSKE PROIZVODNJE 2024\/2025 USMENI DEO ISPITA PLANIRANJE I PROJEKTOVANJE ORGANIZACIJA U POLJOPRIVREDI MENAD\u017dMENT U STO\u010cARSKOJ PROIZVODNJI, ORGANIZACIJA STO\u010cARSKE PROIZVODNJE I MENAD\u017dMENT STO\u010cARSKE PROIZVODNJE UPRAVLJANJE KVALITETOM AGROMENAD\u017dMENT<\/p>\n","protected":false},"author":1,"featured_media":0,"parent":0,"menu_order":0,"comment_status":"closed","ping_status":"closed","template":"","meta":{"footnotes":""},"class_list":["post-379","page","type-page","status-publish","hentry"],"_links":{"self":[{"href":"http:\/\/ae.polj.uns.ac.rs\/index.php\/wp-json\/wp\/v2\/pages\/379","targetHints":{"allow":["GET"]}}],"collection":[{"href":"http:\/\/ae.polj.uns.ac.rs\/index.php\/wp-json\/wp\/v2\/pages"}],"about":[{"href":"http:\/\/ae.polj.uns.ac.rs\/index.php\/wp-json\/wp\/v2\/types\/page"}],"author":[{"embeddable":true,"href":"http:\/\/ae.polj.uns.ac.rs\/index.php\/wp-json\/wp\/v2\/users\/1"}],"replies":[{"embeddable":true,"href":"http:\/\/ae.polj.uns.ac.rs\/index.php\/wp-json\/wp\/v2\/comments?post=379"}],"version-history":[{"count":17,"href":"http:\/\/ae.polj.uns.ac.rs\/index.php\/wp-json\/wp\/v2\/pages\/379\/revisions"}],"predecessor-version":[{"id":11710,"href":"http:\/\/ae.polj.uns.ac.rs\/index.php\/wp-json\/wp\/v2\/pages\/379\/revisions\/11710"}],"wp:attachment":[{"href":"http:\/\/ae.polj.uns.ac.rs\/index.php\/wp-json\/wp\/v2\/media?parent=379"}],"curies":[{"name":"wp","href":"https:\/\/api.w.org\/{rel}","templated":true}]}}