{"id":3491,"date":"2019-11-01T14:24:55","date_gmt":"2019-11-01T14:24:55","guid":{"rendered":"http:\/\/ae.polj.uns.ac.rs\/?page_id=3491"},"modified":"2025-09-17T12:11:55","modified_gmt":"2025-09-17T12:11:55","slug":"rezultati-dipl-aekon-strahinja-zlatic","status":"publish","type":"page","link":"http:\/\/ae.polj.uns.ac.rs\/index.php\/rezultati-dipl-aekon-strahinja-zlatic\/","title":{"rendered":"Rezultati dipl. aekon. Veljko \u0160arac"},"content":{"rendered":"<p><a href=\"http:\/\/ae.polj.uns.ac.rs\/index.php\/rezultati-menadzment-stocarske-proizvodnje-menadzment-u-stocarskoj-proizvodnji-i-organizacija-stocarske-proizvodnje\/\">REZULTATI MENAD\u017dMENTA STO\u010cARSKE PROIZVODNJE<\/a><\/p>\n<p><a href=\"http:\/\/ae.polj.uns.ac.rs\/index.php\/rezultati-organizacija-u-poljoprivredi\/\">ORGANIZACIJA U POLJOPRIVREDI REZULTATI<\/a><\/p>\n<p><a href=\"http:\/\/ae.polj.uns.ac.rs\/index.php\/rezultati-prof-dr-nebojsa-novkovic\/\">PLANIRANJE I PROJEKTOVANJE<\/a><\/p>\n<p><a href=\"http:\/\/ae.polj.uns.ac.rs\/index.php\/msc-jelena-karapandzin\/\">MENAD\u017dMENT RATARSKE PROIZVODNJE<\/a><\/p>\n\n\n<p><\/p>\n","protected":false},"excerpt":{"rendered":"<p>REZULTATI MENAD\u017dMENTA STO\u010cARSKE PROIZVODNJE ORGANIZACIJA U POLJOPRIVREDI REZULTATI PLANIRANJE I PROJEKTOVANJE MENAD\u017dMENT RATARSKE PROIZVODNJE<\/p>\n","protected":false},"author":3,"featured_media":0,"parent":0,"menu_order":0,"comment_status":"closed","ping_status":"closed","template":"","meta":{"footnotes":""},"class_list":["post-3491","page","type-page","status-publish","hentry"],"_links":{"self":[{"href":"http:\/\/ae.polj.uns.ac.rs\/index.php\/wp-json\/wp\/v2\/pages\/3491","targetHints":{"allow":["GET"]}}],"collection":[{"href":"http:\/\/ae.polj.uns.ac.rs\/index.php\/wp-json\/wp\/v2\/pages"}],"about":[{"href":"http:\/\/ae.polj.uns.ac.rs\/index.php\/wp-json\/wp\/v2\/types\/page"}],"author":[{"embeddable":true,"href":"http:\/\/ae.polj.uns.ac.rs\/index.php\/wp-json\/wp\/v2\/users\/3"}],"replies":[{"embeddable":true,"href":"http:\/\/ae.polj.uns.ac.rs\/index.php\/wp-json\/wp\/v2\/comments?post=3491"}],"version-history":[{"count":35,"href":"http:\/\/ae.polj.uns.ac.rs\/index.php\/wp-json\/wp\/v2\/pages\/3491\/revisions"}],"predecessor-version":[{"id":12345,"href":"http:\/\/ae.polj.uns.ac.rs\/index.php\/wp-json\/wp\/v2\/pages\/3491\/revisions\/12345"}],"wp:attachment":[{"href":"http:\/\/ae.polj.uns.ac.rs\/index.php\/wp-json\/wp\/v2\/media?parent=3491"}],"curies":[{"name":"wp","href":"https:\/\/api.w.org\/{rel}","templated":true}]}}