{"id":257,"date":"2017-07-03T12:27:57","date_gmt":"2017-07-03T12:27:57","guid":{"rendered":"http:\/\/ae.polj.uns.ac.rs\/?page_id=257"},"modified":"2018-11-19T08:57:53","modified_gmt":"2018-11-19T08:57:53","slug":"doktorske-studije-agroekonomija","status":"publish","type":"page","link":"http:\/\/ae.polj.uns.ac.rs\/index.php\/doktorske-studije-agroekonomija\/","title":{"rendered":"Doktorske studije Agroekonomija"},"content":{"rendered":"<table>\n<thead>\n<tr>\n<td width=\"33\"><strong>R.b<\/strong><\/td>\n<td width=\"353\"><strong>Naziv predmeta<\/strong><\/td>\n<td width=\"158\"><strong>\u00a0<\/strong><\/p>\n<p><strong>Fond \u010dasova<\/strong><\/td>\n<td width=\"49\"><strong>ESPB<\/strong><\/td>\n<\/tr>\n<\/thead>\n<tbody>\n<tr>\n<td width=\"33\">1<\/td>\n<td width=\"353\"><a href=\"http:\/\/ae.polj.uns.ac.rs\/wp-content\/uploads\/2017\/07\/\u041c\u0415\u0422\u041e\u0414\u0415-\u041d\u0410\u0423\u0427\u041d\u041e\u0418\u0421\u0422\u0420\u0410\u0416\u0418\u0412\u0410\u0427\u041a\u041e\u0413-\u0420\u0410\u0414\u0410.pdf\">Metode nau\u010dnoistra\u017eiva\u010dkog rada<\/a><\/td>\n<td width=\"158\">4+0<\/td>\n<td width=\"49\">5<\/td>\n<\/tr>\n<tr>\n<td width=\"33\"><\/td>\n<td colspan=\"3\" width=\"560\"><strong>I izborna grupa<\/strong><\/td>\n<\/tr>\n<tr>\n<td width=\"33\">2<\/td>\n<td width=\"353\"><a href=\"http:\/\/ae.polj.uns.ac.rs\/wp-content\/uploads\/2017\/07\/\u0415\u041a\u041e\u041d\u041e\u041c\u0418\u0408\u0410.pdf\">Ekonomija<\/a><\/td>\n<td width=\"158\">2+6<\/td>\n<td width=\"49\">10<\/td>\n<\/tr>\n<tr>\n<td width=\"33\">3<\/td>\n<td width=\"353\"><a href=\"http:\/\/ae.polj.uns.ac.rs\/wp-content\/uploads\/2017\/07\/\u041e\u0420\u0413\u0410\u041d\u0418\u0417\u0410\u0426\u0418\u0408\u0410-\u041f\u041e\u0421\u041b\u041e\u0412\u041d\u0418\u0425-\u0421\u0418\u0421\u0422\u0415\u041c\u0410.pdf\">Organizacija poslovnih sistema<\/a><\/td>\n<td width=\"158\">2+6<\/td>\n<td width=\"49\">10<\/td>\n<\/tr>\n<tr>\n<td width=\"33\">4<\/td>\n<td width=\"353\"><a href=\"http:\/\/ae.polj.uns.ac.rs\/wp-content\/uploads\/2017\/07\/\u0412\u0440\u0435\u0434\u043d\u043e\u0432\u0430\u045a\u0435-\u0438-\u043f\u0440\u043e\u0446\u0435\u045a\u0438\u0432\u0430\u045a\u0435-\u0443-\u043f\u043e\u0459\u043e\u043f\u0440\u0438\u0432\u0440\u0435\u0434\u0438.pdf\">Vrednovanje i procenjivanje u poljoprivredi<\/a><\/td>\n<td width=\"158\">2+6<\/td>\n<td width=\"49\">10<\/td>\n<\/tr>\n<tr>\n<td width=\"33\"><\/td>\n<td colspan=\"3\" width=\"560\"><strong>II izborna grupa<\/strong><\/td>\n<\/tr>\n<tr>\n<td width=\"33\">5<\/td>\n<td width=\"353\"><a href=\"http:\/\/ae.polj.uns.ac.rs\/wp-content\/uploads\/2017\/07\/\u0415\u041a\u041e\u041d\u041e\u041c\u0418\u041a\u0410-\u041c\u0415\u0425\u0410\u041d\u0418\u0417\u0410\u0426\u0418\u0408\u0415_.pdf\">Ekonomika mehanizacije<\/a><\/td>\n<td width=\"158\">2+6<\/td>\n<td width=\"49\">10<\/td>\n<\/tr>\n<tr>\n<td width=\"33\">6<\/td>\n<td width=\"353\"><a href=\"http:\/\/ae.polj.uns.ac.rs\/wp-content\/uploads\/2017\/07\/\u041c\u0435\u0442\u043e\u0434\u0435-\u0441\u0438\u0441\u0442\u0435\u043c\u0441\u043a\u0435-\u0430\u043d\u0430\u043b\u0438\u0437\u0435-\u0438-\u043c\u043e\u0434\u0435\u043b\u0438\u0440\u0430\u045a\u0430.pdf\">Metode sistemske analize i modeliranja<\/a><\/td>\n<td width=\"158\">2+6<\/td>\n<td width=\"49\">10<\/td>\n<\/tr>\n<tr>\n<td width=\"33\">7<\/td>\n<td width=\"353\"><a href=\"http:\/\/ae.polj.uns.ac.rs\/wp-content\/uploads\/2017\/07\/\u0421\u0430\u0432\u0435\u0442\u043e\u0434\u0430\u0432\u0441\u0442\u0432\u043e-\u0438-\u0434\u0440\u0443\u0448\u0442\u0432\u0435\u043d\u0435-\u043f\u0440\u043e\u043c\u0435\u043d\u0435-\u0443-\u043f\u043e\u0459\u043e\u043f\u0440\u0438\u0432\u0440\u0435\u0434\u0438-\u0438-\u0440\u0443\u0440\u0430\u043b\u043d\u0438\u043c-\u043f\u043e\u0434\u0440\u0443\u0447\u0458\u0438\u043c\u0430.pdf\">Savetodavstvo i promene u poljoprivredi i selu \u2013 sociolo\u0161ki pristup<\/a><\/td>\n<td width=\"158\">2+6<\/td>\n<td width=\"49\">10<\/td>\n<\/tr>\n<tr>\n<td width=\"33\"><\/td>\n<td colspan=\"3\" width=\"560\"><strong>III izborna grupa<\/strong><\/td>\n<\/tr>\n<tr>\n<td width=\"33\">8<\/td>\n<td width=\"353\"><a href=\"http:\/\/ae.polj.uns.ac.rs\/wp-content\/uploads\/2017\/07\/\u0418\u043d\u0432\u0435\u0441\u0442\u0438\u0446\u0438\u043e\u043d\u0435-\u043a\u0430\u043b\u043a\u0443\u043b\u0430\u0446\u0438\u0458\u0435-\u0443-\u043f\u0440\u0438\u043c\u0435\u043d\u0438-\u041e\u0418\u0415.pdf\">Investicione kalkulacije u primeni OIE<\/a><\/td>\n<td width=\"158\">2+6<\/td>\n<td width=\"49\">10<\/td>\n<\/tr>\n<tr>\n<td width=\"33\">9<\/td>\n<td width=\"353\"><a href=\"http:\/\/ae.polj.uns.ac.rs\/wp-content\/uploads\/2017\/07\/\u041e\u041f\u0415\u0420\u0410\u0426\u0418\u041e\u041d\u0410-\u0418\u0421\u0422\u0420\u0410\u0416\u0418\u0412\u0410\u040a\u0410.pdf\">Operaciona istra\u017eivanja<\/a><\/td>\n<td width=\"158\">2+6<\/td>\n<td width=\"49\">10<\/td>\n<\/tr>\n<tr>\n<td width=\"33\">10<\/td>\n<td width=\"353\"><a href=\"http:\/\/ae.polj.uns.ac.rs\/wp-content\/uploads\/2017\/07\/\u0421\u041e\u0426\u0418\u041e\u041b\u041e\u0428\u041a\u0410-\u041f\u0420\u041e\u0423\u0427\u0410\u0412\u0410\u040a\u0410-\u041b\u041e\u041a\u0410\u041b\u041d\u0418\u0425-\u0421\u0415\u041e\u0421\u041a\u0418\u0425-\u0417\u0410\u0408\u0415\u0414\u041d\u0418\u0426\u0410_.pdf\">Sociolo\u0161ka prou\u010davanja lokalnih seoskih zajednica<\/a><\/td>\n<td width=\"158\">2+6<\/td>\n<td width=\"49\">10<\/td>\n<\/tr>\n<tr>\n<td width=\"33\">11<\/td>\n<td width=\"353\"><a href=\"http:\/\/ae.polj.uns.ac.rs\/wp-content\/uploads\/2017\/07\/\u041f\u0440\u0438\u043c\u0435\u043d\u0430-\u0435\u043a\u0441\u043f\u0435\u0440\u0442\u0441\u043a\u0438\u0445-\u0441\u0438\u0441\u0442\u0435\u043c\u0430-\u0443-\u0430\u0433\u0440\u043e\u0431\u0438\u0437\u043d\u0438\u0441\u0443_.pdf\">Primena ekspertskih sistema u agrobiznisu<\/a><\/td>\n<td width=\"158\">2+6<\/td>\n<td width=\"49\">10<\/td>\n<\/tr>\n<tr>\n<td width=\"33\"><\/td>\n<td colspan=\"3\" width=\"560\"><strong>IV izborna grupa<\/strong><\/td>\n<\/tr>\n<tr>\n<td width=\"33\">12<\/td>\n<td width=\"353\"><a href=\"http:\/\/ae.polj.uns.ac.rs\/wp-content\/uploads\/2017\/07\/\u0424\u0418\u041d\u0410\u041d\u0421\u0418\u0408\u0421\u041aA-\u0422\u0420\u0416\u0418\u0428\u0422\u0410-\u0418-\u0424\u0418\u041d\u0410\u041d\u0421\u0418\u0420\u0410\u040a\u0415-\u041f\u041e\u0409\u041e\u041f\u0420\u0418\u0412\u0420\u0415\u0414\u0415.pdf\">Razvoj finansijskog tr\u017ei\u0161ta i finansiranje poljoprivrede<\/a><\/td>\n<td width=\"158\">2+6<\/td>\n<td width=\"49\">10<\/td>\n<\/tr>\n<tr>\n<td width=\"33\">13<\/td>\n<td width=\"353\"><a href=\"http:\/\/ae.polj.uns.ac.rs\/wp-content\/uploads\/2017\/07\/\u041c\u0435\u0442\u043e\u0434\u0435-\u0443\u043f\u0440\u0430\u0432\u0459\u0430\u045a\u0430-\u0436\u0438\u0432\u043e\u0442\u043d\u043e\u043c-\u0441\u0440\u0435\u0434\u0438\u043d\u043e\u043c.pdf\">Metode upravljanja \u017eivotnom sredinom<\/a><\/td>\n<td width=\"158\">2+6<\/td>\n<td width=\"49\">10<\/td>\n<\/tr>\n<tr>\n<td width=\"33\">14<\/td>\n<td width=\"353\"><a href=\"http:\/\/ae.polj.uns.ac.rs\/wp-content\/uploads\/2017\/07\/\u041f\u0440\u0438\u043c\u0435\u045a\u0435\u043d\u0435-\u0441\u0442\u0430\u0442\u0438\u0441\u0442\u0438\u0447\u043a\u0435-\u043c\u0435\u0442\u043e\u0434\u0435.pdf\">Primenjene statisti\u010dke metode<\/a><\/td>\n<td width=\"158\">2+6<\/td>\n<td width=\"49\">10<\/td>\n<\/tr>\n<tr>\n<td width=\"33\">15<\/td>\n<td width=\"353\"><a href=\"http:\/\/ae.polj.uns.ac.rs\/wp-content\/uploads\/2017\/07\/\u0415\u043a\u043e\u043d\u043e\u043c\u0438\u0458\u0430-E\u0423.pdf\">Ekonomija EU<\/a><\/td>\n<td width=\"158\">2+6<\/td>\n<td width=\"49\">10<\/td>\n<\/tr>\n<tr>\n<td width=\"33\"><\/td>\n<td colspan=\"3\" width=\"560\"><strong>V izborna grupa<\/strong><\/td>\n<\/tr>\n<tr>\n<td width=\"33\">16<\/td>\n<td width=\"353\"><a href=\"http:\/\/ae.polj.uns.ac.rs\/wp-content\/uploads\/2017\/07\/\u0414\u0440\u0443\u0448\u0442\u0432\u0435\u043d\u0435-\u043f\u0440\u043e\u043c\u0435\u043d\u0435-\u0443-\u0441\u0435\u043b\u0443-\u0438-\u043f\u043e\u0459\u043e\u043f\u0440\u0438\u0432\u0440\u0435\u0434\u0438.pdf\">Dru\u0161tvene promene u selu i poljoprivredi<\/a><\/td>\n<td width=\"158\">2+6<\/td>\n<td width=\"49\">10<\/td>\n<\/tr>\n<tr>\n<td width=\"33\">17<\/td>\n<td width=\"353\"><a href=\"http:\/\/ae.polj.uns.ac.rs\/wp-content\/uploads\/2017\/07\/\u041c\u0430\u043a\u0440\u043e\u0435\u043a\u043e\u043d\u043e\u043c\u0441\u043a\u0438-\u0430\u0441\u043f\u0435\u043a\u0442\u0438-\u0442\u0435\u0445\u043d\u043e\u043b\u043e\u0448\u043a\u043e\u0433-\u0440\u0430\u0437\u0432\u043e\u0458\u0430-\u043f\u043e\u0459\u043e\u043f\u0440\u0438\u0432\u0440\u0435\u0434\u0435.pdf\">Makroekonomski aspekti tehnolo\u0161kog razvoja poljoprivrede<\/a><\/td>\n<td width=\"158\">2+6<\/td>\n<td width=\"49\">10<\/td>\n<\/tr>\n<tr>\n<td width=\"33\">18<\/td>\n<td width=\"353\"><a href=\"http:\/\/ae.polj.uns.ac.rs\/wp-content\/uploads\/2017\/07\/\u0423\u043f\u0440\u0430\u0432\u0459\u0430\u045a\u0435-\u0440\u0438\u0437\u0438\u043a\u043e\u043c-\u0443-\u043f\u043e\u0459\u043e\u043f\u0440\u0438\u0432\u0440\u0435\u0434\u0438_.pdf\">Upravljanje rizikom u poljoprivredi<\/a><\/td>\n<td width=\"158\">2+6<\/td>\n<td width=\"49\">10<\/td>\n<\/tr>\n<tr>\n<td width=\"33\"><\/td>\n<td colspan=\"3\" width=\"560\"><strong>VI izborna grupa<\/strong><\/td>\n<\/tr>\n<tr>\n<td width=\"33\">19<\/td>\n<td width=\"353\"><a href=\"http:\/\/ae.polj.uns.ac.rs\/wp-content\/uploads\/2017\/07\/\u0421\u043f\u0435\u0446\u0438\u0458\u0430\u043b\u043d\u0438-\u0431\u0438\u043b\u0430\u043d\u0441\u0438-\u0443-\u0430\u0433\u0440\u043e\u0441\u0435\u043a\u0442\u043e\u0440\u0443.pdf\">Specijalni bilansi u agrosektoru<\/a><\/td>\n<td width=\"158\">2+6<\/td>\n<td width=\"49\">10<\/td>\n<\/tr>\n<tr>\n<td width=\"33\">20<\/td>\n<td width=\"353\"><a href=\"http:\/\/ae.polj.uns.ac.rs\/wp-content\/uploads\/2017\/07\/\u041e\u0446\u0435\u043d\u0430-\u0438\u043d\u0432\u0435\u0441\u0442\u0438\u0446\u0438\u043e\u043d\u0438\u0445-\u043f\u0440\u043e\u0458\u0435\u043a\u0430\u0442\u0430-\u0443-\u0430\u0433\u0440\u043e\u0438\u043d\u0434\u0443\u0441\u0442\u0440\u0438\u0458\u0438.pdf\">Ocena investicionih projekata u agroindustriji<\/a><\/td>\n<td width=\"158\">2+6<\/td>\n<td width=\"49\">10<\/td>\n<\/tr>\n<tr>\n<td width=\"33\">21<\/td>\n<td width=\"353\"><a href=\"http:\/\/ae.polj.uns.ac.rs\/wp-content\/uploads\/2017\/07\/\u041c\u0430\u0440\u043a\u0435\u0442\u0438\u043d\u0433-\u0430\u0433\u0440\u043e\u0438\u043d\u0434\u0443\u0441\u0442\u0440\u0438\u0458\u0441\u043a\u0438\u0445-\u043f\u0440\u043e\u0438\u0437\u0432\u043e\u0434\u0430.pdf\">Marketing agroindustrijskih proizvoda<\/a><\/td>\n<td width=\"158\">2+6<\/td>\n<td width=\"49\">10<\/td>\n<\/tr>\n<tr>\n<td width=\"33\">22<\/td>\n<td width=\"353\"><a href=\"http:\/\/ae.polj.uns.ac.rs\/wp-content\/uploads\/2017\/07\/\u041f\u0440\u0435\u0434\u0443\u0437\u0435\u0442\u043d\u0438\u0447\u043a\u0438-\u043c\u0435\u043d\u0430\u0434\u0436\u043c\u0435\u043d\u0442-\u0443-\u0430\u0433\u0440\u043e\u0431\u0438\u0437\u043d\u0438\u0441\u0443.pdf\">Preduzetni\u010dki menad\u017ement u agrobiznisu<\/a><\/td>\n<td width=\"158\">2+6<\/td>\n<td width=\"49\">10<\/td>\n<\/tr>\n<tr>\n<td width=\"33\"><\/td>\n<td colspan=\"2\" width=\"511\"><strong>VII izborna grupa<\/strong><\/td>\n<td width=\"49\"><\/td>\n<\/tr>\n<tr>\n<td width=\"33\">23<\/td>\n<td width=\"353\"><a href=\"http:\/\/ae.polj.uns.ac.rs\/wp-content\/uploads\/2017\/07\/\u041c\u0415\u041d\u0410\u040f\u041c\u0415\u041d\u0422-\u0412\u041e\u0414\u041d\u0418\u0425-\u0420\u0415\u0421\u0423\u0420\u0421\u0410_.pdf\">Menad\u017ement vodnih resursa<\/a><\/td>\n<td width=\"158\">2+6<\/td>\n<td width=\"49\">10<\/td>\n<\/tr>\n<tr>\n<td width=\"33\">24<\/td>\n<td width=\"353\"><a href=\"http:\/\/ae.polj.uns.ac.rs\/wp-content\/uploads\/2017\/07\/\u041f\u0440\u0430\u0432\u043d\u0438-\u043f\u043e\u043b\u043e\u0436\u0430\u0458-\u043f\u0440\u0438\u0432\u0440\u0435\u0434\u043d\u0438\u0445-\u0441\u0443\u0431\u0458\u0435\u043a\u0430\u0442\u0430-\u0443-\u043e\u0431\u043b\u0430\u0441\u0442\u0438-\u0430\u0433\u0440\u043e\u0431\u0438\u0437\u043d\u0438\u0441\u0430_.pdf\">Pravni polo\u017eaj privrednih subjekata u oblasti agrobiznisa<\/a><\/td>\n<td width=\"158\">2+6<\/td>\n<td width=\"49\">10<\/td>\n<\/tr>\n<tr>\n<td width=\"33\">25<\/td>\n<td width=\"353\"><a href=\"http:\/\/ae.polj.uns.ac.rs\/wp-content\/uploads\/2017\/07\/\u041c\u0435\u0442\u043e\u0434\u0435-\u0438\u0441\u0442\u0440\u0430\u0436\u0438\u0432\u0430\u045a\u0430-\u043c\u0430\u0440\u043a\u0435\u0442\u0438\u043d\u0433\u0430_.pdf\">Metode ista\u017eivanja marketinga<\/a><\/td>\n<td width=\"158\">2+6<\/td>\n<td width=\"49\">10<\/td>\n<\/tr>\n<\/tbody>\n<\/table>\n","protected":false},"excerpt":{"rendered":"<p>R.b Naziv predmeta \u00a0 Fond \u010dasova ESPB 1 Metode nau\u010dnoistra\u017eiva\u010dkog rada 4+0 5 I izborna grupa 2 Ekonomija 2+6 10 3 Organizacija poslovnih sistema 2+6 10 4 Vrednovanje i procenjivanje u poljoprivredi 2+6 10 II izborna grupa 5 Ekonomika mehanizacije 2+6 10 6 Metode sistemske analize i modeliranja 2+6 10 7 Savetodavstvo i promene u poljoprivredi i selu \u2013 sociolo\u0161ki pristup 2+6 10 III izborna grupa 8 Investicione kalkulacije u primeni OIE 2+6 10 9 Operaciona istra\u017eivanja 2+6 10 10&hellip;<\/p>\n","protected":false},"author":1,"featured_media":0,"parent":0,"menu_order":0,"comment_status":"closed","ping_status":"closed","template":"","meta":{"footnotes":""},"class_list":["post-257","page","type-page","status-publish","hentry"],"_links":{"self":[{"href":"http:\/\/ae.polj.uns.ac.rs\/index.php\/wp-json\/wp\/v2\/pages\/257","targetHints":{"allow":["GET"]}}],"collection":[{"href":"http:\/\/ae.polj.uns.ac.rs\/index.php\/wp-json\/wp\/v2\/pages"}],"about":[{"href":"http:\/\/ae.polj.uns.ac.rs\/index.php\/wp-json\/wp\/v2\/types\/page"}],"author":[{"embeddable":true,"href":"http:\/\/ae.polj.uns.ac.rs\/index.php\/wp-json\/wp\/v2\/users\/1"}],"replies":[{"embeddable":true,"href":"http:\/\/ae.polj.uns.ac.rs\/index.php\/wp-json\/wp\/v2\/comments?post=257"}],"version-history":[{"count":5,"href":"http:\/\/ae.polj.uns.ac.rs\/index.php\/wp-json\/wp\/v2\/pages\/257\/revisions"}],"predecessor-version":[{"id":2178,"href":"http:\/\/ae.polj.uns.ac.rs\/index.php\/wp-json\/wp\/v2\/pages\/257\/revisions\/2178"}],"wp:attachment":[{"href":"http:\/\/ae.polj.uns.ac.rs\/index.php\/wp-json\/wp\/v2\/media?parent=257"}],"curies":[{"name":"wp","href":"https:\/\/api.w.org\/{rel}","templated":true}]}}