{"id":1850,"date":"2018-10-25T08:31:44","date_gmt":"2018-10-25T08:31:44","guid":{"rendered":"http:\/\/ae.polj.uns.ac.rs\/?page_id=1850"},"modified":"2026-02-08T03:36:49","modified_gmt":"2026-02-08T03:36:49","slug":"rezultati-prof-dr-duric-katarina","status":"publish","type":"page","link":"http:\/\/ae.polj.uns.ac.rs\/index.php\/rezultati-prof-dr-duric-katarina\/","title":{"rendered":"Rezultati prof. dr Katarina \u0110uri\u0107"},"content":{"rendered":"<p><a href=\"http:\/\/ae.polj.uns.ac.rs\/wp-content\/uploads\/2017\/08\/Obave\u0161tenje-UPIS-OCENA.pdf\">Obave\u0161tenje UPIS OCENA<\/a><\/p>\n<p><a href=\"http:\/\/ae.polj.uns.ac.rs\/wp-content\/uploads\/2018\/10\/OCENE-DELA-ISPITA-AGRARNA-POLITIKA_JANUARSKI-ROK-1.pdf\">OCENE DELA ISPITA AGRARNA POLITIKA_JANUARSKI ROK<\/a><\/p>\n<p><a href=\"http:\/\/ae.polj.uns.ac.rs\/wp-content\/uploads\/2018\/10\/UPIS-OCENA-januar-2024.pdf\">UPIS OCENA januar 2024<\/a><\/p>\n<p><a href=\"http:\/\/ae.polj.uns.ac.rs\/wp-content\/uploads\/2018\/10\/Osnove-ekonomije-sa-agrarnom-politikom-Fitomedicina-\u0161kolska-2023-2024-kona\u010dne-ocene-3.pdf\">Osnove ekonomije sa agrarnom politikom &#8211; Fitomedicina, \u0161kolska 2023 2024, kona\u010dne ocene<\/a><\/p>\n<p><a href=\"http:\/\/ae.polj.uns.ac.rs\/wp-content\/uploads\/2018\/10\/Ocene-iz-dela-ispita-AGRARNA-POLITIKA_Studijski-program-Fitomedicina-1.pdf\">Ocene iz dela ispita AGRARNA POLITIKA_Studijski program Fitomedicina<\/a><\/p>\n<p><a href=\"http:\/\/ae.polj.uns.ac.rs\/wp-content\/uploads\/2018\/10\/Ocene-iz-dela-ispita-AGRARNA-POLITIKA_Studijski-programi-VVH-RP-AP-OP.pdf\">Ocene iz dela ispita AGRARNA POLITIKA_Studijski programi VVH, RP, AP, OP<\/a><\/p>\n<p><a href=\"http:\/\/ae.polj.uns.ac.rs\/wp-content\/uploads\/2018\/10\/Osnove-ekonomije-sa-agrarnom-politikom-Organska-poljoprivreda-\u0161kolska-2023-2024-kona\u010dne-ocene.pdf\">Osnove ekonomije sa agrarnom politikom &#8211; Organska poljoprivreda, \u0161kolska 2023 2024, kona\u010dne ocene<\/a><\/p>\n<p><a href=\"http:\/\/ae.polj.uns.ac.rs\/wp-content\/uploads\/2018\/10\/Osnove-ekonomije-sa-agrarnom-politikom-Vo\u0107arstvo-vinogradarstvo-i-hortikultura-\u0161kolska-2023-2024-kona\u010dne-ocene.pdf\">Osnove ekonomije sa agrarnom politikom &#8211; Vo\u0107arstvo, vinogradarstvo i hortikultura, \u0161kolska 2023 2024, kona\u010dne ocene<\/a><\/p>\n<p><a href=\"http:\/\/ae.polj.uns.ac.rs\/wp-content\/uploads\/2017\/11\/Osnove-ekonomije-sa-agrarnom-politikom-Animalna-proizvodnja-\u0161kolska-2023-2024-kona\u010dne-ocene.pdf\">Osnove ekonomije sa agrarnom politikom &#8211; Animalna proizvodnja, \u0161kolska 2023 2024, kona\u010dne ocene<\/a><\/p>\n<p><a href=\"http:\/\/ae.polj.uns.ac.rs\/wp-content\/uploads\/2017\/11\/Osnove-ekonomije-sa-agrarnom-politikom-Ratarstvo-i-povrtarstvo-\u0161kolska-2023-2024-kona\u010dne-ocene.pdf\">Osnove ekonomije sa agrarnom politikom &#8211; Ratarstvo i povrtarstvo, \u0161kolska 2023 2024, kona\u010dne ocene<\/a><\/p>\n<p><a href=\"http:\/\/ae.polj.uns.ac.rs\/wp-content\/uploads\/2018\/10\/Osnove-ekonomije-sa-agrarnom-politikom-Poljoprivredna-tehnika-2023-2024-kona\u010dne-ocene.pdf\">Osnove ekonomije sa agrarnom politikom &#8211; Poljoprivredna tehnika 2023 2024, kona\u010dne ocene<\/a><\/p>\n<p><a href=\"http:\/\/ae.polj.uns.ac.rs\/wp-content\/uploads\/2018\/10\/Osnove-ekonomije-sa-agrarnom-politikom-Ure\u0111enje-voda-2023-2024-kona\u010dne-ocene.pdf\">Osnove ekonomije sa agrarnom politikom &#8211; Ure\u0111enje voda 2023 2024, kona\u010dne ocene<\/a><\/p>\n<p><a href=\"http:\/\/ae.polj.uns.ac.rs\/wp-content\/uploads\/2018\/10\/Ocene-iz-dela-ispita-AGRARNA-POLITIKA_St.program-Poljoprivredna-tehnika-i-informacioni-sistemi-Ure\u0111enje-kori\u0161\u0107enje-i-za\u0161tita-voda.pdf\">Ocene iz dela ispita AGRARNA POLITIKA_St.program Poljoprivredna tehnika i informacioni sistemi &amp; Ure\u0111enje, kori\u0161\u0107enje i za\u0161tita voda<\/a><\/p>\n<p><a href=\"http:\/\/ae.polj.uns.ac.rs\/wp-content\/uploads\/2018\/10\/OCENE-DELA-ISPITA-AGRARNA-POLITIKA_JANUARSKI-ROK.pdf\">OCENE DELA ISPITA AGRARNA POLITIKA_JANUARSKI ROK<\/a><\/p>\n<p>&nbsp;<\/p>\n<p>&nbsp;<\/p>\n<p>&nbsp;<\/p>\n<p>&nbsp;<\/p>\n<p>&nbsp;<\/p>\n<p>&nbsp;<\/p>\n<p>&nbsp;<\/p>\n<p>&nbsp;<\/p>\n<p>&nbsp;<\/p>\n<p>&nbsp;<\/p>\n<p>&nbsp;<\/p>\n<p>&nbsp;<\/p>\n<p>&nbsp;<\/p>\n<p>&nbsp;<\/p>\n<p>&nbsp;<\/p>\n<p>&nbsp;<\/p>\n<p>&nbsp;<\/p>\n<p><a href=\"http:\/\/ae.polj.uns.ac.rs\/wp-content\/uploads\/2017\/11\/ispravljeno-REZULTATI-AGRARNA-POLITIKA-20.12.2021..pdf\">.<\/a><\/p>\n\n\n<div data-wp-interactive=\"core\/file\" class=\"wp-block-file\"><object data-wp-bind--hidden=\"!state.hasPdfPreview\" hidden class=\"wp-block-file__embed\" data=\"http:\/\/ae.polj.uns.ac.rs\/wp-content\/uploads\/2026\/02\/Ocene-iz-dela-ispita-Agrarna-politika_RP-AP-VVH-FM-Skolska-godina-2025.26-2.pdf\" type=\"application\/pdf\" style=\"width:100%;height:600px\" aria-label=\"Embed of Ocene iz dela ispita Agrarna politika_RP, AP, VVH, FM \u0160kolska godina 2025.26..\"><\/object><a id=\"wp-block-file--media-f923ecf1-cdbd-4d9d-a1d9-ea744d182062\" href=\"http:\/\/ae.polj.uns.ac.rs\/wp-content\/uploads\/2026\/02\/Ocene-iz-dela-ispita-Agrarna-politika_RP-AP-VVH-FM-Skolska-godina-2025.26-2.pdf\">Ocene iz dela ispita Agrarna politika_RP, AP, VVH, FM \u0160kolska godina 2025.26.<\/a><a href=\"http:\/\/ae.polj.uns.ac.rs\/wp-content\/uploads\/2026\/02\/Ocene-iz-dela-ispita-Agrarna-politika_RP-AP-VVH-FM-Skolska-godina-2025.26-2.pdf\" class=\"wp-block-file__button wp-element-button\" download aria-describedby=\"wp-block-file--media-f923ecf1-cdbd-4d9d-a1d9-ea744d182062\">Download<\/a><\/div>\n","protected":false},"excerpt":{"rendered":"<p>Obave\u0161tenje UPIS OCENA OCENE DELA ISPITA AGRARNA POLITIKA_JANUARSKI ROK UPIS OCENA januar 2024 Osnove ekonomije sa agrarnom politikom &#8211; Fitomedicina, \u0161kolska 2023 2024, kona\u010dne ocene Ocene iz dela ispita AGRARNA POLITIKA_Studijski program Fitomedicina Ocene iz dela ispita AGRARNA POLITIKA_Studijski programi VVH, RP, AP, OP Osnove ekonomije sa agrarnom politikom &#8211; Organska poljoprivreda, \u0161kolska 2023 2024, kona\u010dne ocene Osnove ekonomije sa agrarnom politikom &#8211; Vo\u0107arstvo, vinogradarstvo i hortikultura, \u0161kolska 2023 2024, kona\u010dne ocene Osnove ekonomije sa agrarnom politikom &#8211; Animalna proizvodnja,&hellip;<\/p>\n","protected":false},"author":1,"featured_media":0,"parent":0,"menu_order":0,"comment_status":"closed","ping_status":"closed","template":"","meta":{"footnotes":""},"class_list":["post-1850","page","type-page","status-publish","hentry"],"_links":{"self":[{"href":"http:\/\/ae.polj.uns.ac.rs\/index.php\/wp-json\/wp\/v2\/pages\/1850","targetHints":{"allow":["GET"]}}],"collection":[{"href":"http:\/\/ae.polj.uns.ac.rs\/index.php\/wp-json\/wp\/v2\/pages"}],"about":[{"href":"http:\/\/ae.polj.uns.ac.rs\/index.php\/wp-json\/wp\/v2\/types\/page"}],"author":[{"embeddable":true,"href":"http:\/\/ae.polj.uns.ac.rs\/index.php\/wp-json\/wp\/v2\/users\/1"}],"replies":[{"embeddable":true,"href":"http:\/\/ae.polj.uns.ac.rs\/index.php\/wp-json\/wp\/v2\/comments?post=1850"}],"version-history":[{"count":67,"href":"http:\/\/ae.polj.uns.ac.rs\/index.php\/wp-json\/wp\/v2\/pages\/1850\/revisions"}],"predecessor-version":[{"id":12949,"href":"http:\/\/ae.polj.uns.ac.rs\/index.php\/wp-json\/wp\/v2\/pages\/1850\/revisions\/12949"}],"wp:attachment":[{"href":"http:\/\/ae.polj.uns.ac.rs\/index.php\/wp-json\/wp\/v2\/media?parent=1850"}],"curies":[{"name":"wp","href":"https:\/\/api.w.org\/{rel}","templated":true}]}}