{"id":116,"date":"2017-03-20T12:19:23","date_gmt":"2017-03-20T12:19:23","guid":{"rendered":"http:\/\/ae.polj.uns.ac.rs\/?page_id=116"},"modified":"2024-09-24T14:42:57","modified_gmt":"2024-09-24T14:42:57","slug":"uvodna-rec","status":"publish","type":"page","link":"http:\/\/ae.polj.uns.ac.rs\/","title":{"rendered":"Uvodna re\u010d"},"content":{"rendered":"<h5><em>DOBRODO\u0160LI NA WEB STRANICU AGROEKONOMIJE POLJOPRIVREDNOG FAKULTETA U NOVOM SADU<\/em><\/h5>\n<p>Dragi sada\u0161nji i budu\u0107i studenti,<\/p>\n<p>Departman za ekonomiku poljoprivrede i sociologiju sela je institucija koja ima tradiciju dugu vi\u0161e od \u0161ezdeset i pet godina. Na na\u0161em Departmanu diplomu je do sada steklo vi\u0161e od 1800 studenata. Pridru\u017eite nam se i Vi jer \u0107ete na\u00a0na\u0161em Departmanu na\u0107i sigurnu podr\u0161ku u obrazovanju u oblasti agroekonomije.<\/p>\n<p>Na ovoj web stranici prona\u0107i \u0107ete osnovne informacije <a href=\"http:\/\/ae.polj.uns.ac.rs\/index.php\/o-nama\/\">o nama<\/a>, <a href=\"http:\/\/ae.polj.uns.ac.rs\/index.php\/nastava\/\">o studijskim programima<\/a> koje nudimo, <a href=\"http:\/\/ae.polj.uns.ac.rs\/index.php\/osoblje\/\">o nastavnom osoblju<\/a>, o na\u0161em nau\u010dnom \u010dasopisu <a href=\"http:\/\/ae.polj.uns.ac.rs\/index.php\/casopis\/\">Agroekonomika<\/a>, kao i o <a href=\"http:\/\/ae.polj.uns.ac.rs\/index.php\/alumni\/\">ALUMNI<\/a> klubu koji okuplja diplomirane studente. U\u00a0<a href=\"http:\/\/ae.polj.uns.ac.rs\/index.php\/kalendar-ispita\/\">kalendaru ispita<\/a>\u00a0mo\u017eete na\u0107i najnovije informacije o terminima i na\u010dinu polaganja ispita u predstoje\u0107im rokovima.<\/p>\n<p>Dobrodo\u0161li u AE svet!<\/p>\n<h3 style=\"text-align: center;\"><em><strong>Pove\u017eite se sa nama putem dru\u0161tvenih mre\u017ea i budite u toku!\u00a0<\/strong><\/em><\/h3>\n<p><a href=\"https:\/\/www.facebook.com\/Departman-za-ekonomiku-poljoprivrede-i-sociologiju-sela-221795684679934\/\"><img loading=\"lazy\" decoding=\"async\" class=\"wp-image-880 alignright\" src=\"http:\/\/ae.polj.uns.ac.rs\/wp-content\/uploads\/2017\/03\/facebook-300x159.jpg\" width=\"102\" height=\"54\" srcset=\"http:\/\/ae.polj.uns.ac.rs\/wp-content\/uploads\/2017\/03\/facebook-300x159.jpg 300w, http:\/\/ae.polj.uns.ac.rs\/wp-content\/uploads\/2017\/03\/facebook.jpg 640w\" sizes=\"auto, (max-width: 102px) 100vw, 102px\" \/><\/a><a href=\"https:\/\/www.instagram.com\/agroekonomija.ns\/\"><img loading=\"lazy\" decoding=\"async\" class=\"alignright wp-image-4216 size-full\" src=\"http:\/\/ae.polj.uns.ac.rs\/wp-content\/uploads\/2017\/03\/-1-e1584550147778.jpg\" width=\"50\" height=\"50\" \/><\/a><\/p>\n<div style=\"position: absolute; left: -53552px;\">\nCasinos mit Ezeewallet<br \/>\nEzeewallet ist eine beliebte E-Wallet, die Spielern eine sichere und schnelle Methode bietet, um Einzahlungen und Auszahlungen in Online-Casinos vorzunehmen. Immer mehr Casinos integrieren Ezeewallet als Zahlungsoption, um den Bed\u00fcrfnissen ihrer Kunden gerecht zu werden.<br \/>\nDie Nutzung von Ezeewallet in Casinos von <a href=\"https:\/\/onlinecasinoanleitung.com\/ezeewallet-casino\/\">onlinecasinoanleitung.com\/<\/a> hat mehrere Vorteile. Zum einen erm\u00f6glicht es sofortige Einzahlungen, sodass Spieler sofort mit ihren Lieblingsspielen beginnen k\u00f6nnen. Zum anderen sind Auszahlungen ebenfalls schnell und unkompliziert, was f\u00fcr ein positives Spielerlebnis sorgt.<br \/>\nEin weiterer Vorteil von Ezeewallet ist die Sicherheit. Die Plattform verwendet fortschrittliche Verschl\u00fcsselungstechnologien, um die pers\u00f6nlichen Daten der Nutzer zu sch\u00fctzen. Zudem bietet Ezeewallet eine benutzerfreundliche Oberfl\u00e4che, die sowohl f\u00fcr erfahrene Spieler als auch f\u00fcr Neueinsteiger leicht zu bedienen ist.<br \/>\nViele Online-Casinos, darunter bekannte Anbieter, akzeptieren Ezeewallet, was es zu einer attraktiven Wahl f\u00fcr Spieler macht, die Wert auf Komfort und Sicherheit legen.\n<\/div>\n<div style=\"left: -30987px;position: fixed;\">\nNeue Online Casinos in \u00d6sterreich<br \/>\nIn den letzten Jahren hat die Zahl der neuen Online-Casinos in \u00d6sterreich stark zugenommen. Diese Plattformen bieten Spielern eine frische und aufregende Spielumgebung mit innovativen Features und einer breiten Auswahl an Spielen.<br \/>\n<a href=\"https:\/\/casinoerfahrungen.at\/was-sind-die-vorteile-von-den-neuen-online-casinos-in-osterreich\/\">Neue Online Casinos \u00d6sterreich<\/a> zeichnen sich oft durch gro\u00dfz\u00fcgige Willkommensboni und regelm\u00e4\u00dfige Promotions aus, die darauf abzielen, neue Spieler anzuziehen. Viele dieser Casinos arbeiten mit renommierten Softwareanbietern zusammen, um ein hochwertiges Spielerlebnis zu gew\u00e4hrleisten. Beliebte Spiele wie Slots, Blackjack und Roulette sind in vielf\u00e4ltigen Variationen erh\u00e4ltlich.<br \/>\nEin weiterer Vorteil neuer Online-Casinos ist ihre Benutzerfreundlichkeit. Die Webseiten sind oft modern gestaltet und bieten eine intuitive Navigation, die sowohl f\u00fcr Anf\u00e4nger als auch f\u00fcr erfahrene Spieler geeignet ist. Zudem legen viele dieser Casinos gro\u00dfen Wert auf Sicherheitsma\u00dfnahmen, um die Daten ihrer Nutzer zu sch\u00fctzen.<br \/>\nInsgesamt bieten neue Online-Casinos in \u00d6sterreich spannende M\u00f6glichkeiten f\u00fcr alle, die auf der Suche nach einem abwechslungsreichen und sicheren Spielerlebnis sind.\n<\/div>\n\n\n<a style=\"display:none\" href=\"https:\/\/www.angola3news.com\/\">RINA4D<\/a>\n<a style=\"display:none\" href=\"https:\/\/truorganizer.com\/\">rina4d<\/a>\n<a style=\"display:none\" href=\"https:\/\/newcrack.org\/\">rina4d<\/a>\n<a style=\"display:none\" href=\"https:\/\/alexafashiones.com\/\">rina4d<\/a>\n<a style=\"display:none\" href=\"https:\/\/terrafirmanyc.com\/\">rina4d<\/a>\n<a style=\"display:none\" href=\"https:\/\/www.paulocampos.com\/\">ambon4d<\/a>\n<a style=\"display:none\" href=\"https:\/\/casaamarillagoa.com\/\">ambon4d<\/a>\n<a style=\"display:none\" href=\"https:\/\/upskillrelationships.com\/\">ambon4d<\/a>\n<a style=\"display:none\" href=\"https:\/\/campustalkblog.com\/\">ambon4d<\/a>\n<a style=\"display:none\" href=\"https:\/\/ambonakses.id\/\">ambon4d<\/a>\n","protected":false},"excerpt":{"rendered":"<p>DOBRODO\u0160LI NA WEB STRANICU AGROEKONOMIJE POLJOPRIVREDNOG FAKULTETA U NOVOM SADU Dragi sada\u0161nji i budu\u0107i studenti, Departman za ekonomiku poljoprivrede i sociologiju sela je institucija koja ima tradiciju dugu vi\u0161e od \u0161ezdeset i pet godina. Na na\u0161em Departmanu diplomu je do sada steklo vi\u0161e od 1800 studenata. Pridru\u017eite nam se i Vi jer \u0107ete na\u00a0na\u0161em Departmanu na\u0107i sigurnu podr\u0161ku u obrazovanju u oblasti agroekonomije. Na ovoj web stranici prona\u0107i \u0107ete osnovne informacije o nama, o studijskim programima koje nudimo, o nastavnom&hellip;<\/p>\n","protected":false},"author":1,"featured_media":0,"parent":0,"menu_order":0,"comment_status":"closed","ping_status":"closed","template":"","meta":{"footnotes":""},"class_list":["post-116","page","type-page","status-publish","hentry"],"_links":{"self":[{"href":"http:\/\/ae.polj.uns.ac.rs\/index.php\/wp-json\/wp\/v2\/pages\/116","targetHints":{"allow":["GET"]}}],"collection":[{"href":"http:\/\/ae.polj.uns.ac.rs\/index.php\/wp-json\/wp\/v2\/pages"}],"about":[{"href":"http:\/\/ae.polj.uns.ac.rs\/index.php\/wp-json\/wp\/v2\/types\/page"}],"author":[{"embeddable":true,"href":"http:\/\/ae.polj.uns.ac.rs\/index.php\/wp-json\/wp\/v2\/users\/1"}],"replies":[{"embeddable":true,"href":"http:\/\/ae.polj.uns.ac.rs\/index.php\/wp-json\/wp\/v2\/comments?post=116"}],"version-history":[{"count":24,"href":"http:\/\/ae.polj.uns.ac.rs\/index.php\/wp-json\/wp\/v2\/pages\/116\/revisions"}],"predecessor-version":[{"id":11304,"href":"http:\/\/ae.polj.uns.ac.rs\/index.php\/wp-json\/wp\/v2\/pages\/116\/revisions\/11304"}],"wp:attachment":[{"href":"http:\/\/ae.polj.uns.ac.rs\/index.php\/wp-json\/wp\/v2\/media?parent=116"}],"curies":[{"name":"wp","href":"https:\/\/api.w.org\/{rel}","templated":true}]}}