{"id":10563,"date":"2023-12-13T09:42:33","date_gmt":"2023-12-13T09:42:33","guid":{"rendered":"http:\/\/ae.polj.uns.ac.rs\/?page_id=10563"},"modified":"2026-04-07T13:48:18","modified_gmt":"2026-04-07T13:48:18","slug":"agromenadzment-2","status":"publish","type":"page","link":"http:\/\/ae.polj.uns.ac.rs\/index.php\/agromenadzment-2\/","title":{"rendered":"AGROMENAD\u017dMENT"},"content":{"rendered":"<p><a href=\"http:\/\/ae.polj.uns.ac.rs\/wp-content\/uploads\/2026\/04\/Agromenadzment-test-APRIL-2026.pdf\">Agromenad\u017ement test APRIL 2026<\/a><\/p>\n<p><a href=\"http:\/\/ae.polj.uns.ac.rs\/wp-content\/uploads\/2026\/03\/Agromenadzment-test-februar-2026.pdf\">Agromenad\u017ement test februar 2026<\/a><\/p>\n<p><a href=\"http:\/\/ae.polj.uns.ac.rs\/wp-content\/uploads\/2026\/03\/Rezultati-testa-Agromenadzment-2025-2026.docx\">Rezultati testa Agromenad\u017ement januar 2026<\/a><\/p>\n<p><a href=\"http:\/\/ae.polj.uns.ac.rs\/wp-content\/uploads\/2024\/11\/Novembar-2024-AM.pdf\">Novembar 2024 AM<\/a><\/p>\n<p><a href=\"http:\/\/ae.polj.uns.ac.rs\/wp-content\/uploads\/2024\/10\/\u043e\u043a\u0442\u043e\u0431\u0430\u0440-4-2024.pdf\">\u043e\u043a\u0442\u043e\u0431\u0430\u0440 4 2024<\/a><\/p>\n<p><a href=\"http:\/\/ae.polj.uns.ac.rs\/wp-content\/uploads\/2023\/12\/JAN-2-2024-AGROMENAD\u017dMENT.pdf\">JAN 2 2024 AGROMENAD\u017dMENT<\/a><\/p>\n<p><a href=\"http:\/\/ae.polj.uns.ac.rs\/wp-content\/uploads\/2023\/12\/Rezultati-Agromenad\u017ement-18.1.2024..pdf\">Rezultati-Agromenad\u017ement-18.1.2024.<\/a><\/p>\n<p><a href=\"http:\/\/ae.polj.uns.ac.rs\/wp-content\/uploads\/2023\/12\/Rezultati-Agromenad\u017ement-26.12.2023..pdf\">Rezultati-Agromenad\u017ement 26.12.2023.<\/a><\/p>\n<p><a href=\"http:\/\/ae.polj.uns.ac.rs\/wp-content\/uploads\/2023\/12\/Rezultati-testa-Agromenad\u017ement-\u0161kolska-8.12.2023..pdf\">Rezultati testa Agromenad\u017ement\u00a0 8.12.2023.<\/a><\/p>\n","protected":false},"excerpt":{"rendered":"<p>Agromenad\u017ement test APRIL 2026 Agromenad\u017ement test februar 2026 Rezultati testa Agromenad\u017ement januar 2026 Novembar 2024 AM \u043e\u043a\u0442\u043e\u0431\u0430\u0440 4 2024 JAN 2 2024 AGROMENAD\u017dMENT Rezultati-Agromenad\u017ement-18.1.2024. Rezultati-Agromenad\u017ement 26.12.2023. Rezultati testa Agromenad\u017ement\u00a0 8.12.2023.<\/p>\n","protected":false},"author":1,"featured_media":0,"parent":0,"menu_order":0,"comment_status":"closed","ping_status":"closed","template":"","meta":{"footnotes":""},"class_list":["post-10563","page","type-page","status-publish","hentry"],"_links":{"self":[{"href":"http:\/\/ae.polj.uns.ac.rs\/index.php\/wp-json\/wp\/v2\/pages\/10563","targetHints":{"allow":["GET"]}}],"collection":[{"href":"http:\/\/ae.polj.uns.ac.rs\/index.php\/wp-json\/wp\/v2\/pages"}],"about":[{"href":"http:\/\/ae.polj.uns.ac.rs\/index.php\/wp-json\/wp\/v2\/types\/page"}],"author":[{"embeddable":true,"href":"http:\/\/ae.polj.uns.ac.rs\/index.php\/wp-json\/wp\/v2\/users\/1"}],"replies":[{"embeddable":true,"href":"http:\/\/ae.polj.uns.ac.rs\/index.php\/wp-json\/wp\/v2\/comments?post=10563"}],"version-history":[{"count":15,"href":"http:\/\/ae.polj.uns.ac.rs\/index.php\/wp-json\/wp\/v2\/pages\/10563\/revisions"}],"predecessor-version":[{"id":13246,"href":"http:\/\/ae.polj.uns.ac.rs\/index.php\/wp-json\/wp\/v2\/pages\/10563\/revisions\/13246"}],"wp:attachment":[{"href":"http:\/\/ae.polj.uns.ac.rs\/index.php\/wp-json\/wp\/v2\/media?parent=10563"}],"curies":[{"name":"wp","href":"https:\/\/api.w.org\/{rel}","templated":true}]}}